{"id":20195,"date":"2025-07-27T16:31:06","date_gmt":"2025-07-27T14:31:06","guid":{"rendered":"https:\/\/hisareurope.com\/cultuurreizenlijst\/"},"modified":"2025-09-16T22:31:13","modified_gmt":"2025-09-16T20:31:13","slug":"lijst-van-cultuurreizen","status":"publish","type":"page","link":"https:\/\/hisareurope.com\/nl\/lijst-van-cultuurreizen\/","title":{"rendered":"LIJST VAN CULTUURREIZEN"},"content":{"rendered":"<style>.elementor-20195 .elementor-element.elementor-element-4c9e5f8{--display:flex;--flex-direction:column;--container-widget-width:100%;--container-widget-height:initial;--container-widget-flex-grow:0;--container-widget-align-self:initial;--flex-wrap-mobile:wrap;--padding-top:50px;--padding-bottom:50px;--padding-left:50px;--padding-right:50px;}.elementor-widget-heading .elementor-heading-title{font-family:var( --e-global-typography-primary-font-family ), Sans-serif;font-weight:var( --e-global-typography-primary-font-weight );color:var( --e-global-color-primary );}.elementor-20195 .elementor-element.elementor-element-2a3539b .elementor-heading-title{font-family:\"Poppins\", Sans-serif;font-size:36px;font-weight:700;}<\/style>\t\t<div data-elementor-type=\"wp-page\" data-elementor-id=\"20195\" class=\"elementor elementor-20195 elementor-20043\" data-elementor-post-type=\"page\">\n\t\t\t\t<div class=\"elementor-element elementor-element-4c9e5f8 e-con-full e-flex e-con e-parent\" data-id=\"4c9e5f8\" data-element_type=\"container\">\n\t\t\t\t<div class=\"elementor-element elementor-element-2a3539b elementor-widget elementor-widget-heading\" data-id=\"2a3539b\" data-element_type=\"widget\" data-widget_type=\"heading.default\">\n\t\t\t\t<div class=\"elementor-widget-container\">\n\t\t\t\t\t<h1 class=\"elementor-heading-title elementor-size-default\">Alle onze cultuurreizen<\/h1>\t\t\t\t<\/div>\n\t\t\t\t<\/div>\n\t\t\t\t<div class=\"elementor-element elementor-element-a1b652c elementor-widget elementor-widget-shortcode\" data-id=\"a1b652c\" data-element_type=\"widget\" data-widget_type=\"shortcode.default\">\n\t\t\t\t<div class=\"elementor-widget-container\">\n\t\t\t\t\t\t\t<div class=\"elementor-shortcode\"><div class=\"ots-europe-wrapper\">\n  <div class=\"container-fluid kultur-turlari-liste\">\n    <div class=\"row mb-2 p-md-3 p-0\">\n      <div class=\"col p-0 filtre\" style=\"border: 1px solid #ccc; border-right: 0;\">\n        <div class=\"input-group w-100\">\n          <div class=\"input-group-text border-0 bg-white\" style=\"width: 46px; border-radius: 0\">\n            <img decoding=\"async\" src=\"https:\/\/hisareurope.com\/wp-content\/plugins\/ots-europe\/assets\/img\/paket-icon.svg\" style=\"width: 22px;\" alt=\"\" title=\"\">\n          <\/div>\n          <div class=\"form-floating\" style=\"width:calc(100% - 45px)\">\n            <select name=\"destinasyon\" id=\"destinasyon-ots_europe69de2512dcded\" class=\"form-control form-select border-0 select2\">\n              <option value=\"0\">Alle bestemmingen<\/option>\n              <option value=\"kudus\">Al-Aqsa Reizen<\/option>\n              <option value=\"bosna\">Bosni\u00eb Reizen<\/option>\n              <option value=\"buyuk-balkan\">Grote Balkan Reizen<\/option>\n              <option value=\"endulus\">Spanje - Andalusi\u00eb Reizen<\/option>\n              <option value=\"kudus-urdun\">Al-Aqsa-Jordani\u00eb Reizen<\/option>\n              <option value=\"hindistan\">India Reizen<\/option>\n              <option value=\"ozbekistan\">Oezbekistan Reizen<\/option>\n              <option value=\"misir\">Egypte Reizen<\/option>\n              <option value=\"fas\">Marokko Reizen<\/option>\n              <option value=\"irak\">Irak Reizen<\/option>\n              <option value=\"iran\">Iran Reizen<\/option>\n              <option value=\"tunus\">Tunesi\u00eb Reizen<\/option>\n              <option value=\"kudus-urdun-umre\">Al-Aqsa-Jordani\u00eb Umrah Reizen<\/option>\n            <\/select>\n            <label for=\"destinasyon-ots_europe69de2512dcded\">Bestemmingsnaam<\/label>\n          <\/div>\n        <\/div>\n      <\/div>\n      <div class=\"col p-0 filtre\" style=\"border: 1px solid #ccc;\">\n        <div class=\"input-group w-100\">\n          <div class=\"input-group-text border-0 bg-white\" style=\"width: 46px; border-radius: 0\">\n            <img decoding=\"async\" src=\"https:\/\/hisareurope.com\/wp-content\/plugins\/ots-europe\/assets\/img\/ay-icon.svg\" style=\"width: 22px;\" alt=\"\" title=\"\">\n          <\/div>\n          <div class=\"form-floating\" style=\"width:calc(100% - 45px)\">\n            <select name=\"aylar\" id=\"aylar-ots_europe69de2512dcded\" class=\"form-control form-select border-0 select2\">\n              <option value=\"0\">Alle maanden<\/option>\n              <option value=\"ocak\">Januari<\/option>\n              <option value=\"subat\">Februari<\/option>\n              <option value=\"mart\">Maart<\/option>\n              <option value=\"nisan\">April<\/option>\n              <option value=\"mayis\">Mei<\/option>\n              <option value=\"haziran\">Juni<\/option>\n              <option value=\"temmuz\">Juli<\/option>\n              <option value=\"agustos\">Augustus<\/option>\n              <option value=\"eylul\">September<\/option>\n              <option value=\"ekim\">Oktober<\/option>\n              <option value=\"kasim\">November<\/option>\n              <option value=\"aralik\">December<\/option>\n            <\/select>\n            <label for=\"aylar-ots_europe69de2512dcded\">Maand<\/label>\n          <\/div>\n        <\/div>\n      <\/div>\n    <\/div>\n\n    <div class=\"row p-0 kultur-turlar\">\n               \n            <div class=\"col-md-6 col-12 p-0 p-md-2 mt-3 tur ay-nisan dest-ozbekistan\">\n        <div class=\"row align-content-center border br-10 p-2 ms-1 me-1\">\n          <div class=\"col-md-3 p-0 d-flex justify-content-center align-items-center\">\n              <img decoding=\"async\" src=\"https:\/\/hisareurope.com\/wp-content\/plugins\/ots-europe\/assets\/img\/ozbekistan.png\" alt=\"\u00d6ZBEK\u0130STAN\" class=\"img-fluid br-20\" title=\"\">\n          <\/div>\n          <div class=\"col-md-6 align-content-center fs-14\">\n            <div class=\"fs-18 fw-700\">N\u0130SAN - \u00d6ZBEK\u0130STAN TURU - <small class='fs-12 fw-300'>(K-684)<\/small><\/div>\n            <br>\n\n            <div class=\"mb-2\"><img decoding=\"async\" src=\"https:\/\/hisareurope.com\/wp-content\/plugins\/ots-europe\/assets\/img\/tarih.svg\" alt=\"Data\" class=\"me-2\" title=\"\">23.04.2026 - 30.04.2026<\/div>\n            <div class=\"mb-2\"><img decoding=\"async\" src=\"https:\/\/hisareurope.com\/wp-content\/plugins\/ots-europe\/assets\/img\/gidis.svg\" alt=\"Heenreis\" class=\"me-2\" title=\"\">ISTANBUL - \u00dcRGENC<\/div>\n            <div class=\"mb-2\"><img decoding=\"async\" src=\"https:\/\/hisareurope.com\/wp-content\/plugins\/ots-europe\/assets\/img\/donus.svg\" alt=\"Terugreis\" class=\"me-2\" title=\"\">TASKENT - ISTANBUL<\/div>\n            \n            <div><img decoding=\"async\" src=\"https:\/\/hisareurope.com\/wp-content\/plugins\/ots-europe\/assets\/img\/gece.svg\" alt=\"Nachten\" class=\"me-2\" title=\"\">6 Nachten <img decoding=\"async\" src=\"https:\/\/hisareurope.com\/wp-content\/plugins\/ots-europe\/assets\/img\/gunduz.svg\" alt=\"Dagen\" class=\"me-2\" title=\"\">7 Dagen<\/div>\n          <\/div>\n          <div class=\"col-md-3 align-content-center\">\n            <div><span class=\"fs-24 fw-600\">\u20ac 1.450<\/span><\/div>\n            <div class=\"d-flex align-items-center mt-2\">\n                            <a href=\"https:\/\/api.whatsapp.com\/send?phone=4922174740022&amp;text=Hallo N\u0130SAN \u00d6ZBEK\u0130STAN TURU( K-684) Ik wil informatie over de reis.\" class=\"btn br-10 ps-3 pe-3 pt-2 pb-2 text-white\" target=\"_blank\" style=\"background: #2DB742;\" rel=\"noopener\">\n                <i class=\"fa-brands fa-whatsapp fs-16 ln-12\"><\/i>\n                <span class=\"fs-12\">Informatie aanvragen<\/span>\n              <\/a>  \n            <\/div>\n          <\/div>\n        <\/div>\n      <\/div>\n         \n            <div class=\"col-md-6 col-12 p-0 p-md-2 mt-3 tur ay-nisan dest-buyuk-balkan\">\n        <div class=\"row align-content-center border br-10 p-2 ms-1 me-1\">\n          <div class=\"col-md-3 p-0 d-flex justify-content-center align-items-center\">\n              <img decoding=\"async\" src=\"https:\/\/hisareurope.com\/wp-content\/plugins\/ots-europe\/assets\/img\/buyuk-balkan.png\" alt=\"B\u00dcY\u00dcK BALKAN\" class=\"img-fluid br-20\" title=\"\">\n          <\/div>\n          <div class=\"col-md-6 align-content-center fs-14\">\n            <div class=\"fs-18 fw-700\">N\u0130SAN - B\u00dcY\u00dcK BALKAN TURU - <small class='fs-12 fw-300'>(K-689)<\/small><\/div>\n            <br>\n\n            <div class=\"mb-2\"><img decoding=\"async\" src=\"https:\/\/hisareurope.com\/wp-content\/plugins\/ots-europe\/assets\/img\/tarih.svg\" alt=\"Data\" class=\"me-2\" title=\"\">24.04.2026 - 30.04.2026<\/div>\n            <div class=\"mb-2\"><img decoding=\"async\" src=\"https:\/\/hisareurope.com\/wp-content\/plugins\/ots-europe\/assets\/img\/gidis.svg\" alt=\"Heenreis\" class=\"me-2\" title=\"\">ISTANBUL - PRISTINA<\/div>\n            <div class=\"mb-2\"><img decoding=\"async\" src=\"https:\/\/hisareurope.com\/wp-content\/plugins\/ots-europe\/assets\/img\/donus.svg\" alt=\"Terugreis\" class=\"me-2\" title=\"\">SARAYBOSNA - ISTANBUL<\/div>\n            \n            <div><img decoding=\"async\" src=\"https:\/\/hisareurope.com\/wp-content\/plugins\/ots-europe\/assets\/img\/gece.svg\" alt=\"Nachten\" class=\"me-2\" title=\"\">6 Nachten <img decoding=\"async\" src=\"https:\/\/hisareurope.com\/wp-content\/plugins\/ots-europe\/assets\/img\/gunduz.svg\" alt=\"Dagen\" class=\"me-2\" title=\"\">7 Dagen<\/div>\n          <\/div>\n          <div class=\"col-md-3 align-content-center\">\n            <div><span class=\"fs-24 fw-600\">\u20ac 1.090<\/span><\/div>\n            <div class=\"d-flex align-items-center mt-2\">\n                            <a href=\"https:\/\/api.whatsapp.com\/send?phone=4922174740022&amp;text=Hallo N\u0130SAN B\u00dcY\u00dcK BALKAN TURU( K-689) Ik wil informatie over de reis.\" class=\"btn br-10 ps-3 pe-3 pt-2 pb-2 text-white\" target=\"_blank\" style=\"background: #2DB742;\" rel=\"noopener\">\n                <i class=\"fa-brands fa-whatsapp fs-16 ln-12\"><\/i>\n                <span class=\"fs-12\">Informatie aanvragen<\/span>\n              <\/a>  \n            <\/div>\n          <\/div>\n        <\/div>\n      <\/div>\n         \n            <div class=\"col-md-6 col-12 p-0 p-md-2 mt-3 tur ay-mayis dest-ozbekistan\">\n        <div class=\"row align-content-center border br-10 p-2 ms-1 me-1\">\n          <div class=\"col-md-3 p-0 d-flex justify-content-center align-items-center\">\n              <img decoding=\"async\" src=\"https:\/\/hisareurope.com\/wp-content\/plugins\/ots-europe\/assets\/img\/ozbekistan.png\" alt=\"\u00d6ZBEK\u0130STAN\" class=\"img-fluid br-20\" title=\"\">\n          <\/div>\n          <div class=\"col-md-6 align-content-center fs-14\">\n            <div class=\"fs-18 fw-700\">MAYIS - \u00d6ZBEK\u0130STAN TURU - <small class='fs-12 fw-300'>(K-688)<\/small><\/div>\n            <br>\n\n            <div class=\"mb-2\"><img decoding=\"async\" src=\"https:\/\/hisareurope.com\/wp-content\/plugins\/ots-europe\/assets\/img\/tarih.svg\" alt=\"Data\" class=\"me-2\" title=\"\">30.04.2026 - 06.05.2026<\/div>\n            <div class=\"mb-2\"><img decoding=\"async\" src=\"https:\/\/hisareurope.com\/wp-content\/plugins\/ots-europe\/assets\/img\/gidis.svg\" alt=\"Heenreis\" class=\"me-2\" title=\"\">ISTANBUL - BUHARA<\/div>\n            <div class=\"mb-2\"><img decoding=\"async\" src=\"https:\/\/hisareurope.com\/wp-content\/plugins\/ots-europe\/assets\/img\/donus.svg\" alt=\"Terugreis\" class=\"me-2\" title=\"\">TASKENT - ISTANBUL<\/div>\n            \n            <div><img decoding=\"async\" src=\"https:\/\/hisareurope.com\/wp-content\/plugins\/ots-europe\/assets\/img\/gece.svg\" alt=\"Nachten\" class=\"me-2\" title=\"\">7 Nachten <img decoding=\"async\" src=\"https:\/\/hisareurope.com\/wp-content\/plugins\/ots-europe\/assets\/img\/gunduz.svg\" alt=\"Dagen\" class=\"me-2\" title=\"\">8 Dagen<\/div>\n          <\/div>\n          <div class=\"col-md-3 align-content-center\">\n            <div><span class=\"fs-24 fw-600\">\u20ac 1.350<\/span><\/div>\n            <div class=\"d-flex align-items-center mt-2\">\n                            <a href=\"https:\/\/api.whatsapp.com\/send?phone=4922174740022&amp;text=Hallo MAYIS \u00d6ZBEK\u0130STAN TURU( K-688) Ik wil informatie over de reis.\" class=\"btn br-10 ps-3 pe-3 pt-2 pb-2 text-white\" target=\"_blank\" style=\"background: #2DB742;\" rel=\"noopener\">\n                <i class=\"fa-brands fa-whatsapp fs-16 ln-12\"><\/i>\n                <span class=\"fs-12\">Informatie aanvragen<\/span>\n              <\/a>  \n            <\/div>\n          <\/div>\n        <\/div>\n      <\/div>\n         \n            <div class=\"col-md-6 col-12 p-0 p-md-2 mt-3 tur ay-mayis dest-endulus\">\n        <div class=\"row align-content-center border br-10 p-2 ms-1 me-1\">\n          <div class=\"col-md-3 p-0 d-flex justify-content-center align-items-center\">\n              <img decoding=\"async\" src=\"https:\/\/hisareurope.com\/wp-content\/plugins\/ots-europe\/assets\/img\/endulus.png\" alt=\"END\u00dcL\u00dcS\" class=\"img-fluid br-20\" title=\"\">\n          <\/div>\n          <div class=\"col-md-6 align-content-center fs-14\">\n            <div class=\"fs-18 fw-700\">MAYIS - ISPANYA END\u00dcL\u00dcS TURU - <small class='fs-12 fw-300'>(K-686)<\/small><\/div>\n            <br>\n\n            <div class=\"mb-2\"><img decoding=\"async\" src=\"https:\/\/hisareurope.com\/wp-content\/plugins\/ots-europe\/assets\/img\/tarih.svg\" alt=\"Data\" class=\"me-2\" title=\"\">20.05.2026 - 23.05.2026<\/div>\n            <div class=\"mb-2\"><img decoding=\"async\" src=\"https:\/\/hisareurope.com\/wp-content\/plugins\/ots-europe\/assets\/img\/gidis.svg\" alt=\"Heenreis\" class=\"me-2\" title=\"\">D\u00dcSSELDORF - MALAGA<\/div>\n            <div class=\"mb-2\"><img decoding=\"async\" src=\"https:\/\/hisareurope.com\/wp-content\/plugins\/ots-europe\/assets\/img\/donus.svg\" alt=\"Terugreis\" class=\"me-2\" title=\"\">MALAGA - D\u00dcSSELDORF<\/div>\n            \n            <div><img decoding=\"async\" src=\"https:\/\/hisareurope.com\/wp-content\/plugins\/ots-europe\/assets\/img\/gece.svg\" alt=\"Nachten\" class=\"me-2\" title=\"\">3 Nachten <img decoding=\"async\" src=\"https:\/\/hisareurope.com\/wp-content\/plugins\/ots-europe\/assets\/img\/gunduz.svg\" alt=\"Dagen\" class=\"me-2\" title=\"\">4 Dagen<\/div>\n          <\/div>\n          <div class=\"col-md-3 align-content-center\">\n            <div><span class=\"fs-24 fw-600\">\u20ac 1.175<\/span><\/div>\n            <div class=\"d-flex align-items-center mt-2\">\n                            <a href=\"https:\/\/api.whatsapp.com\/send?phone=4922174740022&amp;text=Hallo MAYIS ISPANYA END\u00dcL\u00dcS TURU( K-686) Ik wil informatie over de reis.\" class=\"btn br-10 ps-3 pe-3 pt-2 pb-2 text-white\" target=\"_blank\" style=\"background: #2DB742;\" rel=\"noopener\">\n                <i class=\"fa-brands fa-whatsapp fs-16 ln-12\"><\/i>\n                <span class=\"fs-12\">Informatie aanvragen<\/span>\n              <\/a>  \n            <\/div>\n          <\/div>\n        <\/div>\n      <\/div>\n         \n            <div class=\"col-md-6 col-12 p-0 p-md-2 mt-3 tur ay-ekim dest-fas\">\n        <div class=\"row align-content-center border br-10 p-2 ms-1 me-1\">\n          <div class=\"col-md-3 p-0 d-flex justify-content-center align-items-center\">\n              <img decoding=\"async\" src=\"https:\/\/hisareurope.com\/wp-content\/plugins\/ots-europe\/assets\/img\/fas.png\" alt=\"FAS\" class=\"img-fluid br-20\" title=\"\">\n          <\/div>\n          <div class=\"col-md-6 align-content-center fs-14\">\n            <div class=\"fs-18 fw-700\">EK\u0130M - FAS TURU - <small class='fs-12 fw-300'>(K-677)<\/small><\/div>\n            <br>\n\n            <div class=\"mb-2\"><img decoding=\"async\" src=\"https:\/\/hisareurope.com\/wp-content\/plugins\/ots-europe\/assets\/img\/tarih.svg\" alt=\"Data\" class=\"me-2\" title=\"\">12.10.2026 - 17.10.2026<\/div>\n            <div class=\"mb-2\"><img decoding=\"async\" src=\"https:\/\/hisareurope.com\/wp-content\/plugins\/ots-europe\/assets\/img\/gidis.svg\" alt=\"Heenreis\" class=\"me-2\" title=\"\">\u0130STANBUL - KAZABLANKA <\/div>\n            <div class=\"mb-2\"><img decoding=\"async\" src=\"https:\/\/hisareurope.com\/wp-content\/plugins\/ots-europe\/assets\/img\/donus.svg\" alt=\"Terugreis\" class=\"me-2\" title=\"\">TANCA - \u0130STANBUL<\/div>\n            \n            <div><img decoding=\"async\" src=\"https:\/\/hisareurope.com\/wp-content\/plugins\/ots-europe\/assets\/img\/gece.svg\" alt=\"Nachten\" class=\"me-2\" title=\"\">5 Nachten <img decoding=\"async\" src=\"https:\/\/hisareurope.com\/wp-content\/plugins\/ots-europe\/assets\/img\/gunduz.svg\" alt=\"Dagen\" class=\"me-2\" title=\"\">6 Dagen<\/div>\n          <\/div>\n          <div class=\"col-md-3 align-content-center\">\n            <div><span class=\"fs-24 fw-600\">\u20ac 1.350<\/span><\/div>\n            <div class=\"d-flex align-items-center mt-2\">\n                            <a href=\"https:\/\/api.whatsapp.com\/send?phone=4922174740022&amp;text=Hallo EK\u0130M FAS TURU( K-677) Ik wil informatie over de reis.\" class=\"btn br-10 ps-3 pe-3 pt-2 pb-2 text-white\" target=\"_blank\" style=\"background: #2DB742;\" rel=\"noopener\">\n                <i class=\"fa-brands fa-whatsapp fs-16 ln-12\"><\/i>\n                <span class=\"fs-12\">Informatie aanvragen<\/span>\n              <\/a>  \n            <\/div>\n          <\/div>\n        <\/div>\n      <\/div>\n         \n            <div class=\"col-md-6 col-12 p-0 p-md-2 mt-3 tur ay-ekim dest-ozbekistan\">\n        <div class=\"row align-content-center border br-10 p-2 ms-1 me-1\">\n          <div class=\"col-md-3 p-0 d-flex justify-content-center align-items-center\">\n              <img decoding=\"async\" src=\"https:\/\/hisareurope.com\/wp-content\/plugins\/ots-europe\/assets\/img\/ozbekistan.png\" alt=\"\u00d6ZBEK\u0130STAN\" class=\"img-fluid br-20\" title=\"\">\n          <\/div>\n          <div class=\"col-md-6 align-content-center fs-14\">\n            <div class=\"fs-18 fw-700\">EK\u0130M - \u00d6ZBEK\u0130STAN TURU - <small class='fs-12 fw-300'>(K-690)<\/small><\/div>\n            <br>\n\n            <div class=\"mb-2\"><img decoding=\"async\" src=\"https:\/\/hisareurope.com\/wp-content\/plugins\/ots-europe\/assets\/img\/tarih.svg\" alt=\"Data\" class=\"me-2\" title=\"\">13.10.2026 - 20.10.2026<\/div>\n            <div class=\"mb-2\"><img decoding=\"async\" src=\"https:\/\/hisareurope.com\/wp-content\/plugins\/ots-europe\/assets\/img\/gidis.svg\" alt=\"Heenreis\" class=\"me-2\" title=\"\">ISTANBUL - \u00dcRGENC<\/div>\n            <div class=\"mb-2\"><img decoding=\"async\" src=\"https:\/\/hisareurope.com\/wp-content\/plugins\/ots-europe\/assets\/img\/donus.svg\" alt=\"Terugreis\" class=\"me-2\" title=\"\">BUHARA - ISTANBUL<\/div>\n            \n            <div><img decoding=\"async\" src=\"https:\/\/hisareurope.com\/wp-content\/plugins\/ots-europe\/assets\/img\/gece.svg\" alt=\"Nachten\" class=\"me-2\" title=\"\">7 Nachten <img decoding=\"async\" src=\"https:\/\/hisareurope.com\/wp-content\/plugins\/ots-europe\/assets\/img\/gunduz.svg\" alt=\"Dagen\" class=\"me-2\" title=\"\">8 Dagen<\/div>\n          <\/div>\n          <div class=\"col-md-3 align-content-center\">\n            <div><span class=\"fs-24 fw-600\">\u20ac 1.490<\/span><\/div>\n            <div class=\"d-flex align-items-center mt-2\">\n                            <a href=\"https:\/\/api.whatsapp.com\/send?phone=4922174740022&amp;text=Hallo EK\u0130M \u00d6ZBEK\u0130STAN TURU( K-690) Ik wil informatie over de reis.\" class=\"btn br-10 ps-3 pe-3 pt-2 pb-2 text-white\" target=\"_blank\" style=\"background: #2DB742;\" rel=\"noopener\">\n                <i class=\"fa-brands fa-whatsapp fs-16 ln-12\"><\/i>\n                <span class=\"fs-12\">Informatie aanvragen<\/span>\n              <\/a>  \n            <\/div>\n          <\/div>\n        <\/div>\n      <\/div>\n         \n         \n    <\/div>\n  <\/div>\n<\/div>\n<script>\n  jQuery(document).ready(function($) {\n    function filterTours() {\n        var destinasyon = $(\"#destinasyon-ots_europe69de2512dcded\").val();\n        var ay = $(\"#aylar-ots_europe69de2512dcded\").val();\n\n        var selector = \"\";\n        \n        \/\/ \u00d6nekleri JS taraf\u0131nda da ekliyoruz\n        if(ay != \"0\") {\n            selector += \".ay-\" + ay;\n        }\n        if(destinasyon != \"0\") {\n            selector += \".dest-\" + destinasyon;\n        }\n\n        if(selector === \"\") {\n            $('.kultur-turlar .tur').fadeIn(200);\n        } else {\n            $('.kultur-turlar .tur').hide(); \/\/ Hepsini gizle\n            $('.kultur-turlar .tur' + selector).fadeIn(200); \/\/ Sadece e\u015fle\u015feni g\u00f6ster\n        }\n    }\n\n    $(\".filtre select\").on('change', function() {\n        filterTours();\n    });\n    \n    \/\/ Sayfa a\u00e7\u0131l\u0131\u015f\u0131nda \u00e7al\u0131\u015ft\u0131r\n    filterTours();\n});\n<\/script><script>var OTS_EUROPE_NONCE = '503d5fa181'; var OTS_EUROPE_AJAX = 'https:\/\/hisareurope.com\/wp-admin\/admin-ajax.php';<\/script><\/div>\n\t\t\t\t\t\t<\/div>\n\t\t\t\t<\/div>\n\t\t\t\t<\/div>\n\t\t\t\t<\/div>\n\t\t","protected":false},"excerpt":{"rendered":"<p>Alle onze cultuurreizen<\/p>\n","protected":false},"author":12,"featured_media":0,"parent":0,"menu_order":0,"comment_status":"closed","ping_status":"closed","template":"elementor_header_footer","meta":{"_joinchat":[],"footnotes":""},"class_list":["post-20195","page","type-page","status-publish","hentry"],"_links":{"self":[{"href":"https:\/\/hisareurope.com\/nl\/wp-json\/wp\/v2\/pages\/20195","targetHints":{"allow":["GET"]}}],"collection":[{"href":"https:\/\/hisareurope.com\/nl\/wp-json\/wp\/v2\/pages"}],"about":[{"href":"https:\/\/hisareurope.com\/nl\/wp-json\/wp\/v2\/types\/page"}],"author":[{"embeddable":true,"href":"https:\/\/hisareurope.com\/nl\/wp-json\/wp\/v2\/users\/12"}],"replies":[{"embeddable":true,"href":"https:\/\/hisareurope.com\/nl\/wp-json\/wp\/v2\/comments?post=20195"}],"version-history":[{"count":3,"href":"https:\/\/hisareurope.com\/nl\/wp-json\/wp\/v2\/pages\/20195\/revisions"}],"predecessor-version":[{"id":21072,"href":"https:\/\/hisareurope.com\/nl\/wp-json\/wp\/v2\/pages\/20195\/revisions\/21072"}],"wp:attachment":[{"href":"https:\/\/hisareurope.com\/nl\/wp-json\/wp\/v2\/media?parent=20195"}],"curies":[{"name":"wp","href":"https:\/\/api.w.org\/{rel}","templated":true}]}}