{"id":12857,"date":"2024-09-10T13:49:51","date_gmt":"2024-09-10T11:49:51","guid":{"rendered":"https:\/\/hisareurope.com\/ramadan-i-sherif-umrah\/"},"modified":"2025-12-08T09:32:52","modified_gmt":"2025-12-08T08:32:52","slug":"ramadan-i-sherif-umrah","status":"publish","type":"page","link":"https:\/\/hisareurope.com\/nl\/ramadan-i-sherif-umrah\/","title":{"rendered":"RAMADAN UMRAH TOURS"},"content":{"rendered":"<style>.elementor-12857 .elementor-element.elementor-element-80b61f2{--display:flex;--flex-direction:column;--container-widget-width:100%;--container-widget-height:initial;--container-widget-flex-grow:0;--container-widget-align-self:initial;--flex-wrap-mobile:wrap;--margin-top:0px;--margin-bottom:0px;--margin-left:0px;--margin-right:0px;--padding-top:0px;--padding-bottom:0px;--padding-left:0px;--padding-right:0px;}.elementor-12857 .elementor-element.elementor-element-80b61f2:not(.elementor-motion-effects-element-type-background), .elementor-12857 .elementor-element.elementor-element-80b61f2 > .elementor-motion-effects-container > .elementor-motion-effects-layer{background-color:#FFFFFF;}.elementor-widget-image .widget-image-caption{color:var( --e-global-color-text );font-family:var( --e-global-typography-text-font-family ), Sans-serif;font-weight:var( --e-global-typography-text-font-weight );}.elementor-12857 .elementor-element.elementor-element-3a96876{--display:flex;--flex-direction:row;--container-widget-width:initial;--container-widget-height:100%;--container-widget-flex-grow:1;--container-widget-align-self:stretch;--flex-wrap-mobile:wrap;--margin-top:0px;--margin-bottom:0px;--margin-left:0px;--margin-right:0px;--padding-top:0px;--padding-bottom:0px;--padding-left:0px;--padding-right:0px;}.elementor-12857 .elementor-element.elementor-element-c2cb227{--display:flex;--justify-content:center;--align-items:center;--container-widget-width:calc( ( 1 - var( --container-widget-flex-grow ) ) * 100% );--gap:0px 0px;--row-gap:0px;--column-gap:0px;}.elementor-12857 .elementor-element.elementor-element-38d633a > .elementor-widget-container{margin:0px 0px 0px 0px;padding:0px 0px 0px 0px;}.elementor-12857 .elementor-element.elementor-element-38d633a{text-align:center;}.elementor-12857 .elementor-element.elementor-element-8f7e3fa{--display:flex;--flex-direction:column;--container-widget-width:100%;--container-widget-height:initial;--container-widget-flex-grow:0;--container-widget-align-self:initial;--flex-wrap-mobile:wrap;--margin-top:0px;--margin-bottom:25px;--margin-left:0px;--margin-right:0px;}.elementor-widget-text-editor{font-family:var( --e-global-typography-text-font-family ), Sans-serif;font-weight:var( --e-global-typography-text-font-weight );color:var( --e-global-color-text );}.elementor-widget-text-editor.elementor-drop-cap-view-stacked .elementor-drop-cap{background-color:var( --e-global-color-primary );}.elementor-widget-text-editor.elementor-drop-cap-view-framed .elementor-drop-cap, .elementor-widget-text-editor.elementor-drop-cap-view-default .elementor-drop-cap{color:var( --e-global-color-primary );border-color:var( --e-global-color-primary );}.elementor-12857 .elementor-element.elementor-element-3a029d6{text-align:center;font-family:\"Arial\", Sans-serif;font-size:20px;font-weight:500;line-height:2em;color:#257864;}.elementor-12857 .elementor-element.elementor-element-3798ec9{--display:flex;--flex-direction:column;--container-widget-width:100%;--container-widget-height:initial;--container-widget-flex-grow:0;--container-widget-align-self:initial;--flex-wrap-mobile:wrap;--margin-top:0px;--margin-bottom:0px;--margin-left:0px;--margin-right:0px;--padding-top:0px;--padding-bottom:0px;--padding-left:50px;--padding-right:50px;}.elementor-12857 .elementor-element.elementor-element-3798ec9.e-con{--flex-grow:0;--flex-shrink:0;}body:not(.rtl) .elementor-12857 .elementor-element.elementor-element-1e9e406{right:0px;}body.rtl .elementor-12857 .elementor-element.elementor-element-1e9e406{left:0px;}.elementor-12857 .elementor-element.elementor-element-1e9e406{top:0px;}.elementor-12857 .elementor-element.elementor-element-5cfc2f2{text-align:center;font-family:\"Arial\", Sans-serif;font-size:18px;font-weight:500;line-height:2em;color:#257864;}.elementor-12857 .elementor-element.elementor-element-f055fdf{--display:flex;--flex-direction:column;--container-widget-width:100%;--container-widget-height:initial;--container-widget-flex-grow:0;--container-widget-align-self:initial;--flex-wrap-mobile:wrap;--margin-top:0px;--margin-bottom:0px;--margin-left:0px;--margin-right:0px;--padding-top:0px;--padding-bottom:0px;--padding-left:50px;--padding-right:50px;}.elementor-12857 .elementor-element.elementor-element-f055fdf.e-con{--flex-grow:0;--flex-shrink:0;}body:not(.rtl) .elementor-12857 .elementor-element.elementor-element-34fc9dd{left:0px;}body.rtl .elementor-12857 .elementor-element.elementor-element-34fc9dd{right:0px;}.elementor-12857 .elementor-element.elementor-element-34fc9dd{bottom:0px;}.elementor-12857 .elementor-element.elementor-element-6bb3ae0{text-align:center;font-family:\"Arial\", Sans-serif;font-size:18px;font-weight:500;line-height:2em;color:#257864;}.elementor-12857 .elementor-element.elementor-element-bb9ce77{--display:flex;--flex-direction:column;--container-widget-width:100%;--container-widget-height:initial;--container-widget-flex-grow:0;--container-widget-align-self:initial;--flex-wrap-mobile:wrap;--margin-top:0px;--margin-bottom:0px;--margin-left:0px;--margin-right:0px;--padding-top:50px;--padding-bottom:50px;--padding-left:50px;--padding-right:50px;}.elementor-12857 .elementor-element.elementor-element-bb9ce77.e-con{--flex-grow:0;--flex-shrink:0;}body:not(.rtl) .elementor-12857 .elementor-element.elementor-element-145068f{left:0px;}body.rtl .elementor-12857 .elementor-element.elementor-element-145068f{right:0px;}.elementor-12857 .elementor-element.elementor-element-145068f{top:0px;}body:not(.rtl) .elementor-12857 .elementor-element.elementor-element-dc54bb4{right:0px;}body.rtl .elementor-12857 .elementor-element.elementor-element-dc54bb4{left:0px;}.elementor-12857 .elementor-element.elementor-element-dc54bb4{bottom:0px;}.elementor-12857 .elementor-element.elementor-element-a94ac14{text-align:center;font-family:\"Arial\", Sans-serif;font-size:18px;font-weight:500;line-height:2em;color:#257864;}@media(max-width:767px){.elementor-12857 .elementor-element.elementor-element-80b61f2{--margin-top:0px;--margin-bottom:0px;--margin-left:0px;--margin-right:0px;}.elementor-12857 .elementor-element.elementor-element-3a96876{--gap:0px 0px;--row-gap:0px;--column-gap:0px;--margin-top:0px;--margin-bottom:0px;--margin-left:0px;--margin-right:0px;}.elementor-12857 .elementor-element.elementor-element-8f7e3fa{--margin-top:0px;--margin-bottom:0px;--margin-left:0px;--margin-right:0px;--padding-top:5px;--padding-bottom:5px;--padding-left:5px;--padding-right:5px;}.elementor-12857 .elementor-element.elementor-element-3a029d6{font-size:14px;}.elementor-12857 .elementor-element.elementor-element-3798ec9{--justify-content:center;--align-items:center;--container-widget-width:calc( ( 1 - var( --container-widget-flex-grow ) ) * 100% );--margin-top:20px;--margin-bottom:0px;--margin-left:0px;--margin-right:0px;--padding-top:0px;--padding-bottom:0px;--padding-left:20px;--padding-right:20px;}.elementor-12857 .elementor-element.elementor-element-3798ec9.e-con{--align-self:center;--flex-grow:0;--flex-shrink:0;}body:not(.rtl) .elementor-12857 .elementor-element.elementor-element-1e9e406{right:-130px;}body.rtl .elementor-12857 .elementor-element.elementor-element-1e9e406{left:-130px;}.elementor-12857 .elementor-element.elementor-element-5cfc2f2 > .elementor-widget-container{padding:0px 25px 0px 25px;}.elementor-12857 .elementor-element.elementor-element-5cfc2f2{font-size:14px;}.elementor-12857 .elementor-element.elementor-element-f055fdf{--justify-content:center;--align-items:center;--container-widget-width:calc( ( 1 - var( --container-widget-flex-grow ) ) * 100% );--margin-top:20px;--margin-bottom:0px;--margin-left:0px;--margin-right:0px;--padding-top:0px;--padding-bottom:0px;--padding-left:20px;--padding-right:20px;}.elementor-12857 .elementor-element.elementor-element-f055fdf.e-con{--align-self:center;--flex-grow:0;--flex-shrink:0;}body:not(.rtl) .elementor-12857 .elementor-element.elementor-element-34fc9dd{left:-190px;}body.rtl .elementor-12857 .elementor-element.elementor-element-34fc9dd{right:-190px;}.elementor-12857 .elementor-element.elementor-element-6bb3ae0 > .elementor-widget-container{padding:0px 25px 0px 25px;}.elementor-12857 .elementor-element.elementor-element-6bb3ae0{font-size:14px;}.elementor-12857 .elementor-element.elementor-element-bb9ce77{--justify-content:center;--align-items:center;--container-widget-width:calc( ( 1 - var( --container-widget-flex-grow ) ) * 100% );--margin-top:20px;--margin-bottom:0px;--margin-left:0px;--margin-right:0px;--padding-top:0px;--padding-bottom:0px;--padding-left:20px;--padding-right:20px;}.elementor-12857 .elementor-element.elementor-element-bb9ce77.e-con{--align-self:center;--flex-grow:0;--flex-shrink:0;}.elementor-12857 .elementor-element.elementor-element-145068f{width:100%;max-width:100%;top:15px;z-index:-1;}body:not(.rtl) .elementor-12857 .elementor-element.elementor-element-145068f{left:-210px;}body.rtl .elementor-12857 .elementor-element.elementor-element-145068f{right:-210px;}.elementor-12857 .elementor-element.elementor-element-dc54bb4{width:100%;max-width:100%;bottom:110px;z-index:-1;}body:not(.rtl) .elementor-12857 .elementor-element.elementor-element-dc54bb4{right:-275px;}body.rtl .elementor-12857 .elementor-element.elementor-element-dc54bb4{left:-275px;}.elementor-12857 .elementor-element.elementor-element-a94ac14 > .elementor-widget-container{padding:0px 25px 0px 25px;}.elementor-12857 .elementor-element.elementor-element-a94ac14{font-size:14px;}}<\/style>\t\t<div data-elementor-type=\"wp-page\" data-elementor-id=\"12857\" class=\"elementor elementor-12857 elementor-12720\" data-elementor-post-type=\"page\">\n\t\t\t\t<div class=\"elementor-element elementor-element-80b61f2 e-flex e-con-boxed e-con e-parent\" data-id=\"80b61f2\" data-element_type=\"container\" data-settings=\"{&quot;background_background&quot;:&quot;classic&quot;}\">\n\t\t\t\t\t<div class=\"e-con-inner\">\n\t\t\t\t<div class=\"elementor-element elementor-element-28bf299 elementor-widget elementor-widget-image\" data-id=\"28bf299\" data-element_type=\"widget\" data-widget_type=\"image.default\">\n\t\t\t\t<div class=\"elementor-widget-container\">\n\t\t\t\t\t\t\t\t\t\t\t\t\t\t\t<img fetchpriority=\"high\" decoding=\"async\" width=\"1920\" height=\"1400\" src=\"https:\/\/hisareurope.com\/wp-content\/uploads\/2025\/01\/2025-Ramazan-Fiyatlar-15.png\" class=\"attachment-full size-full wp-image-14035\" alt=\"\" srcset=\"https:\/\/hisareurope.com\/wp-content\/uploads\/2025\/01\/2025-Ramazan-Fiyatlar-15.png 1920w, https:\/\/hisareurope.com\/wp-content\/uploads\/2025\/01\/2025-Ramazan-Fiyatlar-15-300x219.png 300w, https:\/\/hisareurope.com\/wp-content\/uploads\/2025\/01\/2025-Ramazan-Fiyatlar-15-1024x747.png 1024w, https:\/\/hisareurope.com\/wp-content\/uploads\/2025\/01\/2025-Ramazan-Fiyatlar-15-768x560.png 768w, https:\/\/hisareurope.com\/wp-content\/uploads\/2025\/01\/2025-Ramazan-Fiyatlar-15-1536x1120.png 1536w, https:\/\/hisareurope.com\/wp-content\/uploads\/2025\/01\/2025-Ramazan-Fiyatlar-15-630x460.png 630w\" sizes=\"(max-width: 1920px) 100vw, 1920px\" title=\"\">\t\t\t\t\t\t\t\t\t\t\t\t\t\t\t<\/div>\n\t\t\t\t<\/div>\n\t\t\t\t\t<\/div>\n\t\t\t\t<\/div>\n\t\t<div class=\"elementor-element elementor-element-3a96876 e-flex e-con-boxed e-con e-parent\" data-id=\"3a96876\" data-element_type=\"container\">\n\t\t\t\t\t<div class=\"e-con-inner\">\n\t\t<div class=\"elementor-element elementor-element-c2cb227 e-con-full e-flex e-con e-child\" data-id=\"c2cb227\" data-element_type=\"container\">\n\t\t\t\t<div class=\"elementor-element elementor-element-38d633a elementor-widget elementor-widget-image\" data-id=\"38d633a\" data-element_type=\"widget\" data-widget_type=\"image.default\">\n\t\t\t\t<div class=\"elementor-widget-container\">\n\t\t\t\t\t\t\t\t\t\t\t\t\t\t\t<img decoding=\"async\" width=\"768\" height=\"769\" src=\"https:\/\/hisareurope.com\/wp-content\/uploads\/2024\/09\/Ramazan-Sayfasi-07-768x769.png\" class=\"attachment-medium_large size-medium_large wp-image-12740\" alt=\"\" srcset=\"https:\/\/hisareurope.com\/wp-content\/uploads\/2024\/09\/Ramazan-Sayfasi-07-768x769.png 768w, https:\/\/hisareurope.com\/wp-content\/uploads\/2024\/09\/Ramazan-Sayfasi-07-300x300.png 300w, https:\/\/hisareurope.com\/wp-content\/uploads\/2024\/09\/Ramazan-Sayfasi-07-1024x1024.png 1024w, https:\/\/hisareurope.com\/wp-content\/uploads\/2024\/09\/Ramazan-Sayfasi-07-150x150.png 150w, https:\/\/hisareurope.com\/wp-content\/uploads\/2024\/09\/Ramazan-Sayfasi-07-1534x1536.png 1534w, https:\/\/hisareurope.com\/wp-content\/uploads\/2024\/09\/Ramazan-Sayfasi-07.png 1918w\" sizes=\"(max-width: 768px) 100vw, 768px\" title=\"\">\t\t\t\t\t\t\t\t\t\t\t\t\t\t\t<\/div>\n\t\t\t\t<\/div>\n\t\t\t\t<\/div>\n\t\t\t\t\t<\/div>\n\t\t\t\t<\/div>\n\t\t<div class=\"elementor-element elementor-element-8f7e3fa e-flex e-con-boxed e-con e-parent\" data-id=\"8f7e3fa\" data-element_type=\"container\">\n\t\t\t\t\t<div class=\"e-con-inner\">\n\t\t\t\t<div class=\"elementor-element elementor-element-3a029d6 elementor-widget elementor-widget-text-editor\" data-id=\"3a029d6\" data-element_type=\"widget\" data-widget_type=\"text-editor.default\">\n\t\t\t\t<div class=\"elementor-widget-container\">\n\t\t\t\t\t\t\t\t\t<p>Onze Profeet (vzmh) zei;<br \/>\u201cHet verrichten van Umrah in de maand Ramadan is gelijk aan het verrichten van de Hadj met mij&#8221;.<\/p>\n<p>(Bukhari, Muslim, Tirmidhi)<\/p>\n\t\t\t\t\t\t\t\t<\/div>\n\t\t\t\t<\/div>\n\t\t\t\t\t<\/div>\n\t\t\t\t<\/div>\n\t\t<div class=\"elementor-element elementor-element-3798ec9 e-flex e-con-boxed e-con e-parent\" data-id=\"3798ec9\" data-element_type=\"container\">\n\t\t\t\t\t<div class=\"e-con-inner\">\n\t\t\t\t<div class=\"elementor-element elementor-element-1e9e406 elementor-absolute elementor-widget elementor-widget-image\" data-id=\"1e9e406\" data-element_type=\"widget\" data-settings=\"{&quot;_position&quot;:&quot;absolute&quot;}\" data-widget_type=\"image.default\">\n\t\t\t\t<div class=\"elementor-widget-container\">\n\t\t\t\t\t\t\t\t\t\t\t\t\t\t\t<img decoding=\"async\" width=\"300\" height=\"300\" src=\"https:\/\/hisareurope.com\/wp-content\/uploads\/2024\/09\/Ramazan-Sayfasi-05-300x300.png\" class=\"attachment-medium size-medium wp-image-12751\" alt=\"\" srcset=\"https:\/\/hisareurope.com\/wp-content\/uploads\/2024\/09\/Ramazan-Sayfasi-05-300x300.png 300w, https:\/\/hisareurope.com\/wp-content\/uploads\/2024\/09\/Ramazan-Sayfasi-05-1024x1024.png 1024w, https:\/\/hisareurope.com\/wp-content\/uploads\/2024\/09\/Ramazan-Sayfasi-05-150x150.png 150w, https:\/\/hisareurope.com\/wp-content\/uploads\/2024\/09\/Ramazan-Sayfasi-05-768x769.png 768w, https:\/\/hisareurope.com\/wp-content\/uploads\/2024\/09\/Ramazan-Sayfasi-05.png 1338w\" sizes=\"(max-width: 300px) 100vw, 300px\" title=\"\">\t\t\t\t\t\t\t\t\t\t\t\t\t\t\t<\/div>\n\t\t\t\t<\/div>\n\t\t\t\t<div class=\"elementor-element elementor-element-5cfc2f2 elementor-widget elementor-widget-text-editor\" data-id=\"5cfc2f2\" data-element_type=\"widget\" data-widget_type=\"text-editor.default\">\n\t\t\t\t<div class=\"elementor-widget-container\">\n\t\t\t\t\t\t\t\t\t<p><strong>HET BELANG VAN DE HEILIGE MAAND RAMADAN<\/strong><br \/>Onze Profeet (vrede zij met hem) zei:<br \/>\u201cDegene die een dhikr-bijeenkomst bijwoont, Allah de Almachtige zal hem de beloning van aanbidding geven voor elke stap die hij zet, en hij zal bij mij zijn in de schaduw van de Grote Troon op de Dag des Oordeels.\u201d<br \/>Wie tijdens de maand Ramadan de gemeenschap (jamat) blijft volgen, zal Allah de Allerhoogste voor elk gebed dat hij verricht een stad van licht (in het paradijs) schenken<br \/>\u201cHet verrichten van Umrah tijdens de Ramadan is (in termen van beloning) gelijk aan het verrichten van de Hadj met mij.\u201d<br \/>Tijdens de Ramadan zal Allah Ta&#8217;ala duizenden behoeften vervullen van degene die in de behoefte van een moslim voorziet. Aan iemand die een aalmoes geeft aan een arme met kinderen, schrijft Allah een miljoen beloningen toe, wist Hij een miljoen zonden uit en verhoogt Hij zijn graad met een miljoen niveaus.<br \/>Hz. Anas (radiyall\u00e2hu anh) verhaalt dat de Profeet (sallall\u00e2hu aleyhi ve sellem) zei: &#8220;Wie eropuit gaat om in de behoefte van zijn moslimbroeder te voorzien, voor diegene schrijft Allah zeventig beloningen toe en wist zeventig zonden uit bij elke stap die hij zet totdat hij terugkeert naar huis.&#8221; (Nuzhetu&#8217;l-Mec\u00e2lis)  <\/p>\n\t\t\t\t\t\t\t\t<\/div>\n\t\t\t\t<\/div>\n\t\t\t\t\t<\/div>\n\t\t\t\t<\/div>\n\t\t<div class=\"elementor-element elementor-element-f055fdf e-flex e-con-boxed e-con e-parent\" data-id=\"f055fdf\" data-element_type=\"container\">\n\t\t\t\t\t<div class=\"e-con-inner\">\n\t\t\t\t<div class=\"elementor-element elementor-element-34fc9dd elementor-absolute elementor-widget elementor-widget-image\" data-id=\"34fc9dd\" data-element_type=\"widget\" data-settings=\"{&quot;_position&quot;:&quot;absolute&quot;}\" data-widget_type=\"image.default\">\n\t\t\t\t<div class=\"elementor-widget-container\">\n\t\t\t\t\t\t\t\t\t\t\t\t\t\t\t<img loading=\"lazy\" decoding=\"async\" width=\"300\" height=\"300\" src=\"https:\/\/hisareurope.com\/wp-content\/uploads\/2024\/09\/Ramazan-Sayfasi-03-300x300.png\" class=\"attachment-medium size-medium wp-image-12746\" alt=\"\" srcset=\"https:\/\/hisareurope.com\/wp-content\/uploads\/2024\/09\/Ramazan-Sayfasi-03-300x300.png 300w, https:\/\/hisareurope.com\/wp-content\/uploads\/2024\/09\/Ramazan-Sayfasi-03-1024x1024.png 1024w, https:\/\/hisareurope.com\/wp-content\/uploads\/2024\/09\/Ramazan-Sayfasi-03-150x150.png 150w, https:\/\/hisareurope.com\/wp-content\/uploads\/2024\/09\/Ramazan-Sayfasi-03-768x769.png 768w, https:\/\/hisareurope.com\/wp-content\/uploads\/2024\/09\/Ramazan-Sayfasi-03.png 1338w\" sizes=\"(max-width: 300px) 100vw, 300px\" title=\"\">\t\t\t\t\t\t\t\t\t\t\t\t\t\t\t<\/div>\n\t\t\t\t<\/div>\n\t\t\t\t<div class=\"elementor-element elementor-element-6bb3ae0 elementor-widget elementor-widget-text-editor\" data-id=\"6bb3ae0\" data-element_type=\"widget\" data-widget_type=\"text-editor.default\">\n\t\t\t\t<div class=\"elementor-widget-container\">\n\t\t\t\t\t\t\t\t\t<p>Toen de Ramadan begon, liet onze Profeet (vrede zij met hem) de gevangenen vrij en kwam tegemoet aan de behoeften van de mensen. Iedereen die deze maand goede daden verricht, zal het hele jaar door talloze goede daden hebben verricht.<br \/>Iemand die de maand Ramadan doorbrengt zonder te bidden, zal het hele jaar op dezelfde manier doorbrengen. In deze heilige maand moeten moslims ernaar streven veel goede daden te verrichten en spirituele discipline te verwerven.<br \/>Op het moment van iftar reciteerde de Profeet (vrede zij met hem) het volgende gebed: &#8220;De dorst is verdwenen, de aderen worden gekoeld en met de toestemming van Allah wordt de beloning vastgesteld.&#8221;<br \/>Het uitvoeren van het tarawih-gebed en het reciteren van de Heilige Koran zijn de soenna&#8217;s die altijd door de Profeet Mohammed (vrede zij met hem) wordt beoefend. Deze daden brengen moslims grote beloningen en beloningen met zich mee. Moge Allah ons de mogelijkheid schenken om deze goede daden te verrichten in de naam van onze geliefde Profeet (sallallahu alayhi wa sallam). Amin. (Brief-\u0131 \u0130mam Rabb\u00e2n\u00ee, Vol.1, Brief 45)      <\/p>\n\t\t\t\t\t\t\t\t<\/div>\n\t\t\t\t<\/div>\n\t\t\t\t\t<\/div>\n\t\t\t\t<\/div>\n\t\t<div class=\"elementor-element elementor-element-bb9ce77 e-flex e-con-boxed e-con e-parent\" data-id=\"bb9ce77\" data-element_type=\"container\">\n\t\t\t\t\t<div class=\"e-con-inner\">\n\t\t\t\t<div class=\"elementor-element elementor-element-145068f elementor-widget-mobile__width-inherit elementor-absolute elementor-widget elementor-widget-image\" data-id=\"145068f\" data-element_type=\"widget\" data-settings=\"{&quot;_position&quot;:&quot;absolute&quot;}\" data-widget_type=\"image.default\">\n\t\t\t\t<div class=\"elementor-widget-container\">\n\t\t\t\t\t\t\t\t\t\t\t\t\t\t\t<img loading=\"lazy\" decoding=\"async\" width=\"300\" height=\"300\" src=\"https:\/\/hisareurope.com\/wp-content\/uploads\/2024\/09\/Ramazan-Sayfasi-06-300x300.png\" class=\"attachment-medium size-medium wp-image-12779\" alt=\"\" srcset=\"https:\/\/hisareurope.com\/wp-content\/uploads\/2024\/09\/Ramazan-Sayfasi-06-300x300.png 300w, https:\/\/hisareurope.com\/wp-content\/uploads\/2024\/09\/Ramazan-Sayfasi-06-1024x1024.png 1024w, https:\/\/hisareurope.com\/wp-content\/uploads\/2024\/09\/Ramazan-Sayfasi-06-150x150.png 150w, https:\/\/hisareurope.com\/wp-content\/uploads\/2024\/09\/Ramazan-Sayfasi-06-768x769.png 768w, https:\/\/hisareurope.com\/wp-content\/uploads\/2024\/09\/Ramazan-Sayfasi-06.png 1338w\" sizes=\"(max-width: 300px) 100vw, 300px\" title=\"\">\t\t\t\t\t\t\t\t\t\t\t\t\t\t\t<\/div>\n\t\t\t\t<\/div>\n\t\t\t\t<div class=\"elementor-element elementor-element-dc54bb4 elementor-widget-mobile__width-inherit elementor-absolute elementor-widget elementor-widget-image\" data-id=\"dc54bb4\" data-element_type=\"widget\" data-settings=\"{&quot;_position&quot;:&quot;absolute&quot;}\" data-widget_type=\"image.default\">\n\t\t\t\t<div class=\"elementor-widget-container\">\n\t\t\t\t\t\t\t\t\t\t\t\t\t\t\t<img loading=\"lazy\" decoding=\"async\" width=\"300\" height=\"300\" src=\"https:\/\/hisareurope.com\/wp-content\/uploads\/2024\/09\/Ramazan-Sayfasi-04-300x300.png\" class=\"attachment-medium size-medium wp-image-12784\" alt=\"\" srcset=\"https:\/\/hisareurope.com\/wp-content\/uploads\/2024\/09\/Ramazan-Sayfasi-04-300x300.png 300w, https:\/\/hisareurope.com\/wp-content\/uploads\/2024\/09\/Ramazan-Sayfasi-04-1024x1024.png 1024w, https:\/\/hisareurope.com\/wp-content\/uploads\/2024\/09\/Ramazan-Sayfasi-04-150x150.png 150w, https:\/\/hisareurope.com\/wp-content\/uploads\/2024\/09\/Ramazan-Sayfasi-04-768x769.png 768w, https:\/\/hisareurope.com\/wp-content\/uploads\/2024\/09\/Ramazan-Sayfasi-04.png 1338w\" sizes=\"(max-width: 300px) 100vw, 300px\" title=\"\">\t\t\t\t\t\t\t\t\t\t\t\t\t\t\t<\/div>\n\t\t\t\t<\/div>\n\t\t\t\t<div class=\"elementor-element elementor-element-a94ac14 elementor-widget elementor-widget-text-editor\" data-id=\"a94ac14\" data-element_type=\"widget\" data-widget_type=\"text-editor.default\">\n\t\t\t\t<div class=\"elementor-widget-container\">\n\t\t\t\t\t\t\t\t\t<p><strong>20 RAK&#8217;AH TERAWIH GEBED IS SOENNA AL MUAKKADAH<\/strong><br \/>Tijdens de maand Ramadan is het voor elke man en vrouw een sterk aanbevolen soenna (Soenna al muakkadah) om 20 rak&#8217;ah Tarawih-gebed te verrichten na de verplichte en soenna gebeden van het &#8216;Isha-gebed. De metgezellen (Sahaba) en de imams van de madhhabs hebben dit gedaan. Degenen die dit verwerpen, dwalen af<br \/>In de tijd van de Profeet (s.a.v.) werd het Tarawih-gebed slechts enkele keren in gemeenschap gebeden, omdat hij vreesde dat het verplicht zou worden voor de gemeenschap en dat zij het niet zouden kunnen volbrengen. In de tijd van Hz. Omar, Osman en Ali werd het Tarawih-gebed gezamenlijk verricht.<br \/>Het wordt aanbevolen om het Tarawih-gebed in reeksen van 2 rak&#8217;ahs te bidden en na elke 4 rak&#8217;ahs zo lang te zitten als nodig is om nog eens 4 rak&#8217;ahs te bidden. Als iemand na de eerste 2 rak&#8217;ahs niet gaat zitten en 4 rak&#8217;ahs achter elkaar bidt, wordt dat slechts als 2 rak&#8217;ahs gerekend.<br \/>Als iemand het verplichte &#8216;Isha-gebed niet heeft gebeden en tijdens het Tarawih-gebed bij de gemeenschap aansluit, moet hij eerst het verplichte &#8216;Isha-gebed bidden en daarna de imam volgen. Nadat hij het witr-gebed met de imam heeft verricht, moet hij de rakats voltooien die hij van tarawih heeft gemist.<br \/>Als tarawih is voltooid, is het alleen tijdens de Ramadan toegestaan om Witr met een imam uit te voeren.<br \/>Het is meer verdienstelijk om het Tarawih-gebed met het voltooien van de Koran (door de hele Koran te reciteren) te bidden. Als dat niet mogelijk is, dan wordt aangeraden om in de eerste 10 rak&#8217;ahs van het Tarawih-gebed de 10 Soera&#8217;s te reciteren die beginnen met de Soera van de Olifant (Fil) en eindigen met de laatste Soera van de Koran. Dezezelfde Soera&#8217;s kunnen dan worden herhaald in de laatste 10 rak&#8217;ahs.        <\/p>\n<p>In de &#8216;Fet\u00e2v\u00e2-\u00fcl K\u00e2z\u00eeh\u00e2n&#8217; staat het volgende: Vrome en godvrezende mensen voltooien de recitatie van de Koran elke 10 dagen van de Ramadan. Imam Abu Hanifa reciteerde 61 keren de Koran tijdens de maand Ramadan. &#8216;s Nachts 30 keren, overdag 30 keren en 1 keer tijdens het Tarawih-gebed.  <\/p>\n<p>De Profeet (s.a.v.) heeft gezegd: &#8216;O moslims die verplicht zijn Allah te gehoorzamen en de Boodschapper te volgen! Allah heeft inderdaad de vasten tijdens de Ramadan voor jullie verplicht gesteld. Ik heb het Tarawih-gebed &#8216;s nachts tot soenna verklaard. Wie overdag vast en &#8216;s nachts het gebed verricht met oprechte overtuiging en hoop op de beloning, zal zijn voorgaande zonden vergeven worden.&#8217;   <\/p>\n\t\t\t\t\t\t\t\t<\/div>\n\t\t\t\t<\/div>\n\t\t\t\t\t<\/div>\n\t\t\t\t<\/div>\n\t\t\t\t<\/div>\n\t\t","protected":false},"excerpt":{"rendered":"<p>Onze Profeet (vzmh) zei;\u201cHet verrichten van Umrah in de maand Ramadan is gelijk aan het verrichten van de Hadj met mij&#8221;. (Bukhari, Muslim, Tirmidhi) HET BELANG VAN DE HEILIGE MAAND RAMADANOnze Profeet (vrede zij met hem) zei:\u201cDegene die een dhikr-bijeenkomst bijwoont, Allah de Almachtige zal hem de beloning van aanbidding geven voor elke stap die [&hellip;]<\/p>\n","protected":false},"author":12,"featured_media":0,"parent":0,"menu_order":0,"comment_status":"closed","ping_status":"closed","template":"elementor_header_footer","meta":{"_joinchat":[],"footnotes":""},"class_list":["post-12857","page","type-page","status-publish","hentry"],"_links":{"self":[{"href":"https:\/\/hisareurope.com\/nl\/wp-json\/wp\/v2\/pages\/12857","targetHints":{"allow":["GET"]}}],"collection":[{"href":"https:\/\/hisareurope.com\/nl\/wp-json\/wp\/v2\/pages"}],"about":[{"href":"https:\/\/hisareurope.com\/nl\/wp-json\/wp\/v2\/types\/page"}],"author":[{"embeddable":true,"href":"https:\/\/hisareurope.com\/nl\/wp-json\/wp\/v2\/users\/12"}],"replies":[{"embeddable":true,"href":"https:\/\/hisareurope.com\/nl\/wp-json\/wp\/v2\/comments?post=12857"}],"version-history":[{"count":3,"href":"https:\/\/hisareurope.com\/nl\/wp-json\/wp\/v2\/pages\/12857\/revisions"}],"predecessor-version":[{"id":21652,"href":"https:\/\/hisareurope.com\/nl\/wp-json\/wp\/v2\/pages\/12857\/revisions\/21652"}],"wp:attachment":[{"href":"https:\/\/hisareurope.com\/nl\/wp-json\/wp\/v2\/media?parent=12857"}],"curies":[{"name":"wp","href":"https:\/\/api.w.org\/{rel}","templated":true}]}}