{"id":12860,"date":"2024-09-10T13:49:51","date_gmt":"2024-09-10T11:49:51","guid":{"rendered":"https:\/\/hisareurope.com\/ramadan-i-sherif-omra\/"},"modified":"2025-12-08T09:32:52","modified_gmt":"2025-12-08T08:32:52","slug":"ramadan-i-sherif-omra","status":"publish","type":"page","link":"https:\/\/hisareurope.com\/fr\/ramadan-i-sherif-omra\/","title":{"rendered":"OMRA- RAMADAN"},"content":{"rendered":"<style>.elementor-12860 .elementor-element.elementor-element-80b61f2{--display:flex;--flex-direction:column;--container-widget-width:100%;--container-widget-height:initial;--container-widget-flex-grow:0;--container-widget-align-self:initial;--flex-wrap-mobile:wrap;--margin-top:0px;--margin-bottom:0px;--margin-left:0px;--margin-right:0px;--padding-top:0px;--padding-bottom:0px;--padding-left:0px;--padding-right:0px;}.elementor-12860 .elementor-element.elementor-element-80b61f2:not(.elementor-motion-effects-element-type-background), .elementor-12860 .elementor-element.elementor-element-80b61f2 > .elementor-motion-effects-container > .elementor-motion-effects-layer{background-color:#FFFFFF;}.elementor-widget-image .widget-image-caption{color:var( --e-global-color-text );font-family:var( --e-global-typography-text-font-family ), Sans-serif;font-weight:var( --e-global-typography-text-font-weight );}.elementor-12860 .elementor-element.elementor-element-3a96876{--display:flex;--flex-direction:row;--container-widget-width:initial;--container-widget-height:100%;--container-widget-flex-grow:1;--container-widget-align-self:stretch;--flex-wrap-mobile:wrap;--margin-top:0px;--margin-bottom:0px;--margin-left:0px;--margin-right:0px;--padding-top:0px;--padding-bottom:0px;--padding-left:0px;--padding-right:0px;}.elementor-12860 .elementor-element.elementor-element-c2cb227{--display:flex;--justify-content:center;--align-items:center;--container-widget-width:calc( ( 1 - var( --container-widget-flex-grow ) ) * 100% );--gap:0px 0px;--row-gap:0px;--column-gap:0px;}.elementor-12860 .elementor-element.elementor-element-38d633a > .elementor-widget-container{margin:0px 0px 0px 0px;padding:0px 0px 0px 0px;}.elementor-12860 .elementor-element.elementor-element-38d633a{text-align:center;}.elementor-12860 .elementor-element.elementor-element-8f7e3fa{--display:flex;--flex-direction:column;--container-widget-width:100%;--container-widget-height:initial;--container-widget-flex-grow:0;--container-widget-align-self:initial;--flex-wrap-mobile:wrap;--margin-top:0px;--margin-bottom:25px;--margin-left:0px;--margin-right:0px;}.elementor-widget-text-editor{font-family:var( --e-global-typography-text-font-family ), Sans-serif;font-weight:var( --e-global-typography-text-font-weight );color:var( --e-global-color-text );}.elementor-widget-text-editor.elementor-drop-cap-view-stacked .elementor-drop-cap{background-color:var( --e-global-color-primary );}.elementor-widget-text-editor.elementor-drop-cap-view-framed .elementor-drop-cap, .elementor-widget-text-editor.elementor-drop-cap-view-default .elementor-drop-cap{color:var( --e-global-color-primary );border-color:var( --e-global-color-primary );}.elementor-12860 .elementor-element.elementor-element-3a029d6{text-align:center;font-family:\"Arial\", Sans-serif;font-size:20px;font-weight:500;line-height:2em;color:#257864;}.elementor-12860 .elementor-element.elementor-element-3798ec9{--display:flex;--flex-direction:column;--container-widget-width:100%;--container-widget-height:initial;--container-widget-flex-grow:0;--container-widget-align-self:initial;--flex-wrap-mobile:wrap;--margin-top:0px;--margin-bottom:0px;--margin-left:0px;--margin-right:0px;--padding-top:0px;--padding-bottom:0px;--padding-left:50px;--padding-right:50px;}.elementor-12860 .elementor-element.elementor-element-3798ec9.e-con{--flex-grow:0;--flex-shrink:0;}body:not(.rtl) .elementor-12860 .elementor-element.elementor-element-1e9e406{right:0px;}body.rtl .elementor-12860 .elementor-element.elementor-element-1e9e406{left:0px;}.elementor-12860 .elementor-element.elementor-element-1e9e406{top:0px;}.elementor-12860 .elementor-element.elementor-element-5cfc2f2{text-align:center;font-family:\"Arial\", Sans-serif;font-size:18px;font-weight:500;line-height:2em;color:#257864;}.elementor-12860 .elementor-element.elementor-element-f055fdf{--display:flex;--flex-direction:column;--container-widget-width:100%;--container-widget-height:initial;--container-widget-flex-grow:0;--container-widget-align-self:initial;--flex-wrap-mobile:wrap;--margin-top:0px;--margin-bottom:0px;--margin-left:0px;--margin-right:0px;--padding-top:0px;--padding-bottom:0px;--padding-left:50px;--padding-right:50px;}.elementor-12860 .elementor-element.elementor-element-f055fdf.e-con{--flex-grow:0;--flex-shrink:0;}body:not(.rtl) .elementor-12860 .elementor-element.elementor-element-34fc9dd{left:0px;}body.rtl .elementor-12860 .elementor-element.elementor-element-34fc9dd{right:0px;}.elementor-12860 .elementor-element.elementor-element-34fc9dd{bottom:0px;}.elementor-12860 .elementor-element.elementor-element-6bb3ae0{text-align:center;font-family:\"Arial\", Sans-serif;font-size:18px;font-weight:500;line-height:2em;color:#257864;}.elementor-12860 .elementor-element.elementor-element-bb9ce77{--display:flex;--flex-direction:column;--container-widget-width:100%;--container-widget-height:initial;--container-widget-flex-grow:0;--container-widget-align-self:initial;--flex-wrap-mobile:wrap;--margin-top:0px;--margin-bottom:0px;--margin-left:0px;--margin-right:0px;--padding-top:50px;--padding-bottom:50px;--padding-left:50px;--padding-right:50px;}.elementor-12860 .elementor-element.elementor-element-bb9ce77.e-con{--flex-grow:0;--flex-shrink:0;}body:not(.rtl) .elementor-12860 .elementor-element.elementor-element-145068f{left:0px;}body.rtl .elementor-12860 .elementor-element.elementor-element-145068f{right:0px;}.elementor-12860 .elementor-element.elementor-element-145068f{top:0px;}body:not(.rtl) .elementor-12860 .elementor-element.elementor-element-dc54bb4{right:0px;}body.rtl .elementor-12860 .elementor-element.elementor-element-dc54bb4{left:0px;}.elementor-12860 .elementor-element.elementor-element-dc54bb4{bottom:0px;}.elementor-12860 .elementor-element.elementor-element-a94ac14{text-align:center;font-family:\"Arial\", Sans-serif;font-size:18px;font-weight:500;line-height:2em;color:#257864;}@media(max-width:767px){.elementor-12860 .elementor-element.elementor-element-80b61f2{--margin-top:0px;--margin-bottom:0px;--margin-left:0px;--margin-right:0px;}.elementor-12860 .elementor-element.elementor-element-3a96876{--gap:0px 0px;--row-gap:0px;--column-gap:0px;--margin-top:0px;--margin-bottom:0px;--margin-left:0px;--margin-right:0px;}.elementor-12860 .elementor-element.elementor-element-8f7e3fa{--margin-top:0px;--margin-bottom:0px;--margin-left:0px;--margin-right:0px;--padding-top:5px;--padding-bottom:5px;--padding-left:5px;--padding-right:5px;}.elementor-12860 .elementor-element.elementor-element-3a029d6{font-size:14px;}.elementor-12860 .elementor-element.elementor-element-3798ec9{--justify-content:center;--align-items:center;--container-widget-width:calc( ( 1 - var( --container-widget-flex-grow ) ) * 100% );--margin-top:20px;--margin-bottom:0px;--margin-left:0px;--margin-right:0px;--padding-top:0px;--padding-bottom:0px;--padding-left:20px;--padding-right:20px;}.elementor-12860 .elementor-element.elementor-element-3798ec9.e-con{--align-self:center;--flex-grow:0;--flex-shrink:0;}body:not(.rtl) .elementor-12860 .elementor-element.elementor-element-1e9e406{right:-130px;}body.rtl .elementor-12860 .elementor-element.elementor-element-1e9e406{left:-130px;}.elementor-12860 .elementor-element.elementor-element-5cfc2f2 > .elementor-widget-container{padding:0px 25px 0px 25px;}.elementor-12860 .elementor-element.elementor-element-5cfc2f2{font-size:14px;}.elementor-12860 .elementor-element.elementor-element-f055fdf{--justify-content:center;--align-items:center;--container-widget-width:calc( ( 1 - var( --container-widget-flex-grow ) ) * 100% );--margin-top:20px;--margin-bottom:0px;--margin-left:0px;--margin-right:0px;--padding-top:0px;--padding-bottom:0px;--padding-left:20px;--padding-right:20px;}.elementor-12860 .elementor-element.elementor-element-f055fdf.e-con{--align-self:center;--flex-grow:0;--flex-shrink:0;}body:not(.rtl) .elementor-12860 .elementor-element.elementor-element-34fc9dd{left:-190px;}body.rtl .elementor-12860 .elementor-element.elementor-element-34fc9dd{right:-190px;}.elementor-12860 .elementor-element.elementor-element-6bb3ae0 > .elementor-widget-container{padding:0px 25px 0px 25px;}.elementor-12860 .elementor-element.elementor-element-6bb3ae0{font-size:14px;}.elementor-12860 .elementor-element.elementor-element-bb9ce77{--justify-content:center;--align-items:center;--container-widget-width:calc( ( 1 - var( --container-widget-flex-grow ) ) * 100% );--margin-top:20px;--margin-bottom:0px;--margin-left:0px;--margin-right:0px;--padding-top:0px;--padding-bottom:0px;--padding-left:20px;--padding-right:20px;}.elementor-12860 .elementor-element.elementor-element-bb9ce77.e-con{--align-self:center;--flex-grow:0;--flex-shrink:0;}.elementor-12860 .elementor-element.elementor-element-145068f{width:100%;max-width:100%;top:15px;z-index:-1;}body:not(.rtl) .elementor-12860 .elementor-element.elementor-element-145068f{left:-210px;}body.rtl .elementor-12860 .elementor-element.elementor-element-145068f{right:-210px;}.elementor-12860 .elementor-element.elementor-element-dc54bb4{width:100%;max-width:100%;bottom:110px;z-index:-1;}body:not(.rtl) .elementor-12860 .elementor-element.elementor-element-dc54bb4{right:-275px;}body.rtl .elementor-12860 .elementor-element.elementor-element-dc54bb4{left:-275px;}.elementor-12860 .elementor-element.elementor-element-a94ac14 > .elementor-widget-container{padding:0px 25px 0px 25px;}.elementor-12860 .elementor-element.elementor-element-a94ac14{font-size:14px;}}<\/style>\t\t<div data-elementor-type=\"wp-page\" data-elementor-id=\"12860\" class=\"elementor elementor-12860 elementor-12720\" data-elementor-post-type=\"page\">\n\t\t\t\t<div class=\"elementor-element elementor-element-80b61f2 e-flex e-con-boxed e-con e-parent\" data-id=\"80b61f2\" data-element_type=\"container\" data-settings=\"{&quot;background_background&quot;:&quot;classic&quot;}\">\n\t\t\t\t\t<div class=\"e-con-inner\">\n\t\t\t\t<div class=\"elementor-element elementor-element-28bf299 elementor-widget elementor-widget-image\" data-id=\"28bf299\" data-element_type=\"widget\" data-widget_type=\"image.default\">\n\t\t\t\t<div class=\"elementor-widget-container\">\n\t\t\t\t\t\t\t\t\t\t\t\t\t\t\t<img fetchpriority=\"high\" decoding=\"async\" width=\"1920\" height=\"1400\" src=\"https:\/\/hisareurope.com\/wp-content\/uploads\/2025\/01\/2025-Ramazan-Fiyatlar-16.png\" class=\"attachment-full size-full wp-image-14057\" alt=\"\" srcset=\"https:\/\/hisareurope.com\/wp-content\/uploads\/2025\/01\/2025-Ramazan-Fiyatlar-16.png 1920w, https:\/\/hisareurope.com\/wp-content\/uploads\/2025\/01\/2025-Ramazan-Fiyatlar-16-300x219.png 300w, https:\/\/hisareurope.com\/wp-content\/uploads\/2025\/01\/2025-Ramazan-Fiyatlar-16-1024x747.png 1024w, https:\/\/hisareurope.com\/wp-content\/uploads\/2025\/01\/2025-Ramazan-Fiyatlar-16-768x560.png 768w, https:\/\/hisareurope.com\/wp-content\/uploads\/2025\/01\/2025-Ramazan-Fiyatlar-16-1536x1120.png 1536w, https:\/\/hisareurope.com\/wp-content\/uploads\/2025\/01\/2025-Ramazan-Fiyatlar-16-630x460.png 630w\" sizes=\"(max-width: 1920px) 100vw, 1920px\" title=\"\">\t\t\t\t\t\t\t\t\t\t\t\t\t\t\t<\/div>\n\t\t\t\t<\/div>\n\t\t\t\t\t<\/div>\n\t\t\t\t<\/div>\n\t\t<div class=\"elementor-element elementor-element-3a96876 e-flex e-con-boxed e-con e-parent\" data-id=\"3a96876\" data-element_type=\"container\">\n\t\t\t\t\t<div class=\"e-con-inner\">\n\t\t<div class=\"elementor-element elementor-element-c2cb227 e-con-full e-flex e-con e-child\" data-id=\"c2cb227\" data-element_type=\"container\">\n\t\t\t\t<div class=\"elementor-element elementor-element-38d633a elementor-widget elementor-widget-image\" data-id=\"38d633a\" data-element_type=\"widget\" data-widget_type=\"image.default\">\n\t\t\t\t<div class=\"elementor-widget-container\">\n\t\t\t\t\t\t\t\t\t\t\t\t\t\t\t<img decoding=\"async\" width=\"768\" height=\"769\" src=\"https:\/\/hisareurope.com\/wp-content\/uploads\/2024\/09\/Ramazan-Sayfasi-07-768x769.png\" class=\"attachment-medium_large size-medium_large wp-image-12742\" alt=\"\" srcset=\"https:\/\/hisareurope.com\/wp-content\/uploads\/2024\/09\/Ramazan-Sayfasi-07-768x769.png 768w, https:\/\/hisareurope.com\/wp-content\/uploads\/2024\/09\/Ramazan-Sayfasi-07-300x300.png 300w, https:\/\/hisareurope.com\/wp-content\/uploads\/2024\/09\/Ramazan-Sayfasi-07-1024x1024.png 1024w, https:\/\/hisareurope.com\/wp-content\/uploads\/2024\/09\/Ramazan-Sayfasi-07-150x150.png 150w, https:\/\/hisareurope.com\/wp-content\/uploads\/2024\/09\/Ramazan-Sayfasi-07-1534x1536.png 1534w, https:\/\/hisareurope.com\/wp-content\/uploads\/2024\/09\/Ramazan-Sayfasi-07.png 1918w\" sizes=\"(max-width: 768px) 100vw, 768px\" title=\"\">\t\t\t\t\t\t\t\t\t\t\t\t\t\t\t<\/div>\n\t\t\t\t<\/div>\n\t\t\t\t<\/div>\n\t\t\t\t\t<\/div>\n\t\t\t\t<\/div>\n\t\t<div class=\"elementor-element elementor-element-8f7e3fa e-flex e-con-boxed e-con e-parent\" data-id=\"8f7e3fa\" data-element_type=\"container\">\n\t\t\t\t\t<div class=\"e-con-inner\">\n\t\t\t\t<div class=\"elementor-element elementor-element-3a029d6 elementor-widget elementor-widget-text-editor\" data-id=\"3a029d6\" data-element_type=\"widget\" data-widget_type=\"text-editor.default\">\n\t\t\t\t<div class=\"elementor-widget-container\">\n\t\t\t\t\t\t\t\t\t<p>Le Proph\u00e8te (saas) a dit : \u00ab La Omra accomplie pendant le Ramadan est un p\u00e8lerinage complet ;<br \/>\u00ab La Omra accomplie pendant le Ramadan est un p\u00e8lerinage complet,<br \/>ou c&#8217;est un p\u00e8lerinage accompli avec moi. \u00bb<br \/>(Bukhari, Muslim, Tirmidhi) \u00bb.<\/p>\n\t\t\t\t\t\t\t\t<\/div>\n\t\t\t\t<\/div>\n\t\t\t\t\t<\/div>\n\t\t\t\t<\/div>\n\t\t<div class=\"elementor-element elementor-element-3798ec9 e-flex e-con-boxed e-con e-parent\" data-id=\"3798ec9\" data-element_type=\"container\">\n\t\t\t\t\t<div class=\"e-con-inner\">\n\t\t\t\t<div class=\"elementor-element elementor-element-1e9e406 elementor-absolute elementor-widget elementor-widget-image\" data-id=\"1e9e406\" data-element_type=\"widget\" data-settings=\"{&quot;_position&quot;:&quot;absolute&quot;}\" data-widget_type=\"image.default\">\n\t\t\t\t<div class=\"elementor-widget-container\">\n\t\t\t\t\t\t\t\t\t\t\t\t\t\t\t<img decoding=\"async\" width=\"300\" height=\"300\" src=\"https:\/\/hisareurope.com\/wp-content\/uploads\/2024\/09\/Ramazan-Sayfasi-05-300x300.png\" class=\"attachment-medium size-medium wp-image-12753\" alt=\"\" srcset=\"https:\/\/hisareurope.com\/wp-content\/uploads\/2024\/09\/Ramazan-Sayfasi-05-300x300.png 300w, https:\/\/hisareurope.com\/wp-content\/uploads\/2024\/09\/Ramazan-Sayfasi-05-1024x1024.png 1024w, https:\/\/hisareurope.com\/wp-content\/uploads\/2024\/09\/Ramazan-Sayfasi-05-150x150.png 150w, https:\/\/hisareurope.com\/wp-content\/uploads\/2024\/09\/Ramazan-Sayfasi-05-768x769.png 768w, https:\/\/hisareurope.com\/wp-content\/uploads\/2024\/09\/Ramazan-Sayfasi-05.png 1338w\" sizes=\"(max-width: 300px) 100vw, 300px\" title=\"\">\t\t\t\t\t\t\t\t\t\t\t\t\t\t\t<\/div>\n\t\t\t\t<\/div>\n\t\t\t\t<div class=\"elementor-element elementor-element-5cfc2f2 elementor-widget elementor-widget-text-editor\" data-id=\"5cfc2f2\" data-element_type=\"widget\" data-widget_type=\"text-editor.default\">\n\t\t\t\t<div class=\"elementor-widget-container\">\n\t\t\t\t\t\t\t\t\t<p><strong>L&#8217;IMPORTANCE DU RAMAZAN-I SHARIF<\/strong><br \/>Le Proph\u00e8te (sallall\u00e2hu &#8216;alayhi wa sallam) a dit :<br \/>\u00ab Quiconque assiste \u00e0 une assembl\u00e9e de dhikr, Allah Ta&#8217;ala le r\u00e9compensera pour chaque pas qu&#8217;il fait et il sera \u00e0 l&#8217;ombre du Tr\u00f4ne d&#8217;Allah avec moi le jour de la r\u00e9surrection. \u00bb<br \/>&#8220;Quiconque continue de prier en groupe pendant le Ramadan, Allah Tout-Puissant lui donnera une ville lumi\u00e8re (paradis) pour chaque pri\u00e8re qu&#8217;il accomplira.&#8221;<br \/>\u00ab Accomplir la Omra pendant le Ramadan \u00e9quivaut (en termes de r\u00e9compense) \u00e0 accomplir le Hajj avec moi. \u00bb<br \/>Allah Tout-Puissant r\u00e9pondra aux milliers de besoins de quelqu&#8217;un qui r\u00e9pond aux besoins d&#8217;un musulman pendant le Ramadan. Pour celui qui fait l&#8217;aum\u00f4ne \u00e0 un pauvre qui a un enfant, Allah lui \u00e9crit un million de bonnes actions, efface un million de p\u00e9ch\u00e9s et \u00e9l\u00e8ve son rang un million de fois.<br \/>Hz. Enes (radiyallahu anh) rapporte que le Proph\u00e8te (que la paix soit sur lui) a dit : \u00ab Quiconque entreprend de subvenir aux besoins de son fr\u00e8re musulman, Allah lui \u00e9crit soixante-dix bonnes actions et efface soixante-dix p\u00e9ch\u00e9s \u00e0 chaque pas qu&#8217;il fait jusqu&#8217;\u00e0 son retour chez lui. &#8220;. (Nuzhetu&#8217;l-Mec\u00e2lis)  <\/p>\n\t\t\t\t\t\t\t\t<\/div>\n\t\t\t\t<\/div>\n\t\t\t\t\t<\/div>\n\t\t\t\t<\/div>\n\t\t<div class=\"elementor-element elementor-element-f055fdf e-flex e-con-boxed e-con e-parent\" data-id=\"f055fdf\" data-element_type=\"container\">\n\t\t\t\t\t<div class=\"e-con-inner\">\n\t\t\t\t<div class=\"elementor-element elementor-element-34fc9dd elementor-absolute elementor-widget elementor-widget-image\" data-id=\"34fc9dd\" data-element_type=\"widget\" data-settings=\"{&quot;_position&quot;:&quot;absolute&quot;}\" data-widget_type=\"image.default\">\n\t\t\t\t<div class=\"elementor-widget-container\">\n\t\t\t\t\t\t\t\t\t\t\t\t\t\t\t<img loading=\"lazy\" decoding=\"async\" width=\"300\" height=\"300\" src=\"https:\/\/hisareurope.com\/wp-content\/uploads\/2024\/09\/Ramazan-Sayfasi-03-300x300.png\" class=\"attachment-medium size-medium wp-image-12748\" alt=\"\" srcset=\"https:\/\/hisareurope.com\/wp-content\/uploads\/2024\/09\/Ramazan-Sayfasi-03-300x300.png 300w, https:\/\/hisareurope.com\/wp-content\/uploads\/2024\/09\/Ramazan-Sayfasi-03-1024x1024.png 1024w, https:\/\/hisareurope.com\/wp-content\/uploads\/2024\/09\/Ramazan-Sayfasi-03-150x150.png 150w, https:\/\/hisareurope.com\/wp-content\/uploads\/2024\/09\/Ramazan-Sayfasi-03-768x769.png 768w, https:\/\/hisareurope.com\/wp-content\/uploads\/2024\/09\/Ramazan-Sayfasi-03.png 1338w\" sizes=\"(max-width: 300px) 100vw, 300px\" title=\"\">\t\t\t\t\t\t\t\t\t\t\t\t\t\t\t<\/div>\n\t\t\t\t<\/div>\n\t\t\t\t<div class=\"elementor-element elementor-element-6bb3ae0 elementor-widget elementor-widget-text-editor\" data-id=\"6bb3ae0\" data-element_type=\"widget\" data-widget_type=\"text-editor.default\">\n\t\t\t\t<div class=\"elementor-widget-container\">\n\t\t\t\t\t\t\t\t\t<p>Au d\u00e9but du Ramadan, notre Proph\u00e8te (que la paix soit sur lui) lib\u00e9rait les captifs et r\u00e9pondait aux besoins du peuple. Quiconque fait de bonnes actions ce mois-ci aura fait d&#8217;innombrables bonnes actions tout au long de l&#8217;ann\u00e9e.<br \/>Une personne qui passe le mois de Ramadan sans prier passera toute l\u2019ann\u00e9e de la m\u00eame mani\u00e8re. Au cours de ce mois sacr\u00e9, les musulmans devraient viser \u00e0 accomplir de nombreuses bonnes actions et \u00e0 suivre une discipline spirituelle.<br \/>Au moment de l&#8217;iftar, le Proph\u00e8te (que la paix soit sur lui) r\u00e9citait la pri\u00e8re suivante : \u00ab La soif est partie, les veines sont refroidies et avec la permission d&#8217;Allah, la r\u00e9compense est fix\u00e9e. \u00bb<br \/>Accomplir la pri\u00e8re tarawih et r\u00e9citer le Saint Coran sont la sunna toujours pratiqu\u00e9e par le Proph\u00e8te Mahomet (que la paix soit sur lui). Ces actes apportent de grandes r\u00e9compenses et r\u00e9compenses aux musulmans. Qu&#8217;Allah nous accorde la capacit\u00e9 d&#8217;accomplir ces bonnes actions au nom de notre Proph\u00e8te bien-aim\u00e9 (sallallahu alayhi wa sallam). Amine. (Lettre-\u0131 \u0130mam Rabb\u00e2n\u00ee, Vol.1, Lettre 45)      <\/p>\n\t\t\t\t\t\t\t\t<\/div>\n\t\t\t\t<\/div>\n\t\t\t\t\t<\/div>\n\t\t\t\t<\/div>\n\t\t<div class=\"elementor-element elementor-element-bb9ce77 e-flex e-con-boxed e-con e-parent\" data-id=\"bb9ce77\" data-element_type=\"container\">\n\t\t\t\t\t<div class=\"e-con-inner\">\n\t\t\t\t<div class=\"elementor-element elementor-element-145068f elementor-widget-mobile__width-inherit elementor-absolute elementor-widget elementor-widget-image\" data-id=\"145068f\" data-element_type=\"widget\" data-settings=\"{&quot;_position&quot;:&quot;absolute&quot;}\" data-widget_type=\"image.default\">\n\t\t\t\t<div class=\"elementor-widget-container\">\n\t\t\t\t\t\t\t\t\t\t\t\t\t\t\t<img loading=\"lazy\" decoding=\"async\" width=\"300\" height=\"300\" src=\"https:\/\/hisareurope.com\/wp-content\/uploads\/2024\/09\/Ramazan-Sayfasi-06-300x300.png\" class=\"attachment-medium size-medium wp-image-12781\" alt=\"\" srcset=\"https:\/\/hisareurope.com\/wp-content\/uploads\/2024\/09\/Ramazan-Sayfasi-06-300x300.png 300w, https:\/\/hisareurope.com\/wp-content\/uploads\/2024\/09\/Ramazan-Sayfasi-06-1024x1024.png 1024w, https:\/\/hisareurope.com\/wp-content\/uploads\/2024\/09\/Ramazan-Sayfasi-06-150x150.png 150w, https:\/\/hisareurope.com\/wp-content\/uploads\/2024\/09\/Ramazan-Sayfasi-06-768x769.png 768w, https:\/\/hisareurope.com\/wp-content\/uploads\/2024\/09\/Ramazan-Sayfasi-06.png 1338w\" sizes=\"(max-width: 300px) 100vw, 300px\" title=\"\">\t\t\t\t\t\t\t\t\t\t\t\t\t\t\t<\/div>\n\t\t\t\t<\/div>\n\t\t\t\t<div class=\"elementor-element elementor-element-dc54bb4 elementor-widget-mobile__width-inherit elementor-absolute elementor-widget elementor-widget-image\" data-id=\"dc54bb4\" data-element_type=\"widget\" data-settings=\"{&quot;_position&quot;:&quot;absolute&quot;}\" data-widget_type=\"image.default\">\n\t\t\t\t<div class=\"elementor-widget-container\">\n\t\t\t\t\t\t\t\t\t\t\t\t\t\t\t<img loading=\"lazy\" decoding=\"async\" width=\"300\" height=\"300\" src=\"https:\/\/hisareurope.com\/wp-content\/uploads\/2024\/09\/Ramazan-Sayfasi-04-300x300.png\" class=\"attachment-medium size-medium wp-image-12786\" alt=\"\" srcset=\"https:\/\/hisareurope.com\/wp-content\/uploads\/2024\/09\/Ramazan-Sayfasi-04-300x300.png 300w, https:\/\/hisareurope.com\/wp-content\/uploads\/2024\/09\/Ramazan-Sayfasi-04-1024x1024.png 1024w, https:\/\/hisareurope.com\/wp-content\/uploads\/2024\/09\/Ramazan-Sayfasi-04-150x150.png 150w, https:\/\/hisareurope.com\/wp-content\/uploads\/2024\/09\/Ramazan-Sayfasi-04-768x769.png 768w, https:\/\/hisareurope.com\/wp-content\/uploads\/2024\/09\/Ramazan-Sayfasi-04.png 1338w\" sizes=\"(max-width: 300px) 100vw, 300px\" title=\"\">\t\t\t\t\t\t\t\t\t\t\t\t\t\t\t<\/div>\n\t\t\t\t<\/div>\n\t\t\t\t<div class=\"elementor-element elementor-element-a94ac14 elementor-widget elementor-widget-text-editor\" data-id=\"a94ac14\" data-element_type=\"widget\" data-widget_type=\"text-editor.default\">\n\t\t\t\t<div class=\"elementor-widget-container\">\n\t\t\t\t\t\t\t\t\t<p><strong>20 RAKATS DE TARAWIH SONT DANS LA SUNNAH-I MUEKKA<\/strong><br \/>Il est sunnah-i muakkada que chaque homme et chaque femme accomplisse la pri\u00e8re de 20 rakat tarawih apr\u00e8s la pri\u00e8re nocturne obligatoire et sunna du Ramadan. Les compagnons et les imams des sectes l&#8217;ont fait. Ceux qui rejettent cela font partie des \u00e9gar\u00e9s.<br \/>\u00c0 l&#8217;\u00e9poque du Proph\u00e8te Muhammad (psl), cela n&#8217;\u00e9tait jou\u00e9 que quelques fois avec la congr\u00e9gation. Parce qu&#8217;il avait peur que cela soit obligatoire pour la Oumma et qu&#8217;il ne puisse pas l&#8217;accomplir. Hz. La pri\u00e8re de Tarawih \u00e9tait ex\u00e9cut\u00e9e en congr\u00e9gation \u00e0 l&#8217;\u00e9poque d&#8217;\u00d6mer, Osman et Ali.<br \/>Il est recommand\u00e9 d&#8217;effectuer la pri\u00e8re tarawih avec un intervalle de 2 rakats et de s&#8217;asseoir tous les 4 rakats suffisamment longtemps pour prier 4 rakats. Si une personne ex\u00e9cute 4 Rakats sans s&#8217;asseoir apr\u00e8s les 2 premiers Rakats, elle n&#8217;aura ex\u00e9cut\u00e9 que 2 Rakats.<br \/>Si une personne qui n&#8217;a pas accompli la pri\u00e8re nocturne obligatoire arrive \u00e0 la congr\u00e9gation en accomplissant la pri\u00e8re tarawih, elle doit d&#8217;abord accomplir la pri\u00e8re nocturne puis suivre l&#8217;imam. Apr\u00e8s avoir effectu\u00e9 la pri\u00e8re du witr avec l&#8217;imam, il doit compl\u00e9ter les rakats qu&#8217;il a manqu\u00e9s de tarawih.<br \/>Si le tarawih a \u00e9t\u00e9 compl\u00e9t\u00e9, il est permis de faire du witr avec un imam uniquement pendant le Ramadan.<br \/>Il est plus vertueux d&#8217;accomplir le taraweeh avec un hatim (r\u00e9citer le Coran en entier). Si cela n&#8217;est pas possible, un total de 10 sourates est r\u00e9cit\u00e9 de la sourate de Alemtara \u00e0 la derni\u00e8re sourate du Coran, c&#8217;est-\u00e0-dire les 10 premi\u00e8res rak&#8217;ahs, puis la m\u00eame sourate est r\u00e9cit\u00e9e dans les 10 derni\u00e8res rak&#8217;ahs.        <\/p>\n<p>Il est dit dans la Fatawa-ul K\u00e2z\u00eeh\u00e2n : Les religieux et les pieux r\u00e9citent le Coran tous les 10 jours du Ramadan. L&#8217;imam Abu Hanifa r\u00e9citait 61 hatims pendant le Ramadan. 30 hatim la nuit, 30 hatim le jour et 1 hatim pendant la pri\u00e8re de Tarawih.  <\/p>\n<p>Le Proph\u00e8te Muhammad (psl) a dit : Les musulmans qui sont oblig\u00e9s d&#8217;ob\u00e9ir \u00e0 Allah et de suivre Son Proph\u00e8te ! En effet, Allah vous a rendu obligatoire le je\u00fbne du Ramadan. J&#8217;ai \u00e9galement fait de la sunnah la pri\u00e8re de Tarawih la nuit. &#8220;Quiconque croit sinc\u00e8rement et esp\u00e8re la r\u00e9compense du je\u00fbne le jour et de la pri\u00e8re la nuit, ses p\u00e9ch\u00e9s lui seront pardonn\u00e9s et il sera purifi\u00e9 de ses p\u00e9ch\u00e9s comme s&#8217;il \u00e9tait n\u00e9 de sa m\u00e8re.&#8221;   <\/p>\n\t\t\t\t\t\t\t\t<\/div>\n\t\t\t\t<\/div>\n\t\t\t\t\t<\/div>\n\t\t\t\t<\/div>\n\t\t\t\t<\/div>\n\t\t","protected":false},"excerpt":{"rendered":"<p>Le Proph\u00e8te (saas) a dit : \u00ab La Omra accomplie pendant le Ramadan est un p\u00e8lerinage complet ;\u00ab La Omra accomplie pendant le Ramadan est un p\u00e8lerinage complet,ou c&#8217;est un p\u00e8lerinage accompli avec moi. \u00bb(Bukhari, Muslim, Tirmidhi) \u00bb. L&#8217;IMPORTANCE DU RAMAZAN-I SHARIFLe Proph\u00e8te (sallall\u00e2hu &#8216;alayhi wa sallam) a dit :\u00ab Quiconque assiste \u00e0 une assembl\u00e9e [&hellip;]<\/p>\n","protected":false},"author":12,"featured_media":0,"parent":0,"menu_order":0,"comment_status":"closed","ping_status":"closed","template":"elementor_header_footer","meta":{"_joinchat":[],"footnotes":""},"class_list":["post-12860","page","type-page","status-publish","hentry"],"_links":{"self":[{"href":"https:\/\/hisareurope.com\/fr\/wp-json\/wp\/v2\/pages\/12860","targetHints":{"allow":["GET"]}}],"collection":[{"href":"https:\/\/hisareurope.com\/fr\/wp-json\/wp\/v2\/pages"}],"about":[{"href":"https:\/\/hisareurope.com\/fr\/wp-json\/wp\/v2\/types\/page"}],"author":[{"embeddable":true,"href":"https:\/\/hisareurope.com\/fr\/wp-json\/wp\/v2\/users\/12"}],"replies":[{"embeddable":true,"href":"https:\/\/hisareurope.com\/fr\/wp-json\/wp\/v2\/comments?post=12860"}],"version-history":[{"count":3,"href":"https:\/\/hisareurope.com\/fr\/wp-json\/wp\/v2\/pages\/12860\/revisions"}],"predecessor-version":[{"id":21650,"href":"https:\/\/hisareurope.com\/fr\/wp-json\/wp\/v2\/pages\/12860\/revisions\/21650"}],"wp:attachment":[{"href":"https:\/\/hisareurope.com\/fr\/wp-json\/wp\/v2\/media?parent=12860"}],"curies":[{"name":"wp","href":"https:\/\/api.w.org\/{rel}","templated":true}]}}