{"id":10931,"date":"2023-11-29T08:17:01","date_gmt":"2023-11-29T07:17:01","guid":{"rendered":"https:\/\/hisareurope.com\/contact\/"},"modified":"2025-09-29T13:48:42","modified_gmt":"2025-09-29T11:48:42","slug":"contact","status":"publish","type":"page","link":"https:\/\/hisareurope.com\/fr\/contact\/","title":{"rendered":"Contact"},"content":{"rendered":"<style>.elementor-10931 .elementor-element.elementor-element-3b29b43{--display:flex;--flex-direction:row;--container-widget-width:calc( ( 1 - var( --container-widget-flex-grow ) ) * 100% );--container-widget-height:100%;--container-widget-flex-grow:1;--container-widget-align-self:stretch;--flex-wrap-mobile:wrap;--align-items:stretch;--gap:0px 0px;--row-gap:0px;--column-gap:0px;--margin-top:55px;--margin-bottom:55px;--margin-left:0px;--margin-right:0px;--padding-top:0px;--padding-bottom:100px;--padding-left:0px;--padding-right:0px;}.elementor-10931 .elementor-element.elementor-element-69cd4fc{--display:flex;}.elementor-widget-heading .elementor-heading-title{font-family:var( --e-global-typography-primary-font-family ), Sans-serif;font-weight:var( --e-global-typography-primary-font-weight );color:var( --e-global-color-primary );}.elementor-widget-text-editor{font-family:var( --e-global-typography-text-font-family ), Sans-serif;font-weight:var( --e-global-typography-text-font-weight );color:var( --e-global-color-text );}.elementor-widget-text-editor.elementor-drop-cap-view-stacked .elementor-drop-cap{background-color:var( --e-global-color-primary );}.elementor-widget-text-editor.elementor-drop-cap-view-framed .elementor-drop-cap, .elementor-widget-text-editor.elementor-drop-cap-view-default .elementor-drop-cap{color:var( --e-global-color-primary );border-color:var( --e-global-color-primary );}:root{--page-title-display:none;}@media(max-width:1024px) and (min-width:768px){.elementor-10931 .elementor-element.elementor-element-69cd4fc{--width:100%;}}@media(max-width:1024px){.elementor-10931 .elementor-element.elementor-element-3b29b43{--padding-top:0px;--padding-bottom:40px;--padding-left:10px;--padding-right:10px;}.elementor-10931 .elementor-element.elementor-element-69cd4fc{--padding-top:0px;--padding-bottom:66px;--padding-left:0px;--padding-right:0px;}}<\/style>\t\t<div data-elementor-type=\"wp-page\" data-elementor-id=\"10931\" class=\"elementor elementor-10931 elementor-10924\" data-elementor-post-type=\"page\">\n\t\t\t\t<div class=\"elementor-element elementor-element-3b29b43 e-flex e-con-boxed e-con e-parent\" data-id=\"3b29b43\" data-element_type=\"container\">\n\t\t\t\t\t<div class=\"e-con-inner\">\n\t\t<div class=\"elementor-element elementor-element-69cd4fc e-con-full e-flex e-con e-child\" data-id=\"69cd4fc\" data-element_type=\"container\">\n\t\t\t\t<div class=\"elementor-element elementor-element-68d9f2f elementor-widget elementor-widget-heading\" data-id=\"68d9f2f\" data-element_type=\"widget\" data-widget_type=\"heading.default\">\n\t\t\t\t<div class=\"elementor-widget-container\">\n\t\t\t\t\t<h2 class=\"elementor-heading-title elementor-size-default\">Laissez-nous vous appeler !<\/h2>\t\t\t\t<\/div>\n\t\t\t\t<\/div>\n\t\t\t\t<div class=\"elementor-element elementor-element-e2c91b2 elementor-widget elementor-widget-text-editor\" data-id=\"e2c91b2\" data-element_type=\"widget\" data-widget_type=\"text-editor.default\">\n\t\t\t\t<div class=\"elementor-widget-container\">\n\t\t\t\t\t\t\t\t\t<blockquote>\n<p>Nous sommes l\u00e0 pour vous en dire plus sur nos services. Communiquez-nous vos coordonn\u00e9es et nous vous appellerons.<\/p>\n<\/blockquote>\n\t\t\t\t\t\t\t\t<\/div>\n\t\t\t\t<\/div>\n\t\t\t\t<div class=\"elementor-element elementor-element-fd0f97d elementor-widget elementor-widget-wpforms\" data-id=\"fd0f97d\" data-element_type=\"widget\" data-widget_type=\"wpforms.default\">\n\t\t\t\t<div class=\"elementor-widget-container\">\n\t\t\t\t\t<div class=\"wpforms-container wpforms-container-full wpforms-render-modern\" id=\"wpforms-5910\"><form id=\"wpforms-form-5910\" class=\"wpforms-validate wpforms-form wpforms-ajax-form\" data-formid=\"5910\" method=\"post\" enctype=\"multipart\/form-data\" action=\"\/fr\/wp-json\/wp\/v2\/pages\/10931\" data-token=\"2823cda2994eb1b6c511edfb8f1e780a\" data-token-time=\"1776036504\"><noscript class=\"wpforms-error-noscript\">Veuillez activer JavaScript dans votre navigateur pour remplir ce formulaire.<\/noscript><div id=\"wpforms-error-noscript\" style=\"display: none;\">Veuillez activer JavaScript dans votre navigateur pour remplir ce formulaire.<\/div><div class=\"wpforms-field-container\"><div id=\"wpforms-5910-field_10-container\" class=\"wpforms-field wpforms-field-select wpforms-field-select-style-modern\" data-field-id=\"10\"><label class=\"wpforms-field-label\" for=\"wpforms-5910-field_10\">Sujet <span class=\"wpforms-required-label\" aria-hidden=\"true\">*<\/span><\/label><select id=\"wpforms-5910-field_10\" class=\"wpforms-field-large wpforms-field-required choicesjs-select\" data-size-class=\"wpforms-field-row wpforms-field-large\" data-search-enabled=\"\" name=\"wpforms[fields][10]\" required=\"required\"><option value=\"\" class=\"placeholder\" disabled  selected='selected'><\/option><option value=\"Demande\"  class=\"choice-1 depth-1\"  >Demande<\/option><option value=\"Recommandation\"  class=\"choice-4 depth-1\"  >Recommandation<\/option><option value=\"Remerciements\"  class=\"choice-5 depth-1\"  >Remerciements<\/option><option value=\"Autres\"  class=\"choice-7 depth-1\"  >Autres<\/option><\/select><\/div><div id=\"wpforms-5910-field_4-container\" class=\"wpforms-field wpforms-field-layout\" data-field-id=\"4\"><div class=\"wpforms-field-layout-columns wpforms-field-layout-preset-50-50\"><div class=\"wpforms-layout-column wpforms-layout-column-50\" ><div id=\"wpforms-5910-field_3-container\" class=\"wpforms-field wpforms-field-text\" data-field-id=\"3\"><label class=\"wpforms-field-label\" for=\"wpforms-5910-field_3\">Nom <span class=\"wpforms-required-label\" aria-hidden=\"true\">*<\/span><\/label><input type=\"text\" id=\"wpforms-5910-field_3\" class=\"wpforms-field-medium wpforms-field-required\" name=\"wpforms[fields][3]\" aria-errormessage=\"wpforms-5910-field_3-error\" required><\/div><\/div><div class=\"wpforms-layout-column wpforms-layout-column-50\" ><div id=\"wpforms-5910-field_5-container\" class=\"wpforms-field wpforms-field-text\" data-field-id=\"5\"><label class=\"wpforms-field-label\" for=\"wpforms-5910-field_5\">Nom de famille <span class=\"wpforms-required-label\" aria-hidden=\"true\">*<\/span><\/label><input type=\"text\" id=\"wpforms-5910-field_5\" class=\"wpforms-field-medium wpforms-field-required\" name=\"wpforms[fields][5]\" aria-errormessage=\"wpforms-5910-field_5-error\" required><\/div><\/div><\/div><\/div>\t\t<div id=\"wpforms-5910-field_1-container\"\n\t\t\tclass=\"wpforms-field wpforms-field-text\"\n\t\t\tdata-field-type=\"text\"\n\t\t\tdata-field-id=\"1\"\n\t\t\t>\n\t\t\t<label class=\"wpforms-field-label\" for=\"wpforms-5910-field_1\" >Courrier en \u00e9lectronique<\/label>\n\t\t\t<input type=\"text\" id=\"wpforms-5910-field_1\" class=\"wpforms-field-medium\" name=\"wpforms[fields][1]\" >\n\t\t<\/div>\n\t\t<div id=\"wpforms-5910-field_8-container\" class=\"wpforms-field wpforms-field-layout\" data-field-id=\"8\"><div class=\"wpforms-field-layout-columns wpforms-field-layout-preset-50-50\"><div class=\"wpforms-layout-column wpforms-layout-column-50\" ><div id=\"wpforms-5910-field_6-container\" class=\"wpforms-field wpforms-field-email\" data-field-id=\"6\"><label class=\"wpforms-field-label\" for=\"wpforms-5910-field_6\">Courrier \u00e9lectronique <span class=\"wpforms-required-label\" aria-hidden=\"true\">*<\/span><\/label><input type=\"email\" id=\"wpforms-5910-field_6\" class=\"wpforms-field-medium wpforms-field-required\" name=\"wpforms[fields][6]\" spellcheck=\"false\" aria-errormessage=\"wpforms-5910-field_6-error\" required><\/div><\/div><div class=\"wpforms-layout-column wpforms-layout-column-50\" ><div id=\"wpforms-5910-field_7-container\" class=\"wpforms-field wpforms-field-phone\" data-field-id=\"7\"><label class=\"wpforms-field-label\" for=\"wpforms-5910-field_7\">T\u00e9l\u00e9phone<\/label><input type=\"tel\" id=\"wpforms-5910-field_7\" class=\"wpforms-field-medium wpforms-smart-phone-field\" data-rule-smart-phone-field=\"true\" name=\"wpforms[fields][7]\" aria-label=\"T\u00e9l\u00e9phone\" aria-errormessage=\"wpforms-5910-field_7-error\" ><\/div><\/div><\/div><\/div><div id=\"wpforms-5910-field_9-container\" class=\"wpforms-field wpforms-field-textarea\" data-field-id=\"9\"><label class=\"wpforms-field-label\" for=\"wpforms-5910-field_9\">Votre message<\/label><textarea id=\"wpforms-5910-field_9\" class=\"wpforms-field-medium\" name=\"wpforms[fields][9]\" aria-errormessage=\"wpforms-5910-field_9-error\" ><\/textarea><\/div><div id=\"wpforms-5910-field_11-container\" class=\"wpforms-field wpforms-field-checkbox\" data-field-id=\"11\"><fieldset><legend class=\"wpforms-field-label wpforms-label-hide\" aria-hidden=\"false\">Newsletter<\/legend><ul id=\"wpforms-5910-field_11\"><li class=\"choice-1 depth-1 wpforms-selected\"><input type=\"checkbox\" id=\"wpforms-5910-field_11_1\" name=\"wpforms[fields][11][]\" value=\"Hisar Europe b\u00fclten aboneli\u011finize \u00fcye olmak istiyorum.\" aria-errormessage=\"wpforms-5910-field_11_1-error\"   checked='checked'><label class=\"wpforms-field-label-inline\" for=\"wpforms-5910-field_11_1\">Hisar Europe b\u00fclten aboneli\u011finize \u00fcye olmak istiyorum.<\/label><\/li><\/ul><\/fieldset><\/div><script>\n\t\t\t\t( function() {\n\t\t\t\t\tconst style = document.createElement( 'style' );\n\t\t\t\t\tstyle.appendChild( document.createTextNode( '#wpforms-5910-field_1-container { position: absolute !important; overflow: hidden !important; display: inline !important; height: 1px !important; width: 1px !important; z-index: -1000 !important; padding: 0 !important; } #wpforms-5910-field_1-container input { visibility: hidden; } #wpforms-conversational-form-page #wpforms-5910-field_1-container label { counter-increment: none; }' ) );\n\t\t\t\t\tdocument.head.appendChild( style );\n\t\t\t\t\tdocument.currentScript?.remove();\n\t\t\t\t} )();\n\t\t\t<\/script><\/div><!-- .wpforms-field-container --><input type=\"hidden\" name=\"nlang\" value=\"fr\"><div class=\"wpforms-recaptcha-container wpforms-is-recaptcha wpforms-is-recaptcha-type-v3\" ><input type=\"hidden\" name=\"wpforms[recaptcha]\" value=\"\"><\/div><div class=\"wpforms-submit-container\" ><input type=\"hidden\" name=\"wpforms[id]\" value=\"5910\"><input type=\"hidden\" name=\"page_title\" value=\"\"><input type=\"hidden\" name=\"page_url\" value=\"https:\/\/hisareurope.com\/fr\/wp-json\/wp\/v2\/pages\/10931\"><input type=\"hidden\" name=\"url_referer\" value=\"\"><button type=\"submit\" name=\"wpforms[submit]\" id=\"wpforms-submit-5910\" class=\"wpforms-submit w-100\" data-alt-text=\"Envoi\" data-submit-text=\"Envoyer\" aria-live=\"assertive\" value=\"wpforms-submit\">Envoyer<\/button><img decoding=\"async\" src=\"https:\/\/hisareurope.com\/wp-content\/plugins\/wpforms\/assets\/images\/submit-spin.svg\" class=\"wpforms-submit-spinner\" style=\"display: none;\" width=\"26\" height=\"26\" alt=\"Chargement en cours\" title=\"\"><\/div><\/form><\/div>  <!-- .wpforms-container -->\t\t\t\t<\/div>\n\t\t\t\t<\/div>\n\t\t\t\t<\/div>\n\t\t\t\t\t<\/div>\n\t\t\t\t<\/div>\n\t\t\t\t<\/div>\n\t\t","protected":false},"excerpt":{"rendered":"<p>Laissez-nous vous appeler ! Nous sommes l\u00e0 pour vous en dire plus sur nos services. Communiquez-nous vos coordonn\u00e9es et nous vous appellerons. Bu formu bitirebilmek i\u00e7in taray\u0131c\u0131n\u0131zda JavaScript&#039;i etkinle\u015ftirin.Bu formu bitirebilmek i\u00e7in taray\u0131c\u0131n\u0131zda JavaScript&#039;i etkinle\u015ftirin.Konu *Talep\u00d6neriTe\u015fekk\u00fcrDi\u011fer\u0130sim *Soyisim *E-Mail *Telefon Mesaj\u0131n\u0131z Newsletter Hisar Europe b\u00fclten aboneli\u011finize \u00fcye olmak istiyorum. G\u00f6nder<\/p>\n","protected":false},"author":12,"featured_media":0,"parent":0,"menu_order":0,"comment_status":"closed","ping_status":"closed","template":"elementor_header_footer","meta":{"_joinchat":[],"footnotes":""},"class_list":["post-10931","page","type-page","status-publish","hentry"],"_links":{"self":[{"href":"https:\/\/hisareurope.com\/fr\/wp-json\/wp\/v2\/pages\/10931","targetHints":{"allow":["GET"]}}],"collection":[{"href":"https:\/\/hisareurope.com\/fr\/wp-json\/wp\/v2\/pages"}],"about":[{"href":"https:\/\/hisareurope.com\/fr\/wp-json\/wp\/v2\/types\/page"}],"author":[{"embeddable":true,"href":"https:\/\/hisareurope.com\/fr\/wp-json\/wp\/v2\/users\/12"}],"replies":[{"embeddable":true,"href":"https:\/\/hisareurope.com\/fr\/wp-json\/wp\/v2\/comments?post=10931"}],"version-history":[{"count":3,"href":"https:\/\/hisareurope.com\/fr\/wp-json\/wp\/v2\/pages\/10931\/revisions"}],"predecessor-version":[{"id":21929,"href":"https:\/\/hisareurope.com\/fr\/wp-json\/wp\/v2\/pages\/10931\/revisions\/21929"}],"wp:attachment":[{"href":"https:\/\/hisareurope.com\/fr\/wp-json\/wp\/v2\/media?parent=10931"}],"curies":[{"name":"wp","href":"https:\/\/api.w.org\/{rel}","templated":true}]}}