{"id":8413,"date":"2023-09-01T07:37:22","date_gmt":"2023-09-01T05:37:22","guid":{"rendered":"https:\/\/hisareurope.com\/print-en\/"},"modified":"2026-01-06T12:11:59","modified_gmt":"2026-01-06T11:11:59","slug":"imprint","status":"publish","type":"page","link":"https:\/\/hisareurope.com\/en\/imprint\/","title":{"rendered":"Impressum"},"content":{"rendered":"<style>.elementor-8413 .elementor-element.elementor-element-eaffb1e{--display:flex;--flex-direction:column;--container-widget-width:100%;--container-widget-height:initial;--container-widget-flex-grow:0;--container-widget-align-self:initial;--flex-wrap-mobile:wrap;--margin-top:120px;--margin-bottom:0px;--margin-left:0px;--margin-right:0px;}.elementor-widget-heading .elementor-heading-title{font-family:var( --e-global-typography-primary-font-family ), Sans-serif;font-weight:var( --e-global-typography-primary-font-weight );color:var( --e-global-color-primary );}.elementor-8413 .elementor-element.elementor-element-7693d50{text-align:center;}.elementor-8413 .elementor-element.elementor-element-7693d50 .elementor-heading-title{font-family:var( --e-global-typography-accent-font-family ), Sans-serif;font-weight:var( --e-global-typography-accent-font-weight );color:var( --e-global-color-secondary );}.elementor-8413 .elementor-element.elementor-element-b87399e{--display:flex;--flex-direction:column;--container-widget-width:100%;--container-widget-height:initial;--container-widget-flex-grow:0;--container-widget-align-self:initial;--flex-wrap-mobile:wrap;--margin-top:0px;--margin-bottom:180px;--margin-left:0px;--margin-right:0px;}.elementor-widget-text-editor{font-family:var( --e-global-typography-text-font-family ), Sans-serif;font-weight:var( --e-global-typography-text-font-weight );color:var( --e-global-color-text );}.elementor-widget-text-editor.elementor-drop-cap-view-stacked .elementor-drop-cap{background-color:var( --e-global-color-primary );}.elementor-widget-text-editor.elementor-drop-cap-view-framed .elementor-drop-cap, .elementor-widget-text-editor.elementor-drop-cap-view-default .elementor-drop-cap{color:var( --e-global-color-primary );border-color:var( --e-global-color-primary );}<\/style>\t\t<div data-elementor-type=\"wp-page\" data-elementor-id=\"8413\" class=\"elementor elementor-8413 elementor-4377\" data-elementor-post-type=\"page\">\n\t\t\t\t<div class=\"elementor-element elementor-element-eaffb1e e-flex e-con-boxed e-con e-parent\" data-id=\"eaffb1e\" data-element_type=\"container\">\n\t\t\t\t\t<div class=\"e-con-inner\">\n\t\t\t\t<div class=\"elementor-element elementor-element-7693d50 elementor-widget elementor-widget-heading\" data-id=\"7693d50\" data-element_type=\"widget\" data-widget_type=\"heading.default\">\n\t\t\t\t<div class=\"elementor-widget-container\">\n\t\t\t\t\t<h1 class=\"elementor-heading-title elementor-size-default\">Impressum<\/h1>\t\t\t\t<\/div>\n\t\t\t\t<\/div>\n\t\t\t\t\t<\/div>\n\t\t\t\t<\/div>\n\t\t<div class=\"elementor-element elementor-element-b87399e e-flex e-con-boxed e-con e-parent\" data-id=\"b87399e\" data-element_type=\"container\">\n\t\t\t\t\t<div class=\"e-con-inner\">\n\t\t\t\t<div class=\"elementor-element elementor-element-d849f4c elementor-widget elementor-widget-text-editor\" data-id=\"d849f4c\" data-element_type=\"widget\" data-widget_type=\"text-editor.default\">\n\t\t\t\t<div class=\"elementor-widget-container\">\n\t\t\t\t\t\t\t\t\t<p style=\"box-sizing: inherit; border: 0px #e1e1e1; outline: 0px; vertical-align: baseline; background-image: none; background-position: 0% 0%; background-size: auto; background-repeat: repeat; background-attachment: scroll; background-origin: padding-box; background-clip: border-box; margin-bottom: 20px; padding: 0px; line-height: 1.7; caret-color: #8c8c8c; color: #8c8c8c; font-family: Poppins, sans-serif; font-size: 14px;\"><u style=\"box-sizing: inherit; border-color: #e1e1e1;\"><b style=\"box-sizing: inherit; border: 0px #e1e1e1; outline: 0px; vertical-align: baseline; background-image: none; background-position: 0% 0%; background-size: auto; background-repeat: repeat; background-attachment: scroll; background-origin: padding-box; background-clip: border-box; margin: 0px; padding: 0px;\">Anbieter dieser Internetpr\u00e4senz ist die<\/b><\/u><\/p><blockquote><p style=\"box-sizing: inherit; border: 0px #e1e1e1; outline: 0px; vertical-align: baseline; background-image: none; background-position: 0% 0%; background-size: auto; background-repeat: repeat; background-attachment: scroll; background-origin: padding-box; background-clip: border-box; margin-bottom: 20px; padding: 0px; line-height: 1.7; caret-color: #8c8c8c; color: #8c8c8c; font-family: Poppins, sans-serif; font-size: 14px;\">Hisar Europe Travel GmbH<\/p><p style=\"box-sizing: inherit; border: 0px #e1e1e1; outline: 0px; vertical-align: baseline; background-image: none; background-position: 0% 0%; background-size: auto; background-repeat: repeat; background-attachment: scroll; background-origin: padding-box; background-clip: border-box; margin-bottom: 20px; padding: 0px; line-height: 1.7; caret-color: #8c8c8c; color: #8c8c8c; font-family: Poppins, sans-serif; font-size: 14px;\">Venloer Str. 379-381<\/p><p style=\"box-sizing: inherit; border: 0px #e1e1e1; outline: 0px; vertical-align: baseline; background-image: none; background-position: 0% 0%; background-size: auto; background-repeat: repeat; background-attachment: scroll; background-origin: padding-box; background-clip: border-box; margin-bottom: 20px; padding: 0px; line-height: 1.7; caret-color: #8c8c8c; color: #8c8c8c; font-family: Poppins, sans-serif; font-size: 14px;\">50825 K\u00f6ln Deutschland<\/p><p style=\"box-sizing: inherit; border: 0px #e1e1e1; outline: 0px; vertical-align: baseline; background-image: none; background-position: 0% 0%; background-size: auto; background-repeat: repeat; background-attachment: scroll; background-origin: padding-box; background-clip: border-box; margin-bottom: 20px; padding: 0px; line-height: 1.7; caret-color: #8c8c8c; color: #8c8c8c; font-family: Poppins, sans-serif; font-size: 14px;\">Telefon: +49 (0) 221 75993636<\/p><p style=\"box-sizing: inherit; border: 0px #e1e1e1; outline: 0px; vertical-align: baseline; background-image: none; background-position: 0% 0%; background-size: auto; background-repeat: repeat; background-attachment: scroll; background-origin: padding-box; background-clip: border-box; margin-bottom: 20px; padding: 0px; line-height: 1.7; caret-color: #8c8c8c; color: #8c8c8c; font-family: Poppins, sans-serif; font-size: 14px;\">Fax: +49 (0) 221 75993638<\/p><p style=\"box-sizing: inherit; border: 0px #e1e1e1; outline: 0px; vertical-align: baseline; background-image: none; background-position: 0% 0%; background-size: auto; background-repeat: repeat; background-attachment: scroll; background-origin: padding-box; background-clip: border-box; margin-bottom: 20px; padding: 0px; line-height: 1.7; caret-color: #8c8c8c; color: #8c8c8c; font-family: Poppins, sans-serif; font-size: 14px;\">info@hisareurope.de<\/p><\/blockquote><p style=\"box-sizing: inherit; border: 0px #e1e1e1; outline: 0px; vertical-align: baseline; background-image: none; background-position: 0% 0%; background-size: auto; background-repeat: repeat; background-attachment: scroll; background-origin: padding-box; background-clip: border-box; margin-bottom: 20px; padding: 0px; line-height: 1.7; caret-color: #8c8c8c; color: #8c8c8c; font-family: Poppins, sans-serif; font-size: 14px;\">Hisar Europe Travel GmbH is registered with the Cologne District Court under commercial registration number HRB 30637. It is represented by Burak Demirci and H\u00fcseyin Demirci. Their VAT identification number is: DE197822242.  <\/p><p style=\"box-sizing: inherit; border: 0px #e1e1e1; outline: 0px; vertical-align: baseline; background-image: none; background-position: 0% 0%; background-size: auto; background-repeat: repeat; background-attachment: scroll; background-origin: padding-box; background-clip: border-box; margin-bottom: 20px; padding: 0px; line-height: 1.7; caret-color: #8c8c8c; color: #8c8c8c; font-family: Poppins, sans-serif; font-size: 14px;\">Hisar Europe Travel GmbH is licensed as an insurance broker in accordance with \u00a7 34d para. 1 GewO; the competent supervisory authority is the Cologne Chamber of Commerce and Industry, Unter Sachsenhausen 10 \u2013 26, 50667 Cologne, Germany. <\/p><p style=\"box-sizing: inherit; border: 0px #e1e1e1; outline: 0px; vertical-align: baseline; background-image: none; background-position: 0% 0%; background-size: auto; background-repeat: repeat; background-attachment: scroll; background-origin: padding-box; background-clip: border-box; margin-bottom: 20px; padding: 0px; line-height: 1.7; caret-color: #8c8c8c; color: #8c8c8c; font-family: Poppins, sans-serif; font-size: 14px;\">Soweit durch Verlinkung auf andere Server bzw. andere Websites zus\u00e4tzliche Informationen zug\u00e4nglich gemacht werden, findet eine Inhaltskontrolle durch Hisar Europe Travel GmbH nicht statt; jegliche Haftung f\u00fcr den Inhalt dieser Seiten ist ausgeschlossen. Ebenso wird die Haftung f\u00fcr Sch\u00e4den, die direkt oder indirekt aus der Benutzung dieser Website entstehen, ausgeschlossen, soweit diese nicht auf Vorsatz oder grober Fahrl\u00e4ssigkeit beruhen.  <\/p><blockquote><p style=\"box-sizing: inherit; border: 0px #e1e1e1; outline: 0px; vertical-align: baseline; background-image: none; background-position: 0% 0%; background-size: auto; background-repeat: repeat; background-attachment: scroll; background-origin: padding-box; background-clip: border-box; margin-bottom: 20px; padding: 0px; line-height: 1.7; caret-color: #8c8c8c; color: #8c8c8c; font-family: Poppins, sans-serif; font-size: 14px;\">Inhalt und Gestaltung dieser Website sind urheberrechtlich gesch\u00fctzt. Eine weitere Verwendung ist nur nach Einwilligung durch den jeweiligen Inhaber des Urheberrechts an betreffenden Texten, Grafiken oder sonstigen Bestandteilen m\u00f6glich. <\/p><\/blockquote>\t\t\t\t\t\t\t\t<\/div>\n\t\t\t\t<\/div>\n\t\t\t\t\t<\/div>\n\t\t\t\t<\/div>\n\t\t\t\t<\/div>\n\t\t","protected":false},"excerpt":{"rendered":"<p>Impressum Anbieter dieser Internetpr\u00e4senz ist die Hisar Europe Travel GmbH Venloer Str. 379-381 50825 K\u00f6ln Deutschland Telefon: +49 (0) 221 75993636 Fax: +49 (0) 221 75993638 info@hisareurope.de Hisar Europe Travel GmbH is registered with the Cologne District Court under commercial registration number HRB 30637. It is represented by Burak Demirci and H\u00fcseyin Demirci. Their VAT [&hellip;]<\/p>\n","protected":false},"author":1,"featured_media":0,"parent":0,"menu_order":0,"comment_status":"closed","ping_status":"closed","template":"elementor_header_footer","meta":{"_joinchat":[],"footnotes":""},"class_list":["post-8413","page","type-page","status-publish","hentry"],"_links":{"self":[{"href":"https:\/\/hisareurope.com\/en\/wp-json\/wp\/v2\/pages\/8413","targetHints":{"allow":["GET"]}}],"collection":[{"href":"https:\/\/hisareurope.com\/en\/wp-json\/wp\/v2\/pages"}],"about":[{"href":"https:\/\/hisareurope.com\/en\/wp-json\/wp\/v2\/types\/page"}],"author":[{"embeddable":true,"href":"https:\/\/hisareurope.com\/en\/wp-json\/wp\/v2\/users\/1"}],"replies":[{"embeddable":true,"href":"https:\/\/hisareurope.com\/en\/wp-json\/wp\/v2\/comments?post=8413"}],"version-history":[{"count":5,"href":"https:\/\/hisareurope.com\/en\/wp-json\/wp\/v2\/pages\/8413\/revisions"}],"predecessor-version":[{"id":23736,"href":"https:\/\/hisareurope.com\/en\/wp-json\/wp\/v2\/pages\/8413\/revisions\/23736"}],"wp:attachment":[{"href":"https:\/\/hisareurope.com\/en\/wp-json\/wp\/v2\/media?parent=8413"}],"curies":[{"name":"wp","href":"https:\/\/api.w.org\/{rel}","templated":true}]}}