{"id":12867,"date":"2024-09-10T13:49:51","date_gmt":"2024-09-10T11:49:51","guid":{"rendered":"https:\/\/hisareurope.com\/ramadan-i-sherif-umrah\/"},"modified":"2025-12-08T09:32:53","modified_gmt":"2025-12-08T08:32:53","slug":"ramadan-i-sherif-umrah","status":"publish","type":"page","link":"https:\/\/hisareurope.com\/en\/ramadan-i-sherif-umrah\/","title":{"rendered":"RAMADAN-I SHERIF Umrah"},"content":{"rendered":"<style>.elementor-12867 .elementor-element.elementor-element-80b61f2{--display:flex;--flex-direction:column;--container-widget-width:100%;--container-widget-height:initial;--container-widget-flex-grow:0;--container-widget-align-self:initial;--flex-wrap-mobile:wrap;--margin-top:0px;--margin-bottom:0px;--margin-left:0px;--margin-right:0px;--padding-top:0px;--padding-bottom:0px;--padding-left:0px;--padding-right:0px;}.elementor-12867 .elementor-element.elementor-element-80b61f2:not(.elementor-motion-effects-element-type-background), .elementor-12867 .elementor-element.elementor-element-80b61f2 > .elementor-motion-effects-container > .elementor-motion-effects-layer{background-color:#FFFFFF;}.elementor-widget-image .widget-image-caption{color:var( --e-global-color-text );font-family:var( --e-global-typography-text-font-family ), Sans-serif;font-weight:var( --e-global-typography-text-font-weight );}.elementor-12867 .elementor-element.elementor-element-3a96876{--display:flex;--flex-direction:row;--container-widget-width:initial;--container-widget-height:100%;--container-widget-flex-grow:1;--container-widget-align-self:stretch;--flex-wrap-mobile:wrap;--margin-top:0px;--margin-bottom:0px;--margin-left:0px;--margin-right:0px;--padding-top:0px;--padding-bottom:0px;--padding-left:0px;--padding-right:0px;}.elementor-12867 .elementor-element.elementor-element-c2cb227{--display:flex;--justify-content:center;--align-items:center;--container-widget-width:calc( ( 1 - var( --container-widget-flex-grow ) ) * 100% );--gap:0px 0px;--row-gap:0px;--column-gap:0px;}.elementor-12867 .elementor-element.elementor-element-38d633a{text-align:center;}.elementor-12867 .elementor-element.elementor-element-38d633a > .elementor-widget-container{margin:0px 0px 0px 0px;padding:0px 0px 0px 0px;}.elementor-12867 .elementor-element.elementor-element-8f7e3fa{--display:flex;--flex-direction:column;--container-widget-width:100%;--container-widget-height:initial;--container-widget-flex-grow:0;--container-widget-align-self:initial;--flex-wrap-mobile:wrap;--margin-top:0px;--margin-bottom:25px;--margin-left:0px;--margin-right:0px;}.elementor-widget-text-editor{font-family:var( --e-global-typography-text-font-family ), Sans-serif;font-weight:var( --e-global-typography-text-font-weight );color:var( --e-global-color-text );}.elementor-widget-text-editor.elementor-drop-cap-view-stacked .elementor-drop-cap{background-color:var( --e-global-color-primary );}.elementor-widget-text-editor.elementor-drop-cap-view-framed .elementor-drop-cap, .elementor-widget-text-editor.elementor-drop-cap-view-default .elementor-drop-cap{color:var( --e-global-color-primary );border-color:var( --e-global-color-primary );}.elementor-12867 .elementor-element.elementor-element-3a029d6{text-align:center;font-family:\"Arial\", Sans-serif;font-size:20px;font-weight:500;line-height:2em;color:#257864;}.elementor-12867 .elementor-element.elementor-element-3798ec9{--display:flex;--flex-direction:column;--container-widget-width:100%;--container-widget-height:initial;--container-widget-flex-grow:0;--container-widget-align-self:initial;--flex-wrap-mobile:wrap;--margin-top:0px;--margin-bottom:0px;--margin-left:0px;--margin-right:0px;--padding-top:0px;--padding-bottom:0px;--padding-left:50px;--padding-right:50px;}.elementor-12867 .elementor-element.elementor-element-3798ec9.e-con{--flex-grow:0;--flex-shrink:0;}body:not(.rtl) .elementor-12867 .elementor-element.elementor-element-1e9e406{right:0px;}body.rtl .elementor-12867 .elementor-element.elementor-element-1e9e406{left:0px;}.elementor-12867 .elementor-element.elementor-element-1e9e406{top:0px;}.elementor-12867 .elementor-element.elementor-element-5cfc2f2{text-align:center;font-family:\"Arial\", Sans-serif;font-size:18px;font-weight:500;line-height:2em;color:#257864;}.elementor-12867 .elementor-element.elementor-element-f055fdf{--display:flex;--flex-direction:column;--container-widget-width:100%;--container-widget-height:initial;--container-widget-flex-grow:0;--container-widget-align-self:initial;--flex-wrap-mobile:wrap;--margin-top:0px;--margin-bottom:0px;--margin-left:0px;--margin-right:0px;--padding-top:0px;--padding-bottom:0px;--padding-left:50px;--padding-right:50px;}.elementor-12867 .elementor-element.elementor-element-f055fdf.e-con{--flex-grow:0;--flex-shrink:0;}body:not(.rtl) .elementor-12867 .elementor-element.elementor-element-34fc9dd{left:0px;}body.rtl .elementor-12867 .elementor-element.elementor-element-34fc9dd{right:0px;}.elementor-12867 .elementor-element.elementor-element-34fc9dd{bottom:0px;}.elementor-12867 .elementor-element.elementor-element-6bb3ae0{text-align:center;font-family:\"Arial\", Sans-serif;font-size:18px;font-weight:500;line-height:2em;color:#257864;}.elementor-12867 .elementor-element.elementor-element-bb9ce77{--display:flex;--flex-direction:column;--container-widget-width:100%;--container-widget-height:initial;--container-widget-flex-grow:0;--container-widget-align-self:initial;--flex-wrap-mobile:wrap;--margin-top:0px;--margin-bottom:0px;--margin-left:0px;--margin-right:0px;--padding-top:50px;--padding-bottom:50px;--padding-left:50px;--padding-right:50px;}.elementor-12867 .elementor-element.elementor-element-bb9ce77.e-con{--flex-grow:0;--flex-shrink:0;}body:not(.rtl) .elementor-12867 .elementor-element.elementor-element-145068f{left:0px;}body.rtl .elementor-12867 .elementor-element.elementor-element-145068f{right:0px;}.elementor-12867 .elementor-element.elementor-element-145068f{top:0px;}body:not(.rtl) .elementor-12867 .elementor-element.elementor-element-dc54bb4{right:0px;}body.rtl .elementor-12867 .elementor-element.elementor-element-dc54bb4{left:0px;}.elementor-12867 .elementor-element.elementor-element-dc54bb4{bottom:0px;}.elementor-12867 .elementor-element.elementor-element-a94ac14{text-align:center;font-family:\"Arial\", Sans-serif;font-size:18px;font-weight:500;line-height:2em;color:#257864;}@media(max-width:767px){.elementor-12867 .elementor-element.elementor-element-80b61f2{--margin-top:0px;--margin-bottom:0px;--margin-left:0px;--margin-right:0px;}.elementor-12867 .elementor-element.elementor-element-3a96876{--gap:0px 0px;--row-gap:0px;--column-gap:0px;--margin-top:0px;--margin-bottom:0px;--margin-left:0px;--margin-right:0px;}.elementor-12867 .elementor-element.elementor-element-8f7e3fa{--margin-top:0px;--margin-bottom:0px;--margin-left:0px;--margin-right:0px;--padding-top:5px;--padding-bottom:5px;--padding-left:5px;--padding-right:5px;}.elementor-12867 .elementor-element.elementor-element-3a029d6{font-size:14px;}.elementor-12867 .elementor-element.elementor-element-3798ec9{--justify-content:center;--align-items:center;--container-widget-width:calc( ( 1 - var( --container-widget-flex-grow ) ) * 100% );--margin-top:20px;--margin-bottom:0px;--margin-left:0px;--margin-right:0px;--padding-top:0px;--padding-bottom:0px;--padding-left:20px;--padding-right:20px;}.elementor-12867 .elementor-element.elementor-element-3798ec9.e-con{--align-self:center;--flex-grow:0;--flex-shrink:0;}body:not(.rtl) .elementor-12867 .elementor-element.elementor-element-1e9e406{right:-130px;}body.rtl .elementor-12867 .elementor-element.elementor-element-1e9e406{left:-130px;}.elementor-12867 .elementor-element.elementor-element-5cfc2f2{font-size:14px;}.elementor-12867 .elementor-element.elementor-element-5cfc2f2 > .elementor-widget-container{padding:0px 25px 0px 25px;}.elementor-12867 .elementor-element.elementor-element-f055fdf{--justify-content:center;--align-items:center;--container-widget-width:calc( ( 1 - var( --container-widget-flex-grow ) ) * 100% );--margin-top:20px;--margin-bottom:0px;--margin-left:0px;--margin-right:0px;--padding-top:0px;--padding-bottom:0px;--padding-left:20px;--padding-right:20px;}.elementor-12867 .elementor-element.elementor-element-f055fdf.e-con{--align-self:center;--flex-grow:0;--flex-shrink:0;}body:not(.rtl) .elementor-12867 .elementor-element.elementor-element-34fc9dd{left:-190px;}body.rtl .elementor-12867 .elementor-element.elementor-element-34fc9dd{right:-190px;}.elementor-12867 .elementor-element.elementor-element-6bb3ae0{font-size:14px;}.elementor-12867 .elementor-element.elementor-element-6bb3ae0 > .elementor-widget-container{padding:0px 25px 0px 25px;}.elementor-12867 .elementor-element.elementor-element-bb9ce77{--justify-content:center;--align-items:center;--container-widget-width:calc( ( 1 - var( --container-widget-flex-grow ) ) * 100% );--margin-top:20px;--margin-bottom:0px;--margin-left:0px;--margin-right:0px;--padding-top:0px;--padding-bottom:0px;--padding-left:20px;--padding-right:20px;}.elementor-12867 .elementor-element.elementor-element-bb9ce77.e-con{--align-self:center;--flex-grow:0;--flex-shrink:0;}.elementor-12867 .elementor-element.elementor-element-145068f{width:100%;max-width:100%;top:15px;z-index:-1;}body:not(.rtl) .elementor-12867 .elementor-element.elementor-element-145068f{left:-210px;}body.rtl .elementor-12867 .elementor-element.elementor-element-145068f{right:-210px;}.elementor-12867 .elementor-element.elementor-element-dc54bb4{width:100%;max-width:100%;bottom:110px;z-index:-1;}body:not(.rtl) .elementor-12867 .elementor-element.elementor-element-dc54bb4{right:-275px;}body.rtl .elementor-12867 .elementor-element.elementor-element-dc54bb4{left:-275px;}.elementor-12867 .elementor-element.elementor-element-a94ac14{font-size:14px;}.elementor-12867 .elementor-element.elementor-element-a94ac14 > .elementor-widget-container{padding:0px 25px 0px 25px;}}<\/style>\t\t<div data-elementor-type=\"wp-page\" data-elementor-id=\"12867\" class=\"elementor elementor-12867 elementor-12720\" data-elementor-post-type=\"page\">\n\t\t\t\t<div class=\"elementor-element elementor-element-80b61f2 e-flex e-con-boxed e-con e-parent\" data-id=\"80b61f2\" data-element_type=\"container\" data-e-type=\"container\" data-settings=\"{&quot;background_background&quot;:&quot;classic&quot;}\">\n\t\t\t\t\t<div class=\"e-con-inner\">\n\t\t\t\t<div class=\"elementor-element elementor-element-28bf299 elementor-widget elementor-widget-image\" data-id=\"28bf299\" data-element_type=\"widget\" data-e-type=\"widget\" data-widget_type=\"image.default\">\n\t\t\t\t<div class=\"elementor-widget-container\">\n\t\t\t\t\t\t\t\t\t\t\t\t\t\t\t<img fetchpriority=\"high\" decoding=\"async\" width=\"1920\" height=\"1400\" src=\"https:\/\/hisareurope.com\/wp-content\/uploads\/2025\/01\/2025-Ramazan-Fiyatlar-13.png\" class=\"attachment-full size-full wp-image-14043\" alt=\"\" srcset=\"https:\/\/hisareurope.com\/wp-content\/uploads\/2025\/01\/2025-Ramazan-Fiyatlar-13.png 1920w, https:\/\/hisareurope.com\/wp-content\/uploads\/2025\/01\/2025-Ramazan-Fiyatlar-13-300x219.png 300w, https:\/\/hisareurope.com\/wp-content\/uploads\/2025\/01\/2025-Ramazan-Fiyatlar-13-1024x747.png 1024w, https:\/\/hisareurope.com\/wp-content\/uploads\/2025\/01\/2025-Ramazan-Fiyatlar-13-768x560.png 768w, https:\/\/hisareurope.com\/wp-content\/uploads\/2025\/01\/2025-Ramazan-Fiyatlar-13-1536x1120.png 1536w, https:\/\/hisareurope.com\/wp-content\/uploads\/2025\/01\/2025-Ramazan-Fiyatlar-13-630x460.png 630w\" sizes=\"(max-width: 1920px) 100vw, 1920px\" title=\"\">\t\t\t\t\t\t\t\t\t\t\t\t\t\t\t<\/div>\n\t\t\t\t<\/div>\n\t\t\t\t\t<\/div>\n\t\t\t\t<\/div>\n\t\t<div class=\"elementor-element elementor-element-3a96876 e-flex e-con-boxed e-con e-parent\" data-id=\"3a96876\" data-element_type=\"container\" data-e-type=\"container\">\n\t\t\t\t\t<div class=\"e-con-inner\">\n\t\t<div class=\"elementor-element elementor-element-c2cb227 e-con-full e-flex e-con e-child\" data-id=\"c2cb227\" data-element_type=\"container\" data-e-type=\"container\">\n\t\t\t\t<div class=\"elementor-element elementor-element-38d633a elementor-widget elementor-widget-image\" data-id=\"38d633a\" data-element_type=\"widget\" data-e-type=\"widget\" data-widget_type=\"image.default\">\n\t\t\t\t<div class=\"elementor-widget-container\">\n\t\t\t\t\t\t\t\t\t\t\t\t\t\t\t<img decoding=\"async\" width=\"768\" height=\"769\" src=\"https:\/\/hisareurope.com\/wp-content\/uploads\/2024\/09\/Ramazan-Sayfasi-07-768x769.png\" class=\"attachment-medium_large size-medium_large wp-image-12741\" alt=\"\" srcset=\"https:\/\/hisareurope.com\/wp-content\/uploads\/2024\/09\/Ramazan-Sayfasi-07-768x769.png 768w, https:\/\/hisareurope.com\/wp-content\/uploads\/2024\/09\/Ramazan-Sayfasi-07-300x300.png 300w, https:\/\/hisareurope.com\/wp-content\/uploads\/2024\/09\/Ramazan-Sayfasi-07-1024x1024.png 1024w, https:\/\/hisareurope.com\/wp-content\/uploads\/2024\/09\/Ramazan-Sayfasi-07-150x150.png 150w, https:\/\/hisareurope.com\/wp-content\/uploads\/2024\/09\/Ramazan-Sayfasi-07-1534x1536.png 1534w, https:\/\/hisareurope.com\/wp-content\/uploads\/2024\/09\/Ramazan-Sayfasi-07.png 1918w\" sizes=\"(max-width: 768px) 100vw, 768px\" title=\"\">\t\t\t\t\t\t\t\t\t\t\t\t\t\t\t<\/div>\n\t\t\t\t<\/div>\n\t\t\t\t<\/div>\n\t\t\t\t\t<\/div>\n\t\t\t\t<\/div>\n\t\t<div class=\"elementor-element elementor-element-8f7e3fa e-flex e-con-boxed e-con e-parent\" data-id=\"8f7e3fa\" data-element_type=\"container\" data-e-type=\"container\">\n\t\t\t\t\t<div class=\"e-con-inner\">\n\t\t\t\t<div class=\"elementor-element elementor-element-3a029d6 elementor-widget elementor-widget-text-editor\" data-id=\"3a029d6\" data-element_type=\"widget\" data-e-type=\"widget\" data-widget_type=\"text-editor.default\">\n\t\t\t\t<div class=\"elementor-widget-container\">\n\t\t\t\t\t\t\t\t\t<p>Our Prophet (pbuh) said;<br \/>\u201cUmrah performed during Ramadan is considered a complete pilgrimage.<br \/>or it can replace a pilgrimage made with me.\u201d<br \/>(Bukhari, Muslim, Tirmidhi)<\/p>\n\t\t\t\t\t\t\t\t<\/div>\n\t\t\t\t<\/div>\n\t\t\t\t\t<\/div>\n\t\t\t\t<\/div>\n\t\t<div class=\"elementor-element elementor-element-3798ec9 e-flex e-con-boxed e-con e-parent\" data-id=\"3798ec9\" data-element_type=\"container\" data-e-type=\"container\">\n\t\t\t\t\t<div class=\"e-con-inner\">\n\t\t\t\t<div class=\"elementor-element elementor-element-1e9e406 elementor-absolute elementor-widget elementor-widget-image\" data-id=\"1e9e406\" data-element_type=\"widget\" data-e-type=\"widget\" data-settings=\"{&quot;_position&quot;:&quot;absolute&quot;}\" data-widget_type=\"image.default\">\n\t\t\t\t<div class=\"elementor-widget-container\">\n\t\t\t\t\t\t\t\t\t\t\t\t\t\t\t<img decoding=\"async\" width=\"300\" height=\"300\" src=\"https:\/\/hisareurope.com\/wp-content\/uploads\/2024\/09\/Ramazan-Sayfasi-05-300x300.png\" class=\"attachment-medium size-medium wp-image-12752\" alt=\"\" srcset=\"https:\/\/hisareurope.com\/wp-content\/uploads\/2024\/09\/Ramazan-Sayfasi-05-300x300.png 300w, https:\/\/hisareurope.com\/wp-content\/uploads\/2024\/09\/Ramazan-Sayfasi-05-1024x1024.png 1024w, https:\/\/hisareurope.com\/wp-content\/uploads\/2024\/09\/Ramazan-Sayfasi-05-150x150.png 150w, https:\/\/hisareurope.com\/wp-content\/uploads\/2024\/09\/Ramazan-Sayfasi-05-768x769.png 768w, https:\/\/hisareurope.com\/wp-content\/uploads\/2024\/09\/Ramazan-Sayfasi-05.png 1338w\" sizes=\"(max-width: 300px) 100vw, 300px\" title=\"\">\t\t\t\t\t\t\t\t\t\t\t\t\t\t\t<\/div>\n\t\t\t\t<\/div>\n\t\t\t\t<div class=\"elementor-element elementor-element-5cfc2f2 elementor-widget elementor-widget-text-editor\" data-id=\"5cfc2f2\" data-element_type=\"widget\" data-e-type=\"widget\" data-widget_type=\"text-editor.default\">\n\t\t\t\t<div class=\"elementor-widget-container\">\n\t\t\t\t\t\t\t\t\t<p><strong>THE IMPORTANCE OF RAMADAN-I SHERIF<\/strong><br \/>Our Prophet (peace be upon him) said:<br \/>\u201cWhoever attends a dhikr assembly, Allah Almighty will give him the reward of worship for every step he takes, and he will be with me under the shadow of the Great Throne on the Day of Judgment.\u201d<br \/>\u201cWhoever continues to pray in congregation during Ramadan, Allah Almighty will give him a city of light (paradise) for every prayer he performs.\u201d<br \/>\u201cPerforming Umrah in Ramadan is equivalent (in terms of reward) to performing Hajj with me.\u201d<br \/>Allah Almighty will meet thousands of needs of someone who meets the needs of a Muslim during Ramadan. For a person who gives alms to a poor person who has a child, Allah writes a million good deeds for him, erases a million sins, and raises his rank a million times.<br \/>Hz. Enes (radiyallahu anh) narrates that the Prophet (peace be upon him) said: &#8220;Whoever sets out to meet the needs of his Muslim brother, Allah writes seventy good deeds for him and erases seventy sins with every step he takes until he returns home.&#8221; (Nuzhetu&#8217;l-Mec\u00e2lis)  <\/p>\n\t\t\t\t\t\t\t\t<\/div>\n\t\t\t\t<\/div>\n\t\t\t\t\t<\/div>\n\t\t\t\t<\/div>\n\t\t<div class=\"elementor-element elementor-element-f055fdf e-flex e-con-boxed e-con e-parent\" data-id=\"f055fdf\" data-element_type=\"container\" data-e-type=\"container\">\n\t\t\t\t\t<div class=\"e-con-inner\">\n\t\t\t\t<div class=\"elementor-element elementor-element-34fc9dd elementor-absolute elementor-widget elementor-widget-image\" data-id=\"34fc9dd\" data-element_type=\"widget\" data-e-type=\"widget\" data-settings=\"{&quot;_position&quot;:&quot;absolute&quot;}\" data-widget_type=\"image.default\">\n\t\t\t\t<div class=\"elementor-widget-container\">\n\t\t\t\t\t\t\t\t\t\t\t\t\t\t\t<img loading=\"lazy\" decoding=\"async\" width=\"300\" height=\"300\" src=\"https:\/\/hisareurope.com\/wp-content\/uploads\/2024\/09\/Ramazan-Sayfasi-03-300x300.png\" class=\"attachment-medium size-medium wp-image-12747\" alt=\"\" srcset=\"https:\/\/hisareurope.com\/wp-content\/uploads\/2024\/09\/Ramazan-Sayfasi-03-300x300.png 300w, https:\/\/hisareurope.com\/wp-content\/uploads\/2024\/09\/Ramazan-Sayfasi-03-1024x1024.png 1024w, https:\/\/hisareurope.com\/wp-content\/uploads\/2024\/09\/Ramazan-Sayfasi-03-150x150.png 150w, https:\/\/hisareurope.com\/wp-content\/uploads\/2024\/09\/Ramazan-Sayfasi-03-768x769.png 768w, https:\/\/hisareurope.com\/wp-content\/uploads\/2024\/09\/Ramazan-Sayfasi-03.png 1338w\" sizes=\"(max-width: 300px) 100vw, 300px\" title=\"\">\t\t\t\t\t\t\t\t\t\t\t\t\t\t\t<\/div>\n\t\t\t\t<\/div>\n\t\t\t\t<div class=\"elementor-element elementor-element-6bb3ae0 elementor-widget elementor-widget-text-editor\" data-id=\"6bb3ae0\" data-element_type=\"widget\" data-e-type=\"widget\" data-widget_type=\"text-editor.default\">\n\t\t\t\t<div class=\"elementor-widget-container\">\n\t\t\t\t\t\t\t\t\t<p>When Ramadan began, our Prophet (peace be upon him) would release the captives and meet the needs of the people. Anyone who does good deeds in this month will have done countless good deeds throughout the year.<br \/>A person who spends the month of Ramadan without praying will spend the whole year in the same way. In this holy month, Muslims should aim to do many good deeds and be in spiritual discipline.<br \/>At the time of iftar, the Prophet (peace be upon him) would recite the following prayer: &#8220;Thirst is gone, veins are cooled, and with the permission of Allah, the reward is fixed.&#8221;<br \/>Performing tarawih prayer and reciting the Holy Quran are the sunnah always practiced by the Prophet Muhammad (peace be upon him). These deeds bring great rewards and rewards to Muslims. May Allah grant us the ability to perform these good deeds in the name of our beloved Prophet (sallallahu alayhi wa sallam). Amine. (Letter-\u0131 \u0130mam Rabb\u00e2n\u00ee, Vol.1, Letter 45)      <\/p>\n\t\t\t\t\t\t\t\t<\/div>\n\t\t\t\t<\/div>\n\t\t\t\t\t<\/div>\n\t\t\t\t<\/div>\n\t\t<div class=\"elementor-element elementor-element-bb9ce77 e-flex e-con-boxed e-con e-parent\" data-id=\"bb9ce77\" data-element_type=\"container\" data-e-type=\"container\">\n\t\t\t\t\t<div class=\"e-con-inner\">\n\t\t\t\t<div class=\"elementor-element elementor-element-145068f elementor-widget-mobile__width-inherit elementor-absolute elementor-widget elementor-widget-image\" data-id=\"145068f\" data-element_type=\"widget\" data-e-type=\"widget\" data-settings=\"{&quot;_position&quot;:&quot;absolute&quot;}\" data-widget_type=\"image.default\">\n\t\t\t\t<div class=\"elementor-widget-container\">\n\t\t\t\t\t\t\t\t\t\t\t\t\t\t\t<img loading=\"lazy\" decoding=\"async\" width=\"300\" height=\"300\" src=\"https:\/\/hisareurope.com\/wp-content\/uploads\/2024\/09\/Ramazan-Sayfasi-06-300x300.png\" class=\"attachment-medium size-medium wp-image-12780\" alt=\"\" srcset=\"https:\/\/hisareurope.com\/wp-content\/uploads\/2024\/09\/Ramazan-Sayfasi-06-300x300.png 300w, https:\/\/hisareurope.com\/wp-content\/uploads\/2024\/09\/Ramazan-Sayfasi-06-1024x1024.png 1024w, https:\/\/hisareurope.com\/wp-content\/uploads\/2024\/09\/Ramazan-Sayfasi-06-150x150.png 150w, https:\/\/hisareurope.com\/wp-content\/uploads\/2024\/09\/Ramazan-Sayfasi-06-768x769.png 768w, https:\/\/hisareurope.com\/wp-content\/uploads\/2024\/09\/Ramazan-Sayfasi-06.png 1338w\" sizes=\"(max-width: 300px) 100vw, 300px\" title=\"\">\t\t\t\t\t\t\t\t\t\t\t\t\t\t\t<\/div>\n\t\t\t\t<\/div>\n\t\t\t\t<div class=\"elementor-element elementor-element-dc54bb4 elementor-widget-mobile__width-inherit elementor-absolute elementor-widget elementor-widget-image\" data-id=\"dc54bb4\" data-element_type=\"widget\" data-e-type=\"widget\" data-settings=\"{&quot;_position&quot;:&quot;absolute&quot;}\" data-widget_type=\"image.default\">\n\t\t\t\t<div class=\"elementor-widget-container\">\n\t\t\t\t\t\t\t\t\t\t\t\t\t\t\t<img loading=\"lazy\" decoding=\"async\" width=\"300\" height=\"300\" src=\"https:\/\/hisareurope.com\/wp-content\/uploads\/2024\/09\/Ramazan-Sayfasi-04-300x300.png\" class=\"attachment-medium size-medium wp-image-12785\" alt=\"\" srcset=\"https:\/\/hisareurope.com\/wp-content\/uploads\/2024\/09\/Ramazan-Sayfasi-04-300x300.png 300w, https:\/\/hisareurope.com\/wp-content\/uploads\/2024\/09\/Ramazan-Sayfasi-04-1024x1024.png 1024w, https:\/\/hisareurope.com\/wp-content\/uploads\/2024\/09\/Ramazan-Sayfasi-04-150x150.png 150w, https:\/\/hisareurope.com\/wp-content\/uploads\/2024\/09\/Ramazan-Sayfasi-04-768x769.png 768w, https:\/\/hisareurope.com\/wp-content\/uploads\/2024\/09\/Ramazan-Sayfasi-04.png 1338w\" sizes=\"(max-width: 300px) 100vw, 300px\" title=\"\">\t\t\t\t\t\t\t\t\t\t\t\t\t\t\t<\/div>\n\t\t\t\t<\/div>\n\t\t\t\t<div class=\"elementor-element elementor-element-a94ac14 elementor-widget elementor-widget-text-editor\" data-id=\"a94ac14\" data-element_type=\"widget\" data-e-type=\"widget\" data-widget_type=\"text-editor.default\">\n\t\t\t\t<div class=\"elementor-widget-container\">\n\t\t\t\t\t\t\t\t\t<p><strong>20 RAKATS OF TARAWIH ARE IN THE SUNNAH-I MUEKKA<\/strong><br \/>It is sunnah-i muakkada for every man and woman to perform 20 rakat tarawih prayer after the obligatory and sunnah night prayer in Ramadan. Companions and sect imams did this. Those who reject this are among those who have gone astray.<br \/>During the time of the Prophet (pbuh), it was performed only a few times with the congregation. Because he was afraid that it would be obligatory on the ummah and that he would not be able to perform it. Hz. Tarawih prayer was performed in congregation during the times of \u00d6mer, Osman and Ali.<br \/>It is recommended to perform the tarawih prayer with an interval of 2 rakats and to sit after every 4 rakats long enough to pray 4 rakats. If a person performs 4 Rakats without sitting after the first 2 Rakats, he will only have performed 2 Rakats.<br \/>If a person who has not performed the obligatory night prayer reaches the congregation while performing the tarawih prayer, he must first perform the night prayer and then follow the imam. After performing the witr prayer with the imam, he must complete the rakats he missed from tarawih.<br \/>If tarawih has been completed, it is permissible to perform witr with an imam only in Ramadan.<br \/>It is more virtuous to perform Tarawih with Hatim (reading the entire Quran). If it is not possible to do this, then a total of 10 Surahs are recited from Surah Elephant (Alemtara&#8230;) to the last Surah of the Quran, that is, in the first 10 Rakats, and then the same Surah is recited in the last 10 Rakats.        <\/p>\n<p>It is stated in Fatawa-ul K\u00e2z\u00eeh\u00e2n that: Religious people and those who have piety recite the Qur&#8217;an every 10 days of Ramadan. Imam Abu Hanifa used to recite 61 hatims during Ramadan. 30 hatim at night, 30 hatim during the day and 1 hatim during Tarawih Prayer.  <\/p>\n<p>Prophet Muhammad (pbuh) said: Muslims who are obliged to obey Allah and follow His Prophet! Indeed, Allah has made fasting in Ramadan obligatory upon you. I also made it sunnah to perform Tarawih Prayer at night. &#8220;Whoever sincerely believes and hopes for the reward of fasting during the day and praying at night, his sins will be forgiven and he will be cleansed of his sins as if he were born from his mother.&#8221;   <\/p>\n\t\t\t\t\t\t\t\t<\/div>\n\t\t\t\t<\/div>\n\t\t\t\t\t<\/div>\n\t\t\t\t<\/div>\n\t\t\t\t<\/div>\n\t\t","protected":false},"excerpt":{"rendered":"<p>Our Prophet (pbuh) said;\u201cUmrah performed during Ramadan is considered a complete pilgrimage.or it can replace a pilgrimage made with me.\u201d(Bukhari, Muslim, Tirmidhi) THE IMPORTANCE OF RAMADAN-I SHERIFOur Prophet (peace be upon him) said:\u201cWhoever attends a dhikr assembly, Allah Almighty will give him the reward of worship for every step he takes, and he will be [&hellip;]<\/p>\n","protected":false},"author":12,"featured_media":0,"parent":0,"menu_order":0,"comment_status":"closed","ping_status":"closed","template":"elementor_header_footer","meta":{"_joinchat":[],"footnotes":""},"class_list":["post-12867","page","type-page","status-publish","hentry"],"_links":{"self":[{"href":"https:\/\/hisareurope.com\/en\/wp-json\/wp\/v2\/pages\/12867","targetHints":{"allow":["GET"]}}],"collection":[{"href":"https:\/\/hisareurope.com\/en\/wp-json\/wp\/v2\/pages"}],"about":[{"href":"https:\/\/hisareurope.com\/en\/wp-json\/wp\/v2\/types\/page"}],"author":[{"embeddable":true,"href":"https:\/\/hisareurope.com\/en\/wp-json\/wp\/v2\/users\/12"}],"replies":[{"embeddable":true,"href":"https:\/\/hisareurope.com\/en\/wp-json\/wp\/v2\/comments?post=12867"}],"version-history":[{"count":3,"href":"https:\/\/hisareurope.com\/en\/wp-json\/wp\/v2\/pages\/12867\/revisions"}],"predecessor-version":[{"id":21651,"href":"https:\/\/hisareurope.com\/en\/wp-json\/wp\/v2\/pages\/12867\/revisions\/21651"}],"wp:attachment":[{"href":"https:\/\/hisareurope.com\/en\/wp-json\/wp\/v2\/media?parent=12867"}],"curies":[{"name":"wp","href":"https:\/\/api.w.org\/{rel}","templated":true}]}}