{"id":10382,"date":"2023-10-23T12:30:28","date_gmt":"2023-10-23T10:30:28","guid":{"rendered":"https:\/\/hisareurope.com\/kvkk\/"},"modified":"2024-07-23T10:15:23","modified_gmt":"2024-07-23T08:15:23","slug":"kvkk","status":"publish","type":"page","link":"https:\/\/hisareurope.com\/en\/kvkk\/","title":{"rendered":"KVKK"},"content":{"rendered":"<style>.elementor-10382 .elementor-element.elementor-element-1ad9fba{--display:flex;--flex-direction:column;--container-widget-width:100%;--container-widget-height:initial;--container-widget-flex-grow:0;--container-widget-align-self:initial;--flex-wrap-mobile:wrap;}.elementor-10382 .elementor-element.elementor-element-804588d{--spacer-size:50px;}.elementor-widget-text-editor{font-family:var( --e-global-typography-text-font-family ), Sans-serif;font-weight:var( --e-global-typography-text-font-weight );color:var( --e-global-color-text );}.elementor-widget-text-editor.elementor-drop-cap-view-stacked .elementor-drop-cap{background-color:var( --e-global-color-primary );}.elementor-widget-text-editor.elementor-drop-cap-view-framed .elementor-drop-cap, .elementor-widget-text-editor.elementor-drop-cap-view-default .elementor-drop-cap{color:var( --e-global-color-primary );border-color:var( --e-global-color-primary );}<\/style>\t\t<div data-elementor-type=\"wp-page\" data-elementor-id=\"10382\" class=\"elementor elementor-10382 elementor-10368\" data-elementor-post-type=\"page\">\n\t\t\t\t<div class=\"elementor-element elementor-element-1ad9fba e-flex e-con-boxed e-con e-parent\" data-id=\"1ad9fba\" data-element_type=\"container\">\n\t\t\t\t\t<div class=\"e-con-inner\">\n\t\t\t\t<div class=\"elementor-element elementor-element-804588d elementor-widget elementor-widget-spacer\" data-id=\"804588d\" data-element_type=\"widget\" data-widget_type=\"spacer.default\">\n\t\t\t\t<div class=\"elementor-widget-container\">\n\t\t\t\t\t\t\t<div class=\"elementor-spacer\">\n\t\t\t<div class=\"elementor-spacer-inner\"><\/div>\n\t\t<\/div>\n\t\t\t\t\t\t<\/div>\n\t\t\t\t<\/div>\n\t\t\t\t<div class=\"elementor-element elementor-element-bdb921c elementor-widget elementor-widget-text-editor\" data-id=\"bdb921c\" data-element_type=\"widget\" data-widget_type=\"text-editor.default\">\n\t\t\t\t<div class=\"elementor-widget-container\">\n\t\t\t\t\t\t\t\t\t<p><strong>Datenschutzerkl\u00e4rung<\/strong><\/p>\n<p>Die nachfolgende Datenschutzerkl\u00e4rung gilt f\u00fcr die Nutzung der Webseite <strong><em>www.hisareurope.de<\/em><\/strong><em> (<\/em>nachfolgend \u2018Website\u2019).<\/p>\n<p>Wir messen dem Datenschutz gro\u00dfe Bedeutung bei. Die Erhebung und Verarbeitung Ihrer personenbezogenen Daten geschieht unter Beachtung der geltenden datenschutzrechtlichen Vorschriften, insbesondere der EU-Datenschutzgrundverordnung (DSGVO). Wir erheben und verarbeiten Ihre personenbezogenen Daten, um Ihnen das oben genannten Portal anbieten zu k\u00f6nnen. Diese Erkl\u00e4rung beschreibt, wie und zu welchem Zweck Ihre Daten erfasst und genutzt werden und welche Wahlm\u00f6glichkeiten Sie im Zusammenhang mit pers\u00f6nlichen Daten haben.<\/p>\n<p>Durch Ihre Verwendung dieser Website stimmen Sie der Erfassung, Nutzung und \u00dcbertragung Ihrer Daten gem\u00e4\u00df dieser Datenschutzerkl\u00e4rung zu.<\/p>\n<\/p>\n<p><strong>1 Verantwortliche Stelle<\/strong><\/p>\n<p>Verantwortliche Stelle f\u00fcr die Erhebung, Verarbeitung und Nutzung Ihrer personenbezogenen Daten im Sinne der DSGVO ist<\/p>\n<\/p>\n<p><strong><em>Hisar Europe Travel GmbH<\/em><\/strong><\/p>\n<p><strong><em>Venloer Str. 379-381<\/em><\/strong><\/p>\n<p><strong><em>50825 K\u00f6ln Deutschland<\/em><\/strong><\/p>\n<p><strong><em>info@hisareurope.de<\/em><\/strong><\/p>\n<p>Sofern Sie der Erhebung, Verarbeitung oder Nutzung Ihrer Daten durch uns nach Ma\u00dfgabe dieser Datenschutzbestimmungen insgesamt oder f\u00fcr einzelne Ma\u00dfnahmen widersprechen wollen, k\u00f6nnen Sie Ihren Widerspruch an oben genannte verantwortliche Stelle richten.<\/p>\n<p>Sie k\u00f6nnen diese Datenschutzerkl\u00e4rung jederzeit speichern und ausdrucken.<\/p>\n<p><strong>2 Allgemeine Nutzung der Webseite<\/strong><\/p>\n<p><strong> <\/strong><\/p>\n<p><strong>2.1 Zugriffsdaten<\/strong><\/p>\n<p><strong> <\/strong><\/p>\n<p>Wir sammeln Informationen \u00fcber Sie, wenn Sie diese Webseite nutzen. Wir erfassen automatisch Informationen \u00fcber Ihr Nutzungsverhalten und Ihre Interaktion mit uns und registrieren Daten zu Ihrem Computer oder Mobilger\u00e4t. Wir erheben, speichern und nutzen Daten \u00fcber jeden Zugriff auf unser Onlineangebot (sogenannte Serverlogfiles). Zu den Zugriffsdaten geh\u00f6ren Name und URL der abgerufenen Datei, Datum und Uhrzeit des Abrufs, \u00fcbertragene Datenmenge, Meldung \u00fcber erfolgreichen Abruf (HTTP response code), Browsertyp und Browserversion, Betriebssystem, Referrer URL (d.h. die zuvor besuchte Seite), IP-Adresse und der anfragende Provider.<\/p>\n<p>Wir nutzen diese Protokolldaten ohne Zuordnung zu Ihrer Person oder sonstiger Profilerstellung f\u00fcr statistische Auswertungen zum Zweck des Betriebs, der Sicherheit und der Optimierung unseres Onlineangebotes, aber auch zur anonymen Erfassung der Anzahl der Besucher auf unserer Webseite (traffic) sowie zu Umfang und zur Art der Nutzung unserer Webseite und Dienste, ebenso zu Abrechnungszwecken, um die Anzahl der von Kooperationspartnern erhaltenen Clicks zu messen. Aufgrund dieser Informationen k\u00f6nnen wir personalisierte und standortbezogene Inhalte zur Verf\u00fcgung stellen und den Datenverkehr analysieren, Fehler suchen und beheben und unsere Dienste verbessern. Wir behalten uns vor, die Protokolldaten nachtr\u00e4glich zu \u00fcberpr\u00fcfen, wenn aufgrund konkreter Anhaltspunkte der berechtigte Verdacht einer rechtswidrigen Nutzung besteht. IP-Adressen speichern wir f\u00fcr einen begrenzten Zeitraum in den Logfiles, wenn dies f\u00fcr Sicherheitszwecke erforderlich oder f\u00fcr die Leistungserbringung oder die Abrechnung einer Leistung n\u00f6tig ist, z. B. wenn Sie eines unserer Angebote nutzen. Nach Abbruch des Vorgangs der Bestellung oder nach Zahlungseingang l\u00f6schen wir die IP-Adresse, wenn diese f\u00fcr Sicherheitszwecke nicht mehr erforderlich sind. IP-Adressen speichern wir auch dann, wenn wir den konkreten Verdacht einer Straftat im Zusammenhang mit der Nutzung unserer Website haben. Au\u00dferdem speichern wir als Teil Ihres Accounts das Datum Ihres letzten Besuchs (z.B. bei Registrierung, Login, Klicken von Links etc.).<\/p>\n<\/p>\n<p><strong>2.2 E-Mail Kontakt<\/strong><\/p>\n<p><strong> <\/strong><\/p>\n<p>Wenn Sie mit uns in Kontakt treten (z. B. per Kontaktformular oder E-Mail), speichern wir Ihre Angaben zur Bearbeitung der Anfrage sowie f\u00fcr den Fall, dass Anschlussfragen entstehen. Weitere personenbezogene Daten speichern und nutzen wir nur, wenn Sie dazu einwilligen oder dies ohne besondere Einwilligung gesetzlich zul\u00e4ssig ist.<\/p>\n<\/p>\n<p><strong>2.3 Rechtsgrundlagen und Speicherdauer<\/strong><\/p>\n<p><strong> <\/strong><\/p>\n<p>Rechtsgrundlage der Datenverarbeitung nach den vorstehenden Ziffern ist Art 6 Abs. 1 Buchstabe f) DSGVO. Unsere Interessen an der Datenverarbeitung sind insbesondere die Sicherstellung des Betriebs und der Sicherheit der Webseite, die Untersuchung der Art und Weise der Nutzung der Webseite durch Besucher, und die Vereinfachung der Nutzung der Webseite.<\/p>\n<p>Sofern nicht spezifisch angegeben speichern wir personenbezogene Daten nur so lange, wie dies zur Erf\u00fcllung der verfolgten Zwecke notwendig ist.<\/p>\n<\/p>\n<p><strong>3 Ihre Rechte als von der Datenverarbeitung Betroffener<\/strong><\/p>\n<p><strong> <\/strong><\/p>\n<p>Nach den anwendbaren Gesetzen haben Sie verschiedene Rechte bez\u00fcglich ihrer personenbezogenen Daten. M\u00f6chten Sie diese Rechte geltend machen, so richten Sie Ihre Anfrage bitte per E-Mail oder per Post unter eindeutiger Identifizierung Ihrer Person an die in Ziffer 1 genannte Adresse.<\/p>\n<p>Nachfolgend finden Sie eine \u00dcbersicht \u00fcber Ihre Rechte.<\/p>\n<\/p>\n<p><strong>3.1 Recht auf Best\u00e4tigung und Auskunft<\/strong><\/p>\n<p><strong> <\/strong><\/p>\n<p>Sie haben jederzeit das Recht, von uns eine Best\u00e4tigung dar\u00fcber zu erhalten, ob Sie betreffende personenbezogene Daten verarbeitet werden. Ist dies der Fall, so haben Sie das Recht, von uns eine unentgeltliche Auskunft \u00fcber die zu Ihnen gespeicherten personenbezogenen Daten nebst einer Kopie dieser Daten zu erlangen. Desweiteren besteht ein Recht auf folgende Informationen:<\/p>\n<ol>\n<li>die Verarbeitungszwecke;<\/li>\n<li>die Kategorien personenbezogener Daten, die verarbeitet werden;<\/li>\n<li>die Empf\u00e4nger oder Kategorien von Empf\u00e4ngern, gegen\u00fcber denen die personenbezogenen Daten offengelegt worden sind oder noch offengelegt werden, insbesondere bei Empf\u00e4ngern in Drittl\u00e4ndern oder bei internationalen Organisationen;<\/li>\n<li>falls m\u00f6glich die geplante Dauer, f\u00fcr die die personenbezogenen Daten gespeichert werden, oder, falls dies nicht m\u00f6glich ist, die Kriterien f\u00fcr die Festlegung dieser Dauer;<\/li>\n<li>das Bestehen eines Rechts auf Berichtigung oder L\u00f6schung der Sie betreffenden personenbezogenen Daten oder auf Einschr\u00e4nkung der Verarbeitung durch den Verantwortlichen oder eines Widerspruchsrechts gegen diese Verarbeitung;<\/li>\n<li>das Bestehen eines Beschwerderechts bei einer Aufsichtsbeh\u00f6rde;<\/li>\n<li>wenn die personenbezogenen Daten nicht bei Ihnen erhoben werden, alle verf\u00fcgbaren Informationen \u00fcber die Herkunft der Daten;<\/li>\n<li>das Bestehen einer automatisierten Entscheidungsfindung einschlie\u00dflich Profiling gem\u00e4\u00df Artikel 22 Abs\u00e4tze 1 und 4 DSGVO und ? zumindest in diesen F\u00e4llen ? aussagekr\u00e4ftige Informationen \u00fcber die involvierte Logik sowie die Tragweite und die angestrebten Auswirkungen einer derartigen Verarbeitung f\u00fcr Sie.<\/li>\n<\/ol>\n<p>Werden personenbezogene Daten an ein Drittland oder an eine internationale Organisation \u00fcbermittelt, so haben Sie das Recht, \u00fcber die geeigneten Garantien gem\u00e4\u00df Artikel 46 DSGVO im Zusammenhang mit der \u00dcbermittlung unterrichtet zu werden.<\/p>\n<\/p>\n<p><strong>3.2 Recht auf Berichtigung<\/strong><\/p>\n<p><strong> <\/strong><\/p>\n<p>Sie haben das Recht, von uns unverz\u00fcglich die Berichtigung Sie betreffender unrichtiger personenbezogener Daten zu verlangen. Unter Ber\u00fccksichtigung der Zwecke der haben Sie das Recht, die Vervollst\u00e4ndigung unvollst\u00e4ndiger personenbezogener Daten ? auch mittels einer erg\u00e4nzenden Erkl\u00e4rung ? zu verlangen.<\/p>\n<\/p>\n<p><strong>3.3 Recht auf L\u00f6schung (?Recht auf Vergessenwerden?)<\/strong><\/p>\n<p><strong> <\/strong><\/p>\n<p>Sie haben das Recht, von uns zu verlangen, dass Sie betreffende personenbezogene Daten unverz\u00fcglich gel\u00f6scht werden, und wir sind verpflichtet, personenbezogene Daten unverz\u00fcglich zu l\u00f6schen, sofern einer der folgenden Gr\u00fcnde zutrifft:<\/p>\n<ol>\n<li>Die personenbezogenen Daten sind f\u00fcr die Zwecke, f\u00fcr die sie erhoben oder auf sonstige Weise verarbeitet wurden, nicht mehr notwendig.<\/li>\n<li>Sie widerrufen Ihre Einwilligung, auf die sich die Verarbeitung gem\u00e4\u00df Artikel 6 Absatz 1 DSGVO Buchstabe a oder Artikel 9 Absatz 2 Buchstabe a DSGVO st\u00fctzte, und es fehlt an einer anderweitigen Rechtsgrundlage f\u00fcr die Verarbeitung.<\/li>\n<li>Sie legen gem\u00e4\u00df Artikel 21 Absatz 1 DSGVO Widerspruch gegen die Verarbeitung ein und es liegen keine vorrangigen berechtigten Gr\u00fcnde f\u00fcr die Verarbeitung vor, oder Sie legen gem\u00e4\u00df Artikel 21 Absatz 2 DSGVO Widerspruch gegen die Verarbeitung ein.<\/li>\n<li>Die personenbezogenen Daten wurden unrechtm\u00e4\u00dfig verarbeitet.<\/li>\n<li>Die L\u00f6schung der personenbezogenen Daten ist zur Erf\u00fcllung einer rechtlichen Verpflichtung nach dem Unionsrecht oder dem Recht der Mitgliedstaaten erforderlich, dem wir unterliegen.<\/li>\n<li>Die personenbezogenen Daten wurden in Bezug auf angebotene Dienste der Informationsgesellschaft gem\u00e4\u00df Artikel 8 Absatz 1 DSGVO erhoben.<\/li>\n<\/ol>\n<p>Haben wir die personenbezogenen Daten \u00f6ffentlich gemacht und sind wir gem\u00e4\u00df zu deren L\u00f6schung verpflichtet, so treffen wir unter Ber\u00fccksichtigung der verf\u00fcgbaren Technologie und der Implementierungskosten angemessene Ma\u00dfnahmen, auch technischer Art, um f\u00fcr die Datenverarbeitung Verantwortliche, die die personenbezogenen Daten verarbeiten, dar\u00fcber zu informieren, dass Sie von ihnen die L\u00f6schung aller Links zu diesen personenbezogenen Daten oder von Kopien oder Replikationen dieser personenbezogenen Daten verlangt hat.<\/p>\n<\/p>\n<p><strong>3.4 Recht auf Einschr\u00e4nkung der Verarbeitung<\/strong><\/p>\n<p><strong> <\/strong><\/p>\n<p>Sie haben das Recht, von uns die Einschr\u00e4nkung der Verarbeitung zu verlangen, wenn eine der folgenden Voraussetzungen gegeben ist:<\/p>\n<ol>\n<li>die Richtigkeit der personenbezogenen Daten wird von Ihnen bestritten, und zwar f\u00fcr eine Dauer, die es uns erm\u00f6glicht, die Richtigkeit der personenbezogenen Daten zu \u00fcberpr\u00fcfen,<\/li>\n<li>die Verarbeitung unrechtm\u00e4\u00dfig ist und Sie die L\u00f6schung der personenbezogenen Daten ablehntenund stattdessen die Einschr\u00e4nkung der Nutzung der personenbezogenen Daten verlangt;<\/li>\n<li>wir die personenbezogenen Daten f\u00fcr die Zwecke der Verarbeitung nicht l\u00e4nger ben\u00f6tigen, Sie die Daten jedoch zur Geltendmachung, Aus\u00fcbung oder Verteidigung von Rechtsanspr\u00fcchen ben\u00f6tigten, oder<\/li>\n<li>Sie Widerspruch gegen die Verarbeitung gem\u00e4\u00df Artikel 21 Absatz 1 DSGVO eingelegt haben, solange noch nicht feststeht, ob die berechtigten Gr\u00fcnde unseres Unternehmens gegen\u00fcber den Ihren \u00fcberwiegen.<\/li>\n<\/ol>\n<p><strong>3.5 Recht auf Daten\u00fcbertragbarkeit<\/strong><\/p>\n<p><strong> <\/strong><\/p>\n<p>Sie haben das Recht, die Sie betreffenden personenbezogenen Daten, die uns bereitgestellt haben, in einem strukturierten, g\u00e4ngigen und maschinenlesbaren Format zu erhalten, und Sie haben das Recht, diese Daten einem anderen Verantwortlichen ohne Behinderung durch uns zu \u00fcbermitteln, sofern<\/p>\n<ol>\n<li>die Verarbeitung auf einer Einwilligung gem\u00e4\u00df Artikel 6 Absatz 1 Buchstabe a DSGVO oder Artikel 9 Absatz 2 Buchstabe a DSGVO oder auf einem Vertrag gem\u00e4\u00df Artikel 6 Absatz 1 Buchstabe b DSGVO beruht und<\/li>\n<li>die Verarbeitung mithilfe automatisierter Verfahren erfolgt.<\/li>\n<\/ol>\n<p>Bei der Aus\u00fcbung ihres Rechts auf Daten\u00fcbertragbarkeit gem\u00e4\u00df Absatz 1 haben Sie das Recht, zu erwirken, dass die personenbezogenen Daten direkt von uns einem anderen Verantwortlichen \u00fcbermittelt werden, soweit dies technisch machbar ist.<\/p>\n<\/p>\n<p><strong>3.6 Widerspruchsrecht<\/strong><\/p>\n<p><strong> <\/strong><\/p>\n<p>Sie haben das Recht, aus Gr\u00fcnden, die sich aus Ihrer besonderen Situation ergeben, jederzeit gegen die Verarbeitung sie betreffender personenbezogener Daten, die aufgrund von Artikel 6 Absatz 1 Buchstaben e oder f DSGVO erfolgt, Widerspruch einzulegen; dies gilt auch f\u00fcr ein auf diese Bestimmungen gest\u00fctztes Profiling. Wir verarbeiten die personenbezogenen Daten nicht mehr, es sei denn, wir k\u00f6nnen zwingende schutzw\u00fcrdige Gr\u00fcnde f\u00fcr die Verarbeitung nachweisen, die Ihre Interessen, Rechte und Freiheiten \u00fcberwiegen, oder die Verarbeitung dient der Geltendmachung, Aus\u00fcbung oder Verteidigung von Rechtsanspr\u00fcchen.<\/p>\n<p>Werden personenbezogene Daten von uns verarbeitet, um Direktwerbung zu betreiben, so haben Sie das Recht, jederzeit Widerspruch gegen die Verarbeitung Sie betreffender personenbezogener Daten zum Zwecke derartiger Werbung einzulegen; dies gilt auch f\u00fcr das Profiling, soweit es mit solcher Direktwerbung in Verbindung steht.<\/p>\n<p>Sie haben das Recht, aus Gr\u00fcnden, die sich aus Ihrer besonderen Situation ergeben, gegen die Sie betreffende Verarbeitung sie betreffender personenbezogener Daten, die zu wissenschaftlichen oder historischen Forschungszwecken oder zu statistischen Zwecken gem\u00e4\u00df Artikel 89 Absatz 1 DSGVO erfolgt, Widerspruch einzulegen, es sei denn, die Verarbeitung ist zur Erf\u00fcllung einer im \u00f6ffentlichen Interesse liegenden Aufgabe erforderlich.<\/p>\n<\/p>\n<p><strong>3.7 Automatisierte Entscheidungen einschlie\u00dflich Profiling<\/strong><\/p>\n<p><strong> <\/strong><\/p>\n<p>Sie haben das Recht, nicht einer ausschlie\u00dflich auf einer automatisierten Verarbeitung ? einschlie\u00dflich Profiling ? beruhenden Entscheidung unterworfen zu werden, die Ihnen gegen\u00fcber rechtliche Wirkung entfaltet oder Sie in \u00e4hnlicher Weise erheblich beeintr\u00e4chtigt.<\/p>\n<\/p>\n<p><strong>3.8 Recht auf Widerruf einer datenschutzrechtlichen Einwilligung<\/strong><\/p>\n<p><strong> <\/strong><\/p>\n<p>Sie haben das Recht, eine Einwilligung zur Verarbeitung personenbezogener Daten jederzeit zu widerrufen.<\/p>\n<\/p>\n<p><strong>3.9 Recht auf Beschwerde bei einer Aufsichtsbeh\u00f6rde<\/strong><\/p>\n<p><strong> <\/strong><\/p>\n<p>Sie haben das Recht auf Beschwerde bei einer Aufsichtsbeh\u00f6rde, insbesondere in dem Mitgliedstaat ihres Aufenthaltsorts, ihres Arbeitsplatzes oder des Orts des mutma\u00dflichen Versto\u00dfes, Sie der Ansicht sind, dass die Verarbeitung der Sie betreffenden personenbezogenen Daten rechtswidrig ist.<\/p>\n<\/p>\n<p><strong>4 Datensicherheit<\/strong><\/p>\n<p><strong> <\/strong><\/p>\n<p>Wir sind um die Sicherheit Ihrer Daten im Rahmen der geltenden Datenschutzgesetze und technischen M\u00f6glichkeiten maximal bem\u00fcht.<\/p>\n<p>Ihre pers\u00f6nlichen Daten werden bei uns verschl\u00fcsselt \u00fcbertragen. Dies gilt f\u00fcr Ihre Bestellungen und auch f\u00fcr das Kundenlogin. Wir nutzen das Codierungssystems SSL (Secure Socket Layer), weisen jedoch darauf hin, dass die Daten\u00fcbertragung im Internet (z.B. bei der Kommunikation per E-Mail) Sicherheitsl\u00fccken aufweisen kann. Ein l\u00fcckenloser Schutz der Daten vor dem Zugriff durch Dritte ist nicht m\u00f6glich.<\/p>\n<p>Zur Sicherung Ihrer Daten unterhalten wir technische- und organisatorische Sicherungsma\u00dfnahmen, die wir immer wieder dem Stand der Technik anpassen.<\/p>\n<p>Wir gew\u00e4hrleisten au\u00dferdem nicht, dass unser Angebot zu bestimmten Zeiten zur Verf\u00fcgung steht; St\u00f6rungen, Unterbrechungen oder Ausf\u00e4lle k\u00f6nnen nicht ausgeschlossen werden. Die von uns verwendeten Server werden regelm\u00e4\u00dfig sorgf\u00e4ltig gesichert.<\/p>\n<\/p>\n<p><strong>5 Automatisierte Entscheidungsfindung<\/strong><\/p>\n<p><strong> <\/strong><\/p>\n<p>Eine automatisierte Entscheidungsfindung auf der Grundlage der erhobenen personenbezogenen Daten findet nicht statt.<\/p>\n<\/p>\n<p><strong>6 Weitergabe von Daten an Dritte, Keine Daten\u00fcbertragung ins Nicht-EU-Ausland<\/strong><\/p>\n<p><strong> <\/strong><\/p>\n<p>Grunds\u00e4tzlich verwenden wir Ihre personenbezogenen Daten nur innerhalb unseres Unternehmens.<\/p>\n<p>Wenn und soweit wir Dritte im Rahmen der Erf\u00fcllung von Vertr\u00e4gen einschalten (etwa Logistik-Dienstleister) erhalten diese personenbezogene Daten nur in dem Umfang, in welchem die \u00dcbermittlung f\u00fcr die entsprechende Leistung erforderlich ist.<\/p>\n<p>F\u00fcr den Fall, dass wir bestimmte Teile der Datenverarbeitung auslagern (?Auftragsverarbeitung?), verpflichten wir Auftragsverarbeiter vertraglich dazu, personenbezogene Daten nur im Einklang mit den Anforderungen der Datenschutzgesetze zu verwenden und den Schutz der Rechte der betroffenen Person zu gew\u00e4hrleisten.<\/p>\n<p>Eine Daten\u00fcbertragung an Stellen oder Personen au\u00dferhalb der EU findet nicht statt und ist nicht geplant.<\/p>\n<\/p>\n<p><strong>7 Online-Streitbeilegung<\/strong><\/p>\n<p><strong> <\/strong><\/p>\n<p>Die EU-Kommission hat eine Internetplattform zur Online-Beilegung von Streitigkeiten (?OS-Plattform?) zwischen Unternehmern und Verbrauchern eingerichtet. Die OS-Plattform ist erreichbar unter <a href=\"https:\/\/ec.europa.eu\/consumers\/odr\/\" target=\"_blank\" rel=\"noopener\">https:\/\/ec.europa.eu\/consumers\/odr\/<\/a>.<\/p><\/p>\n\t\t\t\t\t\t\t\t<\/div>\n\t\t\t\t<\/div>\n\t\t\t\t\t<\/div>\n\t\t\t\t<\/div>\n\t\t\t\t<\/div>\n\t\t","protected":false},"excerpt":{"rendered":"<p>Datenschutzerkl\u00e4rung Die nachfolgende Datenschutzerkl\u00e4rung gilt f\u00fcr die Nutzung der Webseite www.hisareurope.de (nachfolgend \u2018Website\u2019). Wir messen dem Datenschutz gro\u00dfe Bedeutung bei. Die Erhebung und Verarbeitung Ihrer personenbezogenen Daten geschieht unter Beachtung der geltenden datenschutzrechtlichen Vorschriften, insbesondere der EU-Datenschutzgrundverordnung (DSGVO). Wir erheben und verarbeiten Ihre personenbezogenen Daten, um Ihnen das oben genannten Portal anbieten zu k\u00f6nnen. Diese [&hellip;]<\/p>\n","protected":false},"author":12,"featured_media":0,"parent":0,"menu_order":0,"comment_status":"closed","ping_status":"closed","template":"elementor_header_footer","meta":{"_joinchat":[],"footnotes":""},"class_list":["post-10382","page","type-page","status-publish","hentry"],"_links":{"self":[{"href":"https:\/\/hisareurope.com\/en\/wp-json\/wp\/v2\/pages\/10382","targetHints":{"allow":["GET"]}}],"collection":[{"href":"https:\/\/hisareurope.com\/en\/wp-json\/wp\/v2\/pages"}],"about":[{"href":"https:\/\/hisareurope.com\/en\/wp-json\/wp\/v2\/types\/page"}],"author":[{"embeddable":true,"href":"https:\/\/hisareurope.com\/en\/wp-json\/wp\/v2\/users\/12"}],"replies":[{"embeddable":true,"href":"https:\/\/hisareurope.com\/en\/wp-json\/wp\/v2\/comments?post=10382"}],"version-history":[{"count":3,"href":"https:\/\/hisareurope.com\/en\/wp-json\/wp\/v2\/pages\/10382\/revisions"}],"predecessor-version":[{"id":11800,"href":"https:\/\/hisareurope.com\/en\/wp-json\/wp\/v2\/pages\/10382\/revisions\/11800"}],"wp:attachment":[{"href":"https:\/\/hisareurope.com\/en\/wp-json\/wp\/v2\/media?parent=10382"}],"curies":[{"name":"wp","href":"https:\/\/api.w.org\/{rel}","templated":true}]}}