{"id":23802,"date":"2025-05-30T14:17:03","date_gmt":"2025-05-30T12:17:03","guid":{"rendered":"https:\/\/hisareurope.com\/blog\/"},"modified":"2026-03-04T11:42:11","modified_gmt":"2026-03-04T10:42:11","slug":"blog","status":"publish","type":"page","link":"https:\/\/hisareurope.com\/de\/blog\/","title":{"rendered":"Blog"},"content":{"rendered":"<style>.elementor-23802 .elementor-element.elementor-element-85248c4{--display:flex;--flex-direction:column;--container-widget-width:100%;--container-widget-height:initial;--container-widget-flex-grow:0;--container-widget-align-self:initial;--flex-wrap-mobile:wrap;--margin-top:25px;--margin-bottom:25px;--margin-left:25px;--margin-right:25px;}.elementor-widget-heading .elementor-heading-title{font-family:var( --e-global-typography-primary-font-family ), Sans-serif;font-weight:var( --e-global-typography-primary-font-weight );color:var( --e-global-color-primary );}.elementor-23802 .elementor-element.elementor-element-c3a5c4c{text-align:center;}.elementor-23802 .elementor-element.elementor-element-c3a5c4c .elementor-heading-title{font-family:\"Arial\", Sans-serif;font-size:43px;font-weight:900;color:#D26B28;}.elementor-23802 .elementor-element.elementor-element-dc514c2{--display:flex;--flex-direction:row;--container-widget-width:initial;--container-widget-height:100%;--container-widget-flex-grow:1;--container-widget-align-self:stretch;--flex-wrap-mobile:wrap;}.elementor-widget-posts .elementor-button{background-color:var( --e-global-color-accent );font-family:var( --e-global-typography-accent-font-family ), Sans-serif;font-weight:var( --e-global-typography-accent-font-weight );}.elementor-widget-posts .elementor-post__title, .elementor-widget-posts .elementor-post__title a{color:var( --e-global-color-secondary );font-family:var( --e-global-typography-primary-font-family ), Sans-serif;font-weight:var( --e-global-typography-primary-font-weight );}.elementor-widget-posts .elementor-post__meta-data{font-family:var( --e-global-typography-secondary-font-family ), Sans-serif;font-weight:var( --e-global-typography-secondary-font-weight );}.elementor-widget-posts .elementor-post__excerpt p{font-family:var( --e-global-typography-text-font-family ), Sans-serif;font-weight:var( --e-global-typography-text-font-weight );}.elementor-widget-posts .elementor-post__read-more{color:var( --e-global-color-accent );}.elementor-widget-posts a.elementor-post__read-more{font-family:var( --e-global-typography-accent-font-family ), Sans-serif;font-weight:var( --e-global-typography-accent-font-weight );}.elementor-widget-posts .elementor-post__card .elementor-post__badge{background-color:var( --e-global-color-accent );font-family:var( --e-global-typography-accent-font-family ), Sans-serif;font-weight:var( --e-global-typography-accent-font-weight );}.elementor-widget-posts .elementor-pagination{font-family:var( --e-global-typography-secondary-font-family ), Sans-serif;font-weight:var( --e-global-typography-secondary-font-weight );}.elementor-widget-posts .e-load-more-message{font-family:var( --e-global-typography-secondary-font-family ), Sans-serif;font-weight:var( --e-global-typography-secondary-font-weight );}.elementor-23802 .elementor-element.elementor-element-744b58b{--grid-row-gap:35px;--grid-column-gap:20px;}.elementor-23802 .elementor-element.elementor-element-744b58b .elementor-post__thumbnail__link{width:100%;}.elementor-23802 .elementor-element.elementor-element-744b58b .elementor-post__meta-data span + span:before{content:\"\u2022\";}.elementor-23802 .elementor-element.elementor-element-744b58b .elementor-post__card{background-color:#FFFFFF;border-radius:20px;}.elementor-23802 .elementor-element.elementor-element-744b58b .elementor-post__text{margin-top:10px;}.elementor-23802 .elementor-element.elementor-element-744b58b .elementor-post__title, .elementor-23802 .elementor-element.elementor-element-744b58b .elementor-post__title a{color:#27398B;font-family:\"Trebuchet MS\", Sans-serif;font-weight:700;}.elementor-23802 .elementor-element.elementor-element-744b58b .elementor-post__excerpt p{color:#000000;}@media(max-width:767px){.elementor-23802 .elementor-element.elementor-element-85248c4{--margin-top:25px;--margin-bottom:0px;--margin-left:0px;--margin-right:0px;}.elementor-23802 .elementor-element.elementor-element-c3a5c4c .elementor-heading-title{font-size:36px;}.elementor-23802 .elementor-element.elementor-element-744b58b .elementor-post__thumbnail__link{width:100%;}}<\/style>\t\t<div data-elementor-type=\"wp-page\" data-elementor-id=\"23802\" class=\"elementor elementor-23802 elementor-16779\" data-elementor-post-type=\"page\">\n\t\t\t\t<div class=\"elementor-element elementor-element-85248c4 e-flex e-con-boxed e-con e-parent\" data-id=\"85248c4\" data-element_type=\"container\">\n\t\t\t\t\t<div class=\"e-con-inner\">\n\t\t\t\t<div class=\"elementor-element elementor-element-c3a5c4c elementor-widget elementor-widget-heading\" data-id=\"c3a5c4c\" data-element_type=\"widget\" data-widget_type=\"heading.default\">\n\t\t\t\t<div class=\"elementor-widget-container\">\n\t\t\t\t\t<h1 class=\"elementor-heading-title elementor-size-default\">Unsere Blog-Beitr\u00e4ge<\/h1>\t\t\t\t<\/div>\n\t\t\t\t<\/div>\n\t\t\t\t\t<\/div>\n\t\t\t\t<\/div>\n\t\t<div class=\"elementor-element elementor-element-dc514c2 e-flex e-con-boxed e-con e-parent\" data-id=\"dc514c2\" data-element_type=\"container\">\n\t\t\t\t\t<div class=\"e-con-inner\">\n\t\t\t\t<div class=\"elementor-element elementor-element-744b58b elementor-grid-4 elementor-grid-tablet-2 elementor-grid-mobile-1 elementor-posts--thumbnail-top elementor-card-shadow-yes elementor-posts__hover-gradient elementor-widget elementor-widget-posts\" data-id=\"744b58b\" data-element_type=\"widget\" data-settings=\"{&quot;cards_columns&quot;:&quot;4&quot;,&quot;cards_masonry&quot;:&quot;yes&quot;,&quot;pagination_type&quot;:&quot;load_more_infinite_scroll&quot;,&quot;cards_columns_tablet&quot;:&quot;2&quot;,&quot;cards_columns_mobile&quot;:&quot;1&quot;,&quot;cards_row_gap&quot;:{&quot;unit&quot;:&quot;px&quot;,&quot;size&quot;:35,&quot;sizes&quot;:[]},&quot;cards_row_gap_tablet&quot;:{&quot;unit&quot;:&quot;px&quot;,&quot;size&quot;:&quot;&quot;,&quot;sizes&quot;:[]},&quot;cards_row_gap_mobile&quot;:{&quot;unit&quot;:&quot;px&quot;,&quot;size&quot;:&quot;&quot;,&quot;sizes&quot;:[]},&quot;load_more_spinner&quot;:{&quot;value&quot;:&quot;fas fa-spinner&quot;,&quot;library&quot;:&quot;fa-solid&quot;}}\" data-widget_type=\"posts.cards\">\n\t\t\t\t<div class=\"elementor-widget-container\">\n\t\t\t\t\t\t\t<div class=\"elementor-posts-container elementor-posts elementor-posts--skin-cards elementor-grid\" role=\"list\">\n\t\t\t\t<article class=\"elementor-post elementor-grid-item post-23878 post type-post status-publish format-standard has-post-thumbnail hentry category-hajj\" role=\"listitem\">\n\t\t\t<div class=\"elementor-post__card\">\n\t\t\t\t<a class=\"elementor-post__thumbnail__link\" href=\"https:\/\/hisareurope.com\/de\/blog\/hadsch-preise-2026-faktoren-voranmeldung\/\" tabindex=\"-1\" ><div class=\"elementor-post__thumbnail\"><img decoding=\"async\" width=\"300\" height=\"157\" src=\"https:\/\/hisareurope.com\/wp-content\/uploads\/2025\/09\/Blog_Hac_Fiyatlari-300x157.jpg\" class=\"attachment-medium size-medium wp-image-20961\" alt=\"Mekke-i M\u00fckerreme\u2019de Mescid-i Haram\u2019\u0131n havadan g\u00f6r\u00fcn\u00fcm\u00fc; tavaf halkas\u0131nda K\u00e2be-i Muazzama\" srcset=\"https:\/\/hisareurope.com\/wp-content\/uploads\/2025\/09\/Blog_Hac_Fiyatlari-300x157.jpg 300w, https:\/\/hisareurope.com\/wp-content\/uploads\/2025\/09\/Blog_Hac_Fiyatlari-1024x537.jpg 1024w, https:\/\/hisareurope.com\/wp-content\/uploads\/2025\/09\/Blog_Hac_Fiyatlari-768x403.jpg 768w, https:\/\/hisareurope.com\/wp-content\/uploads\/2025\/09\/Blog_Hac_Fiyatlari.jpg 1200w\" sizes=\"(max-width: 300px) 100vw, 300px\" title=\"\"><\/div><\/a>\n\t\t\t\t<div class=\"elementor-post__text\">\n\t\t\t\t<h3 class=\"elementor-post__title\">\n\t\t\t<a href=\"https:\/\/hisareurope.com\/de\/blog\/hadsch-preise-2026-faktoren-voranmeldung\/\" >\n\t\t\t\tHajj-Preise 2026 \u2013 Aktueller Leitfaden fu\u0308r Abreisen aus Europa\t\t\t<\/a>\n\t\t<\/h3>\n\t\t\t\t<div class=\"elementor-post__excerpt\">\n\t\t\t<p>Hajj 2026: Wovon h\u00e4ngen die Kosten Ihrer Pilgerreise ab? F\u00fcr<\/p>\n\t\t<\/div>\n\t\t\n\t\t<a class=\"elementor-post__read-more\" href=\"https:\/\/hisareurope.com\/de\/blog\/hadsch-preise-2026-faktoren-voranmeldung\/\" aria-label=\"Read more about Hajj-Preise 2026 \u2013 Aktueller Leitfaden fu\u0308r Abreisen aus Europa\" tabindex=\"-1\" >\n\t\t\tWeiterlesen \u00bb\t\t<\/a>\n\n\t\t\t\t<\/div>\n\t\t\t\t\t<\/div>\n\t\t<\/article>\n\t\t\t\t<article class=\"elementor-post elementor-grid-item post-23863 post type-post status-publish format-standard has-post-thumbnail hentry category-umrah\" role=\"listitem\">\n\t\t\t<div class=\"elementor-post__card\">\n\t\t\t\t<a class=\"elementor-post__thumbnail__link\" href=\"https:\/\/hisareurope.com\/de\/blog\/umrah-vorbereitung-kurzer-und-aktueller-leitfaden\/\" tabindex=\"-1\" ><div class=\"elementor-post__thumbnail\"><img decoding=\"async\" width=\"300\" height=\"157\" src=\"https:\/\/hisareurope.com\/wp-content\/uploads\/2025\/09\/Blog_Umre_Hazirliklar-300x157.jpg\" class=\"attachment-medium size-medium wp-image-20930\" alt=\"K\u00e2be-i Muazzama\u2019n\u0131n kap\u0131s\u0131 ve etraf\u0131nda tavaf eden umreciler \u2013 Mekke-i M\u00fckerreme\" srcset=\"https:\/\/hisareurope.com\/wp-content\/uploads\/2025\/09\/Blog_Umre_Hazirliklar-300x157.jpg 300w, https:\/\/hisareurope.com\/wp-content\/uploads\/2025\/09\/Blog_Umre_Hazirliklar-1024x537.jpg 1024w, https:\/\/hisareurope.com\/wp-content\/uploads\/2025\/09\/Blog_Umre_Hazirliklar-768x403.jpg 768w, https:\/\/hisareurope.com\/wp-content\/uploads\/2025\/09\/Blog_Umre_Hazirliklar.jpg 1200w\" sizes=\"(max-width: 300px) 100vw, 300px\" title=\"\"><\/div><\/a>\n\t\t\t\t<div class=\"elementor-post__text\">\n\t\t\t\t<h3 class=\"elementor-post__title\">\n\t\t\t<a href=\"https:\/\/hisareurope.com\/de\/blog\/umrah-vorbereitung-kurzer-und-aktueller-leitfaden\/\" >\n\t\t\t\tUmrah-Vorbereitungen \u2013 Ein kurzer, klarer und aktueller Leitfaden\t\t\t<\/a>\n\t\t<\/h3>\n\t\t\t\t<div class=\"elementor-post__excerpt\">\n\t\t\t<p>Konzentrieren dich bei der Vorbereitung auf die Umrah vor allem<\/p>\n\t\t<\/div>\n\t\t\n\t\t<a class=\"elementor-post__read-more\" href=\"https:\/\/hisareurope.com\/de\/blog\/umrah-vorbereitung-kurzer-und-aktueller-leitfaden\/\" aria-label=\"Read more about Umrah-Vorbereitungen \u2013 Ein kurzer, klarer und aktueller Leitfaden\" tabindex=\"-1\" >\n\t\t\tWeiterlesen \u00bb\t\t<\/a>\n\n\t\t\t\t<\/div>\n\t\t\t\t\t<\/div>\n\t\t<\/article>\n\t\t\t\t<article class=\"elementor-post elementor-grid-item post-23796 post type-post status-publish format-standard has-post-thumbnail hentry category-umrah\" role=\"listitem\">\n\t\t\t<div class=\"elementor-post__card\">\n\t\t\t\t<a class=\"elementor-post__thumbnail__link\" href=\"https:\/\/hisareurope.com\/de\/blog\/fragen-zur-umra-kurzer-klarer-praktischer-leitfaden\/\" tabindex=\"-1\" ><div class=\"elementor-post__thumbnail\"><img decoding=\"async\" width=\"300\" height=\"157\" src=\"https:\/\/hisareurope.com\/wp-content\/uploads\/2025\/09\/Blog_Umre_SSS-300x157.jpg\" class=\"attachment-medium size-medium wp-image-20866\" alt=\"Mekke-i M\u00fckerreme\u2019de Mescid-i Haram\u2019da K\u00e2be-i Muazzama etraf\u0131nda g\u00fcn bat\u0131m\u0131nda tavaf eden umreciler | Hisar Europe\" srcset=\"https:\/\/hisareurope.com\/wp-content\/uploads\/2025\/09\/Blog_Umre_SSS-300x157.jpg 300w, https:\/\/hisareurope.com\/wp-content\/uploads\/2025\/09\/Blog_Umre_SSS-1024x537.jpg 1024w, https:\/\/hisareurope.com\/wp-content\/uploads\/2025\/09\/Blog_Umre_SSS-768x403.jpg 768w, https:\/\/hisareurope.com\/wp-content\/uploads\/2025\/09\/Blog_Umre_SSS.jpg 1200w\" sizes=\"(max-width: 300px) 100vw, 300px\" title=\"\"><\/div><\/a>\n\t\t\t\t<div class=\"elementor-post__text\">\n\t\t\t\t<h3 class=\"elementor-post__title\">\n\t\t\t<a href=\"https:\/\/hisareurope.com\/de\/blog\/fragen-zur-umra-kurzer-klarer-praktischer-leitfaden\/\" >\n\t\t\t\tFragen zur Umra  Kurzer, klarer, praktischer Leitfaden\t\t\t<\/a>\n\t\t<\/h3>\n\t\t\t\t<div class=\"elementor-post__excerpt\">\n\t\t\t<p>Umrah ist eine gesegnete Reise nach Mekka und Medina, die<\/p>\n\t\t<\/div>\n\t\t\n\t\t<a class=\"elementor-post__read-more\" href=\"https:\/\/hisareurope.com\/de\/blog\/fragen-zur-umra-kurzer-klarer-praktischer-leitfaden\/\" aria-label=\"Read more about Fragen zur Umra  Kurzer, klarer, praktischer Leitfaden\" tabindex=\"-1\" >\n\t\t\tWeiterlesen \u00bb\t\t<\/a>\n\n\t\t\t\t<\/div>\n\t\t\t\t\t<\/div>\n\t\t<\/article>\n\t\t\t\t<\/div>\n\t\t\t\t\t<span class=\"e-load-more-spinner\">\n\t\t\t\t<svg aria-hidden=\"true\" class=\"e-font-icon-svg e-fas-spinner\" viewBox=\"0 0 512 512\" xmlns=\"http:\/\/www.w3.org\/2000\/svg\"><path d=\"M304 48c0 26.51-21.49 48-48 48s-48-21.49-48-48 21.49-48 48-48 48 21.49 48 48zm-48 368c-26.51 0-48 21.49-48 48s21.49 48 48 48 48-21.49 48-48-21.49-48-48-48zm208-208c-26.51 0-48 21.49-48 48s21.49 48 48 48 48-21.49 48-48-21.49-48-48-48zM96 256c0-26.51-21.49-48-48-48S0 229.49 0 256s21.49 48 48 48 48-21.49 48-48zm12.922 99.078c-26.51 0-48 21.49-48 48s21.49 48 48 48 48-21.49 48-48c0-26.509-21.491-48-48-48zm294.156 0c-26.51 0-48 21.49-48 48s21.49 48 48 48 48-21.49 48-48c0-26.509-21.49-48-48-48zM108.922 60.922c-26.51 0-48 21.49-48 48s21.49 48 48 48 48-21.49 48-48-21.491-48-48-48z\"><\/path><\/svg>\t\t\t<\/span>\n\t\t\n\t\t\t\t\t\t<\/div>\n\t\t\t\t<\/div>\n\t\t\t\t\t<\/div>\n\t\t\t\t<\/div>\n\t\t\t\t<\/div>\n\t\t","protected":false},"excerpt":{"rendered":"<p>Unsere Blog-Beitr\u00e4ge<\/p>\n","protected":false},"author":12,"featured_media":0,"parent":0,"menu_order":0,"comment_status":"closed","ping_status":"closed","template":"elementor_header_footer","meta":{"_joinchat":[],"footnotes":""},"class_list":["post-23802","page","type-page","status-publish","hentry"],"_links":{"self":[{"href":"https:\/\/hisareurope.com\/de\/wp-json\/wp\/v2\/pages\/23802","targetHints":{"allow":["GET"]}}],"collection":[{"href":"https:\/\/hisareurope.com\/de\/wp-json\/wp\/v2\/pages"}],"about":[{"href":"https:\/\/hisareurope.com\/de\/wp-json\/wp\/v2\/types\/page"}],"author":[{"embeddable":true,"href":"https:\/\/hisareurope.com\/de\/wp-json\/wp\/v2\/users\/12"}],"replies":[{"embeddable":true,"href":"https:\/\/hisareurope.com\/de\/wp-json\/wp\/v2\/comments?post=23802"}],"version-history":[{"count":4,"href":"https:\/\/hisareurope.com\/de\/wp-json\/wp\/v2\/pages\/23802\/revisions"}],"predecessor-version":[{"id":23806,"href":"https:\/\/hisareurope.com\/de\/wp-json\/wp\/v2\/pages\/23802\/revisions\/23806"}],"wp:attachment":[{"href":"https:\/\/hisareurope.com\/de\/wp-json\/wp\/v2\/media?parent=23802"}],"curies":[{"name":"wp","href":"https:\/\/api.w.org\/{rel}","templated":true}]}}