{"id":12863,"date":"2024-09-10T13:49:51","date_gmt":"2024-09-10T11:49:51","guid":{"rendered":"https:\/\/hisareurope.com\/ramadan-i-sherif-umrah\/"},"modified":"2025-12-08T09:32:53","modified_gmt":"2025-12-08T08:32:53","slug":"ramadan-i-sherif-umrah","status":"publish","type":"page","link":"https:\/\/hisareurope.com\/de\/ramadan-i-sherif-umrah\/","title":{"rendered":"UMRAH IM RAMADAN"},"content":{"rendered":"<style>.elementor-12863 .elementor-element.elementor-element-80b61f2{--display:flex;--flex-direction:column;--container-widget-width:100%;--container-widget-height:initial;--container-widget-flex-grow:0;--container-widget-align-self:initial;--flex-wrap-mobile:wrap;--margin-top:0px;--margin-bottom:0px;--margin-left:0px;--margin-right:0px;--padding-top:0px;--padding-bottom:0px;--padding-left:0px;--padding-right:0px;}.elementor-12863 .elementor-element.elementor-element-80b61f2:not(.elementor-motion-effects-element-type-background), .elementor-12863 .elementor-element.elementor-element-80b61f2 > .elementor-motion-effects-container > .elementor-motion-effects-layer{background-color:#FFFFFF;}.elementor-widget-image .widget-image-caption{color:var( --e-global-color-text );font-family:var( --e-global-typography-text-font-family ), Sans-serif;font-weight:var( --e-global-typography-text-font-weight );}.elementor-12863 .elementor-element.elementor-element-3a96876{--display:flex;--flex-direction:row;--container-widget-width:initial;--container-widget-height:100%;--container-widget-flex-grow:1;--container-widget-align-self:stretch;--flex-wrap-mobile:wrap;--margin-top:0px;--margin-bottom:0px;--margin-left:0px;--margin-right:0px;--padding-top:0px;--padding-bottom:0px;--padding-left:0px;--padding-right:0px;}.elementor-12863 .elementor-element.elementor-element-c2cb227{--display:flex;--justify-content:center;--align-items:center;--container-widget-width:calc( ( 1 - var( --container-widget-flex-grow ) ) * 100% );--gap:0px 0px;--row-gap:0px;--column-gap:0px;}.elementor-12863 .elementor-element.elementor-element-38d633a > .elementor-widget-container{margin:0px 0px 0px 0px;padding:0px 0px 0px 0px;}.elementor-12863 .elementor-element.elementor-element-38d633a{text-align:center;}.elementor-12863 .elementor-element.elementor-element-8f7e3fa{--display:flex;--flex-direction:column;--container-widget-width:100%;--container-widget-height:initial;--container-widget-flex-grow:0;--container-widget-align-self:initial;--flex-wrap-mobile:wrap;--margin-top:0px;--margin-bottom:25px;--margin-left:0px;--margin-right:0px;}.elementor-widget-text-editor{font-family:var( --e-global-typography-text-font-family ), Sans-serif;font-weight:var( --e-global-typography-text-font-weight );color:var( --e-global-color-text );}.elementor-widget-text-editor.elementor-drop-cap-view-stacked .elementor-drop-cap{background-color:var( --e-global-color-primary );}.elementor-widget-text-editor.elementor-drop-cap-view-framed .elementor-drop-cap, .elementor-widget-text-editor.elementor-drop-cap-view-default .elementor-drop-cap{color:var( --e-global-color-primary );border-color:var( --e-global-color-primary );}.elementor-12863 .elementor-element.elementor-element-3a029d6{text-align:center;font-family:\"Arial\", Sans-serif;font-size:20px;font-weight:500;line-height:2em;color:#257864;}.elementor-12863 .elementor-element.elementor-element-3798ec9{--display:flex;--flex-direction:column;--container-widget-width:100%;--container-widget-height:initial;--container-widget-flex-grow:0;--container-widget-align-self:initial;--flex-wrap-mobile:wrap;--margin-top:0px;--margin-bottom:0px;--margin-left:0px;--margin-right:0px;--padding-top:0px;--padding-bottom:0px;--padding-left:50px;--padding-right:50px;}.elementor-12863 .elementor-element.elementor-element-3798ec9.e-con{--flex-grow:0;--flex-shrink:0;}body:not(.rtl) .elementor-12863 .elementor-element.elementor-element-1e9e406{right:0px;}body.rtl .elementor-12863 .elementor-element.elementor-element-1e9e406{left:0px;}.elementor-12863 .elementor-element.elementor-element-1e9e406{top:0px;}.elementor-12863 .elementor-element.elementor-element-5cfc2f2{text-align:center;font-family:\"Arial\", Sans-serif;font-size:18px;font-weight:500;line-height:2em;color:#257864;}.elementor-12863 .elementor-element.elementor-element-f055fdf{--display:flex;--flex-direction:column;--container-widget-width:100%;--container-widget-height:initial;--container-widget-flex-grow:0;--container-widget-align-self:initial;--flex-wrap-mobile:wrap;--margin-top:0px;--margin-bottom:0px;--margin-left:0px;--margin-right:0px;--padding-top:0px;--padding-bottom:0px;--padding-left:50px;--padding-right:50px;}.elementor-12863 .elementor-element.elementor-element-f055fdf.e-con{--flex-grow:0;--flex-shrink:0;}body:not(.rtl) .elementor-12863 .elementor-element.elementor-element-34fc9dd{left:0px;}body.rtl .elementor-12863 .elementor-element.elementor-element-34fc9dd{right:0px;}.elementor-12863 .elementor-element.elementor-element-34fc9dd{bottom:0px;}.elementor-12863 .elementor-element.elementor-element-6bb3ae0{text-align:center;font-family:\"Arial\", Sans-serif;font-size:18px;font-weight:500;line-height:2em;color:#257864;}.elementor-12863 .elementor-element.elementor-element-bb9ce77{--display:flex;--flex-direction:column;--container-widget-width:100%;--container-widget-height:initial;--container-widget-flex-grow:0;--container-widget-align-self:initial;--flex-wrap-mobile:wrap;--margin-top:0px;--margin-bottom:0px;--margin-left:0px;--margin-right:0px;--padding-top:50px;--padding-bottom:50px;--padding-left:50px;--padding-right:50px;}.elementor-12863 .elementor-element.elementor-element-bb9ce77.e-con{--flex-grow:0;--flex-shrink:0;}body:not(.rtl) .elementor-12863 .elementor-element.elementor-element-145068f{left:0px;}body.rtl .elementor-12863 .elementor-element.elementor-element-145068f{right:0px;}.elementor-12863 .elementor-element.elementor-element-145068f{top:0px;}body:not(.rtl) .elementor-12863 .elementor-element.elementor-element-dc54bb4{right:0px;}body.rtl .elementor-12863 .elementor-element.elementor-element-dc54bb4{left:0px;}.elementor-12863 .elementor-element.elementor-element-dc54bb4{bottom:0px;}.elementor-12863 .elementor-element.elementor-element-a94ac14{text-align:center;font-family:\"Arial\", Sans-serif;font-size:18px;font-weight:500;line-height:2em;color:#257864;}@media(max-width:767px){.elementor-12863 .elementor-element.elementor-element-80b61f2{--margin-top:0px;--margin-bottom:0px;--margin-left:0px;--margin-right:0px;}.elementor-12863 .elementor-element.elementor-element-3a96876{--gap:0px 0px;--row-gap:0px;--column-gap:0px;--margin-top:0px;--margin-bottom:0px;--margin-left:0px;--margin-right:0px;}.elementor-12863 .elementor-element.elementor-element-8f7e3fa{--margin-top:0px;--margin-bottom:0px;--margin-left:0px;--margin-right:0px;--padding-top:5px;--padding-bottom:5px;--padding-left:5px;--padding-right:5px;}.elementor-12863 .elementor-element.elementor-element-3a029d6{font-size:14px;}.elementor-12863 .elementor-element.elementor-element-3798ec9{--justify-content:center;--align-items:center;--container-widget-width:calc( ( 1 - var( --container-widget-flex-grow ) ) * 100% );--margin-top:20px;--margin-bottom:0px;--margin-left:0px;--margin-right:0px;--padding-top:0px;--padding-bottom:0px;--padding-left:20px;--padding-right:20px;}.elementor-12863 .elementor-element.elementor-element-3798ec9.e-con{--align-self:center;--flex-grow:0;--flex-shrink:0;}body:not(.rtl) .elementor-12863 .elementor-element.elementor-element-1e9e406{right:-130px;}body.rtl .elementor-12863 .elementor-element.elementor-element-1e9e406{left:-130px;}.elementor-12863 .elementor-element.elementor-element-5cfc2f2 > .elementor-widget-container{padding:0px 25px 0px 25px;}.elementor-12863 .elementor-element.elementor-element-5cfc2f2{font-size:14px;}.elementor-12863 .elementor-element.elementor-element-f055fdf{--justify-content:center;--align-items:center;--container-widget-width:calc( ( 1 - var( --container-widget-flex-grow ) ) * 100% );--margin-top:20px;--margin-bottom:0px;--margin-left:0px;--margin-right:0px;--padding-top:0px;--padding-bottom:0px;--padding-left:20px;--padding-right:20px;}.elementor-12863 .elementor-element.elementor-element-f055fdf.e-con{--align-self:center;--flex-grow:0;--flex-shrink:0;}body:not(.rtl) .elementor-12863 .elementor-element.elementor-element-34fc9dd{left:-190px;}body.rtl .elementor-12863 .elementor-element.elementor-element-34fc9dd{right:-190px;}.elementor-12863 .elementor-element.elementor-element-6bb3ae0 > .elementor-widget-container{padding:0px 25px 0px 25px;}.elementor-12863 .elementor-element.elementor-element-6bb3ae0{font-size:14px;}.elementor-12863 .elementor-element.elementor-element-bb9ce77{--justify-content:center;--align-items:center;--container-widget-width:calc( ( 1 - var( --container-widget-flex-grow ) ) * 100% );--margin-top:20px;--margin-bottom:0px;--margin-left:0px;--margin-right:0px;--padding-top:0px;--padding-bottom:0px;--padding-left:20px;--padding-right:20px;}.elementor-12863 .elementor-element.elementor-element-bb9ce77.e-con{--align-self:center;--flex-grow:0;--flex-shrink:0;}.elementor-12863 .elementor-element.elementor-element-145068f{width:100%;max-width:100%;top:15px;z-index:-1;}body:not(.rtl) .elementor-12863 .elementor-element.elementor-element-145068f{left:-210px;}body.rtl .elementor-12863 .elementor-element.elementor-element-145068f{right:-210px;}.elementor-12863 .elementor-element.elementor-element-dc54bb4{width:100%;max-width:100%;bottom:110px;z-index:-1;}body:not(.rtl) .elementor-12863 .elementor-element.elementor-element-dc54bb4{right:-275px;}body.rtl .elementor-12863 .elementor-element.elementor-element-dc54bb4{left:-275px;}.elementor-12863 .elementor-element.elementor-element-a94ac14 > .elementor-widget-container{padding:0px 25px 0px 25px;}.elementor-12863 .elementor-element.elementor-element-a94ac14{font-size:14px;}}<\/style>\t\t<div data-elementor-type=\"wp-page\" data-elementor-id=\"12863\" class=\"elementor elementor-12863 elementor-12720\" data-elementor-post-type=\"page\">\n\t\t\t\t<div class=\"elementor-element elementor-element-80b61f2 e-flex e-con-boxed e-con e-parent\" data-id=\"80b61f2\" data-element_type=\"container\" data-settings=\"{&quot;background_background&quot;:&quot;classic&quot;}\">\n\t\t\t\t\t<div class=\"e-con-inner\">\n\t\t\t\t<div class=\"elementor-element elementor-element-28bf299 elementor-widget elementor-widget-image\" data-id=\"28bf299\" data-element_type=\"widget\" data-widget_type=\"image.default\">\n\t\t\t\t<div class=\"elementor-widget-container\">\n\t\t\t\t\t\t\t\t\t\t\t\t\t\t\t<img fetchpriority=\"high\" decoding=\"async\" width=\"1920\" height=\"1400\" src=\"https:\/\/hisareurope.com\/wp-content\/uploads\/2025\/01\/2025-Ramazan-Fiyatlar-14.png\" class=\"attachment-full size-full wp-image-14027\" alt=\"\" srcset=\"https:\/\/hisareurope.com\/wp-content\/uploads\/2025\/01\/2025-Ramazan-Fiyatlar-14.png 1920w, https:\/\/hisareurope.com\/wp-content\/uploads\/2025\/01\/2025-Ramazan-Fiyatlar-14-300x219.png 300w, https:\/\/hisareurope.com\/wp-content\/uploads\/2025\/01\/2025-Ramazan-Fiyatlar-14-1024x747.png 1024w, https:\/\/hisareurope.com\/wp-content\/uploads\/2025\/01\/2025-Ramazan-Fiyatlar-14-768x560.png 768w, https:\/\/hisareurope.com\/wp-content\/uploads\/2025\/01\/2025-Ramazan-Fiyatlar-14-1536x1120.png 1536w, https:\/\/hisareurope.com\/wp-content\/uploads\/2025\/01\/2025-Ramazan-Fiyatlar-14-630x460.png 630w\" sizes=\"(max-width: 1920px) 100vw, 1920px\" title=\"\">\t\t\t\t\t\t\t\t\t\t\t\t\t\t\t<\/div>\n\t\t\t\t<\/div>\n\t\t\t\t\t<\/div>\n\t\t\t\t<\/div>\n\t\t<div class=\"elementor-element elementor-element-3a96876 e-flex e-con-boxed e-con e-parent\" data-id=\"3a96876\" data-element_type=\"container\">\n\t\t\t\t\t<div class=\"e-con-inner\">\n\t\t<div class=\"elementor-element elementor-element-c2cb227 e-con-full e-flex e-con e-child\" data-id=\"c2cb227\" data-element_type=\"container\">\n\t\t\t\t<div class=\"elementor-element elementor-element-38d633a elementor-widget elementor-widget-image\" data-id=\"38d633a\" data-element_type=\"widget\" data-widget_type=\"image.default\">\n\t\t\t\t<div class=\"elementor-widget-container\">\n\t\t\t\t\t\t\t\t\t\t\t\t\t\t\t<img decoding=\"async\" width=\"768\" height=\"769\" src=\"https:\/\/hisareurope.com\/wp-content\/uploads\/2024\/09\/Ramazan-Sayfasi-07-768x769.png\" class=\"attachment-medium_large size-medium_large wp-image-12743\" alt=\"\" srcset=\"https:\/\/hisareurope.com\/wp-content\/uploads\/2024\/09\/Ramazan-Sayfasi-07-768x769.png 768w, https:\/\/hisareurope.com\/wp-content\/uploads\/2024\/09\/Ramazan-Sayfasi-07-300x300.png 300w, https:\/\/hisareurope.com\/wp-content\/uploads\/2024\/09\/Ramazan-Sayfasi-07-1024x1024.png 1024w, https:\/\/hisareurope.com\/wp-content\/uploads\/2024\/09\/Ramazan-Sayfasi-07-150x150.png 150w, https:\/\/hisareurope.com\/wp-content\/uploads\/2024\/09\/Ramazan-Sayfasi-07-1534x1536.png 1534w, https:\/\/hisareurope.com\/wp-content\/uploads\/2024\/09\/Ramazan-Sayfasi-07.png 1918w\" sizes=\"(max-width: 768px) 100vw, 768px\" title=\"\">\t\t\t\t\t\t\t\t\t\t\t\t\t\t\t<\/div>\n\t\t\t\t<\/div>\n\t\t\t\t<\/div>\n\t\t\t\t\t<\/div>\n\t\t\t\t<\/div>\n\t\t<div class=\"elementor-element elementor-element-8f7e3fa e-flex e-con-boxed e-con e-parent\" data-id=\"8f7e3fa\" data-element_type=\"container\">\n\t\t\t\t\t<div class=\"e-con-inner\">\n\t\t\t\t<div class=\"elementor-element elementor-element-3a029d6 elementor-widget elementor-widget-text-editor\" data-id=\"3a029d6\" data-element_type=\"widget\" data-widget_type=\"text-editor.default\">\n\t\t\t\t<div class=\"elementor-widget-container\">\n\t\t\t\t\t\t\t\t\t<p>&#8220;Der Prophet Muhammad (s.a.v.) sagte: \u201eEine im Monat Ramadan durchgef\u00fchrte Umra gilt wie eine vollwertige Hadsch,<br \/>oder sie ersetzt eine Pilgerfahrt, die mit mir durchgef\u00fchrt wurde&#8221;<\/p>\n\t\t\t\t\t\t\t\t<\/div>\n\t\t\t\t<\/div>\n\t\t\t\t\t<\/div>\n\t\t\t\t<\/div>\n\t\t<div class=\"elementor-element elementor-element-3798ec9 e-flex e-con-boxed e-con e-parent\" data-id=\"3798ec9\" data-element_type=\"container\">\n\t\t\t\t\t<div class=\"e-con-inner\">\n\t\t\t\t<div class=\"elementor-element elementor-element-1e9e406 elementor-absolute elementor-widget elementor-widget-image\" data-id=\"1e9e406\" data-element_type=\"widget\" data-settings=\"{&quot;_position&quot;:&quot;absolute&quot;}\" data-widget_type=\"image.default\">\n\t\t\t\t<div class=\"elementor-widget-container\">\n\t\t\t\t\t\t\t\t\t\t\t\t\t\t\t<img decoding=\"async\" width=\"300\" height=\"300\" src=\"https:\/\/hisareurope.com\/wp-content\/uploads\/2024\/09\/Ramazan-Sayfasi-05-300x300.png\" class=\"attachment-medium size-medium wp-image-12754\" alt=\"\" srcset=\"https:\/\/hisareurope.com\/wp-content\/uploads\/2024\/09\/Ramazan-Sayfasi-05-300x300.png 300w, https:\/\/hisareurope.com\/wp-content\/uploads\/2024\/09\/Ramazan-Sayfasi-05-1024x1024.png 1024w, https:\/\/hisareurope.com\/wp-content\/uploads\/2024\/09\/Ramazan-Sayfasi-05-150x150.png 150w, https:\/\/hisareurope.com\/wp-content\/uploads\/2024\/09\/Ramazan-Sayfasi-05-768x769.png 768w, https:\/\/hisareurope.com\/wp-content\/uploads\/2024\/09\/Ramazan-Sayfasi-05.png 1338w\" sizes=\"(max-width: 300px) 100vw, 300px\" title=\"\">\t\t\t\t\t\t\t\t\t\t\t\t\t\t\t<\/div>\n\t\t\t\t<\/div>\n\t\t\t\t<div class=\"elementor-element elementor-element-5cfc2f2 elementor-widget elementor-widget-text-editor\" data-id=\"5cfc2f2\" data-element_type=\"widget\" data-widget_type=\"text-editor.default\">\n\t\t\t\t<div class=\"elementor-widget-container\">\n\t\t\t\t\t\t\t\t\t<p><strong>Die Bedeutung des Ramadan<\/strong><br \/>Unser Prophet (s.a.v.) sagte folgendes:<br \/>&#8220;Wer sich einer Versammlung des Dhikr anschlie\u00dft, dem gibt Allah f\u00fcr jeden Schritt, den er macht, eine Belohnung f\u00fcr die Ibadah. Am Tag der Auferstehung wird er im Schatten des Throns des Allerh\u00f6chsten (Ar\u015f-\u0131 \u00c2l\u00e2) mit mir sein.\u201c<br \/>&#8220;Wer im Monat Ramadan regelm\u00e4\u00dfig die Gemeinschaftsgebete besucht, dem wird Allah f\u00fcr jedes Gebet eine Stadt aus Nur (Licht) im Paradies geben.\u201c<br \/>&#8220;Die Durchf\u00fchrung einer Umrah im Ramadan ist in Bezug auf die Belohnung so wertvoll wie die Durchf\u00fchrung einer Hadsch mit mir.\u201c<br \/>&#8220;Im Monat Ramadan wird Allah jemanden, der die Bed\u00fcrfnisse eines Muslims erf\u00fcllt, tausende seiner eigenen Bed\u00fcrfnisse erf\u00fcllen. Jemand, der einem bed\u00fcrftigen Elternteil Sadaqa gibt, wird von Allah mit Millionen von Hasana belohnt, Millionen von S\u00fcnden werden ihm vergeben und seine Stufe wird um Millionen erh\u00f6ht.\u201c<br \/>Hz. Enes (radiyall\u00e2hu anh) berichtet, dass der Prophet (s.a.v.) folgendes sagte: \u201aWer sich auf den Weg macht, um die Bed\u00fcrfnisse eines muslimischen Mitmenschen zu erf\u00fcllen, dem schreibt Allah siebzig Belohnungen auf und vergibt ihm f\u00fcr jeden Schritt, den er bis zur R\u00fcckkehr nach Hause macht, siebzig S\u00fcnden.  <\/p>\n\t\t\t\t\t\t\t\t<\/div>\n\t\t\t\t<\/div>\n\t\t\t\t\t<\/div>\n\t\t\t\t<\/div>\n\t\t<div class=\"elementor-element elementor-element-f055fdf e-flex e-con-boxed e-con e-parent\" data-id=\"f055fdf\" data-element_type=\"container\">\n\t\t\t\t\t<div class=\"e-con-inner\">\n\t\t\t\t<div class=\"elementor-element elementor-element-34fc9dd elementor-absolute elementor-widget elementor-widget-image\" data-id=\"34fc9dd\" data-element_type=\"widget\" data-settings=\"{&quot;_position&quot;:&quot;absolute&quot;}\" data-widget_type=\"image.default\">\n\t\t\t\t<div class=\"elementor-widget-container\">\n\t\t\t\t\t\t\t\t\t\t\t\t\t\t\t<img loading=\"lazy\" decoding=\"async\" width=\"300\" height=\"300\" src=\"https:\/\/hisareurope.com\/wp-content\/uploads\/2024\/09\/Ramazan-Sayfasi-03-300x300.png\" class=\"attachment-medium size-medium wp-image-12749\" alt=\"\" srcset=\"https:\/\/hisareurope.com\/wp-content\/uploads\/2024\/09\/Ramazan-Sayfasi-03-300x300.png 300w, https:\/\/hisareurope.com\/wp-content\/uploads\/2024\/09\/Ramazan-Sayfasi-03-1024x1024.png 1024w, https:\/\/hisareurope.com\/wp-content\/uploads\/2024\/09\/Ramazan-Sayfasi-03-150x150.png 150w, https:\/\/hisareurope.com\/wp-content\/uploads\/2024\/09\/Ramazan-Sayfasi-03-768x769.png 768w, https:\/\/hisareurope.com\/wp-content\/uploads\/2024\/09\/Ramazan-Sayfasi-03.png 1338w\" sizes=\"(max-width: 300px) 100vw, 300px\" title=\"\">\t\t\t\t\t\t\t\t\t\t\t\t\t\t\t<\/div>\n\t\t\t\t<\/div>\n\t\t\t\t<div class=\"elementor-element elementor-element-6bb3ae0 elementor-widget elementor-widget-text-editor\" data-id=\"6bb3ae0\" data-element_type=\"widget\" data-widget_type=\"text-editor.default\">\n\t\t\t\t<div class=\"elementor-widget-container\">\n\t\t\t\t\t\t\t\t\t<p>&#8220;Wenn der Ramadan begann, befreite der Prophet (s.a.v.) die Gefangenen und sorgte f\u00fcr die Bed\u00fcrfnisse der Menschen. Wer in diesem Monat gute Taten (Hasana) vollbringt, wird so, als ob er das ganze Jahr \u00fcber unz\u00e4hlige gute Taten (Hasana) getan h\u00e4tte.\u201c<br \/>&#8220;Wer den Monat Ramadan ohne Ibadah verstreichen l\u00e4sst, wird das ganze Jahr auf dieselbe Weise verbringen. In diesem gesegneten Monat sollten Muslime viele gute Taten anstreben und sich in spiritueller Disziplin \u00fcben.\u201c<br \/>Der Durst ging vor\u00fcber, die Adern wurden befeuchtet und die Belohnung wurde f\u00e4llig, so Allah will.<br \/>Das Verrichten des Tarawih-Gebets und das Abschlie\u00dfen des Qur&#8217;an sind Handlungen, die von Ras\u00fblullah (sall\u00e2llahu aleyhi ve sellem) stets praktiziert wurden. Diese Taten bringen den Muslimen gro\u00dfen Lohn und Belohnung. M\u00f6ge Allah Te\u00e2l\u00e2 uns die M\u00f6glichkeit geben, diese guten Taten im Namen unseres geliebten Ras\u00fblullah (sall\u00e2llahu aleyhi ve sellem) zu verrichten. \u00c2min.&#8221;<br \/>(Mekt\u00fbb\u00e2t von \u0130mam Rabb\u00e2n\u00ee, Bd. 1, Brief 45)      <\/p>\n\t\t\t\t\t\t\t\t<\/div>\n\t\t\t\t<\/div>\n\t\t\t\t\t<\/div>\n\t\t\t\t<\/div>\n\t\t<div class=\"elementor-element elementor-element-bb9ce77 e-flex e-con-boxed e-con e-parent\" data-id=\"bb9ce77\" data-element_type=\"container\">\n\t\t\t\t\t<div class=\"e-con-inner\">\n\t\t\t\t<div class=\"elementor-element elementor-element-145068f elementor-widget-mobile__width-inherit elementor-absolute elementor-widget elementor-widget-image\" data-id=\"145068f\" data-element_type=\"widget\" data-settings=\"{&quot;_position&quot;:&quot;absolute&quot;}\" data-widget_type=\"image.default\">\n\t\t\t\t<div class=\"elementor-widget-container\">\n\t\t\t\t\t\t\t\t\t\t\t\t\t\t\t<img loading=\"lazy\" decoding=\"async\" width=\"300\" height=\"300\" src=\"https:\/\/hisareurope.com\/wp-content\/uploads\/2024\/09\/Ramazan-Sayfasi-06-300x300.png\" class=\"attachment-medium size-medium wp-image-12782\" alt=\"\" srcset=\"https:\/\/hisareurope.com\/wp-content\/uploads\/2024\/09\/Ramazan-Sayfasi-06-300x300.png 300w, https:\/\/hisareurope.com\/wp-content\/uploads\/2024\/09\/Ramazan-Sayfasi-06-1024x1024.png 1024w, https:\/\/hisareurope.com\/wp-content\/uploads\/2024\/09\/Ramazan-Sayfasi-06-150x150.png 150w, https:\/\/hisareurope.com\/wp-content\/uploads\/2024\/09\/Ramazan-Sayfasi-06-768x769.png 768w, https:\/\/hisareurope.com\/wp-content\/uploads\/2024\/09\/Ramazan-Sayfasi-06.png 1338w\" sizes=\"(max-width: 300px) 100vw, 300px\" title=\"\">\t\t\t\t\t\t\t\t\t\t\t\t\t\t\t<\/div>\n\t\t\t\t<\/div>\n\t\t\t\t<div class=\"elementor-element elementor-element-dc54bb4 elementor-widget-mobile__width-inherit elementor-absolute elementor-widget elementor-widget-image\" data-id=\"dc54bb4\" data-element_type=\"widget\" data-settings=\"{&quot;_position&quot;:&quot;absolute&quot;}\" data-widget_type=\"image.default\">\n\t\t\t\t<div class=\"elementor-widget-container\">\n\t\t\t\t\t\t\t\t\t\t\t\t\t\t\t<img loading=\"lazy\" decoding=\"async\" width=\"300\" height=\"300\" src=\"https:\/\/hisareurope.com\/wp-content\/uploads\/2024\/09\/Ramazan-Sayfasi-04-300x300.png\" class=\"attachment-medium size-medium wp-image-12787\" alt=\"\" srcset=\"https:\/\/hisareurope.com\/wp-content\/uploads\/2024\/09\/Ramazan-Sayfasi-04-300x300.png 300w, https:\/\/hisareurope.com\/wp-content\/uploads\/2024\/09\/Ramazan-Sayfasi-04-1024x1024.png 1024w, https:\/\/hisareurope.com\/wp-content\/uploads\/2024\/09\/Ramazan-Sayfasi-04-150x150.png 150w, https:\/\/hisareurope.com\/wp-content\/uploads\/2024\/09\/Ramazan-Sayfasi-04-768x769.png 768w, https:\/\/hisareurope.com\/wp-content\/uploads\/2024\/09\/Ramazan-Sayfasi-04.png 1338w\" sizes=\"(max-width: 300px) 100vw, 300px\" title=\"\">\t\t\t\t\t\t\t\t\t\t\t\t\t\t\t<\/div>\n\t\t\t\t<\/div>\n\t\t\t\t<div class=\"elementor-element elementor-element-a94ac14 elementor-widget elementor-widget-text-editor\" data-id=\"a94ac14\" data-element_type=\"widget\" data-widget_type=\"text-editor.default\">\n\t\t\t\t<div class=\"elementor-widget-container\">\n\t\t\t\t\t\t\t\t\t<p><strong>20 Rakat Tarawih-Gebet ist eine best\u00e4tigte Sunnah (Sunnah Muakkadah)<\/strong><br \/>Im Monat Ramadan ist es f\u00fcr jeden Mann und jede Frau eine best\u00e4tigte Sunnah (Sunnah Muakkadah), 20 Rakat Tarawih-Gebet nach dem Pflicht- und Sunnah-Gebet des Nachtgebets (Isha) zu beten. Die Gef\u00e4hrten des Propheten und die Imame der Rechtsschulen haben dies praktiziert. Wer dies ablehnt, geh\u00f6rt zu denen, die sich im Irrtum befinden.<br \/>Das Tarawih-Gebet wurde zur Zeit des Gesandten Allahs (sall\u00e2llahu aleyhi ve sellem) nur wenige Male in Gemeinschaft verrichtet. Er bef\u00fcrchtete, dass es zur Pflicht f\u00fcr die Gemeinschaft gemacht werden k\u00f6nnte und einige es m\u00f6glicherweise nicht erf\u00fcllen k\u00f6nnten. In der Zeit von Hz. \u00d6mer, Hz. Osman und Hz. Ali wurde das Tarawih-Gebet jedoch in Gemeinschaft gebetet.<br \/>Es wird empfohlen, das Tarawih-Gebet in zwei Rak&#8217;ahs (Gebetseinheiten) zu beten und nach jedem vierten Rak&#8217;ah eine kurze Pause zu machen. Wenn jemand nach den ersten zwei Rak&#8217;ahs ohne Pause vier Rak&#8217;ahs betet, z\u00e4hlt dies nur als zwei Rak&#8217;ahs.<br \/>Wenn jemand, der das Pflichtgebet des Nachtgebets (Isha) nicht verrichtet hat, die Gemeinde erreicht, w\u00e4hrend sie das Tarawih-Gebet verrichtet, sollte er zun\u00e4chst das Pflichtgebet verrichten und dann dem Imam im Tarawih-Gebet folgen. Nachdem er gemeinsam mit dem Imam das Witr-Gebet abgeschlossen hat, muss er die Rak&#8217;ahs des Tarawih-Gebets nachholen, die er verpasst hat.<br \/>Wenn das Tarawih-Gebet bereits abgeschlossen ist, ist es nur w\u00e4hrend des Ramadan erlaubt, das Witr-Gebet gemeinsam mit dem Imam zu verrichten.<br \/>Es ist besonders lobenswert, das Tarawih-Gebet mit einem vollst\u00e4ndigen Hatim (das gesamte Qur&#8217;an zu lesen) durchzuf\u00fchren. Wenn dies jedoch nicht m\u00f6glich ist, kann man in den ersten zehn Rak&#8217;ahs insgesamt zehn Suren rezitieren, beginnend mit der Sure Elefant (Al-Fil) bis zur letzten Sure des Qur&#8217;ans. In den letzten zehn Rak&#8217;ahs wird dann dieselbe Reihenfolge der Suren rezitiert.        <\/p>\n<p>In \u201eFet\u00e2v\u00e2-\u00fcl K\u00e2z\u00eeh\u00e2n\u201c steht geschrieben: Die Frommen und Gottesf\u00fcrchtigen vollenden den Qur&#8217;an in jedem der zehn Tage des Ramadans. Imam Abu Hanifa vollendete im Ramadan insgesamt 61 Hatim (durch das gesamte Qur&#8217;an lesen). Davon machte er nachts 30 Hatim, tags\u00fcber 30 Hatim und zus\u00e4tzlich einen Hatim w\u00e4hrend des Tarawih-Gebets.  <\/p>\n<p>Rasulullah (sall\u00e2llahu aleyhi ve sellem) sagte: \u201eO Muslime, die verpflichtet sind, Allah zu gehorchen und dem Propheten zu folgen! Wahrlich, Allah hat euch das Fasten im Ramadan zur Pflicht gemacht. Und ich habe das Tarawih-Gebet in der Nacht zur Sunnah gemacht. Wer tags\u00fcber fastet und an den Lohn des n\u00e4chtlichen Gebets glaubt und darauf hofft, dem werden seine S\u00fcnden vergeben, als w\u00e4re er frisch geboren.\u201c   <\/p>\n\t\t\t\t\t\t\t\t<\/div>\n\t\t\t\t<\/div>\n\t\t\t\t\t<\/div>\n\t\t\t\t<\/div>\n\t\t\t\t<\/div>\n\t\t","protected":false},"excerpt":{"rendered":"<p>&#8220;Der Prophet Muhammad (s.a.v.) sagte: \u201eEine im Monat Ramadan durchgef\u00fchrte Umra gilt wie eine vollwertige Hadsch,oder sie ersetzt eine Pilgerfahrt, die mit mir durchgef\u00fchrt wurde&#8221; Die Bedeutung des RamadanUnser Prophet (s.a.v.) sagte folgendes:&#8220;Wer sich einer Versammlung des Dhikr anschlie\u00dft, dem gibt Allah f\u00fcr jeden Schritt, den er macht, eine Belohnung f\u00fcr die Ibadah. Am Tag [&hellip;]<\/p>\n","protected":false},"author":12,"featured_media":0,"parent":0,"menu_order":0,"comment_status":"closed","ping_status":"closed","template":"elementor_header_footer","meta":{"_joinchat":[],"footnotes":""},"class_list":["post-12863","page","type-page","status-publish","hentry"],"_links":{"self":[{"href":"https:\/\/hisareurope.com\/de\/wp-json\/wp\/v2\/pages\/12863","targetHints":{"allow":["GET"]}}],"collection":[{"href":"https:\/\/hisareurope.com\/de\/wp-json\/wp\/v2\/pages"}],"about":[{"href":"https:\/\/hisareurope.com\/de\/wp-json\/wp\/v2\/types\/page"}],"author":[{"embeddable":true,"href":"https:\/\/hisareurope.com\/de\/wp-json\/wp\/v2\/users\/12"}],"replies":[{"embeddable":true,"href":"https:\/\/hisareurope.com\/de\/wp-json\/wp\/v2\/comments?post=12863"}],"version-history":[{"count":3,"href":"https:\/\/hisareurope.com\/de\/wp-json\/wp\/v2\/pages\/12863\/revisions"}],"predecessor-version":[{"id":21653,"href":"https:\/\/hisareurope.com\/de\/wp-json\/wp\/v2\/pages\/12863\/revisions\/21653"}],"wp:attachment":[{"href":"https:\/\/hisareurope.com\/de\/wp-json\/wp\/v2\/media?parent=12863"}],"curies":[{"name":"wp","href":"https:\/\/api.w.org\/{rel}","templated":true}]}}